{"id":1037,"date":"2025-12-20T02:21:10","date_gmt":"2025-12-20T02:21:10","guid":{"rendered":"https:\/\/richsourcefloss.com\/?page_id=1037"},"modified":"2025-12-29T02:35:33","modified_gmt":"2025-12-29T02:35:33","slug":"shipping-policy","status":"publish","type":"page","link":"https:\/\/richsourcefloss.com\/es\/shipping-policy\/","title":{"rendered":"Pol\u00edtica de env\u00edos"},"content":{"rendered":"<div data-elementor-type=\"wp-page\" data-elementor-id=\"1037\" class=\"elementor elementor-1037\" data-elementor-post-type=\"page\">\n\t\t\t\t<div class=\"elementor-element elementor-element-474d0d3 e-flex e-con-boxed e-con e-parent\" data-id=\"474d0d3\" data-element_type=\"container\" data-e-type=\"container\">\n\t\t\t\t\t<div class=\"e-con-inner\">\n\t\t\t\t<div class=\"elementor-element elementor-element-af0b8a7 elementor-widget elementor-widget-heading\" data-id=\"af0b8a7\" data-element_type=\"widget\" data-e-type=\"widget\" data-widget_type=\"heading.default\">\n\t\t\t\t\t<h2 class=\"elementor-heading-title elementor-size-default\">Pol\u00edtica de env\u00edos<\/h2>\t\t\t\t<\/div>\n\t\t\t\t<div class=\"elementor-element elementor-element-16c55df elementor-widget elementor-widget-text-editor\" data-id=\"16c55df\" data-element_type=\"widget\" data-e-type=\"widget\" data-widget_type=\"text-editor.default\">\n\t\t\t\t\t\t\t\t\t<p>En\u00a0<strong><b>Shandong Richsource Tecnolog\u00eda Biol\u00f3gica Co., Ltd.<\/b><\/strong>, nos esforzamos por ofrecer productos de alta calidad y un excelente servicio al cliente. Entendemos que a veces un producto puede no cumplir con sus expectativas. En tal caso, ofrecemos una pol\u00edtica de reembolso que le permite devolver el producto dentro de un per\u00edodo de tiempo determinado a partir de la fecha de compra.<\/p><p>Tenga en cuenta que no podemos hacer promesas ni garant\u00edas sobre el resultado de ning\u00fan producto que ofrecemos. Nos esforzamos por ofrecer productos de alta calidad, pero el \u00e9xito de cualquier producto depende de varios factores que est\u00e1n fuera de nuestro control. Por lo tanto, no podemos ofrecer reembolsos basados en el resultado de ning\u00fan producto.<\/p><h5>Nuestra pol\u00edtica de reembolso es la siguiente:<\/h5><p>Si no est\u00e1 satisfecho con el producto, puede ser elegible para una devoluci\u00f3n.<\/p><p>Para iniciar una devoluci\u00f3n, cont\u00e1ctenos en\u00a0<span style=\"color: #339966;\"><a style=\"color: #339966;\" href=\"mailto:dongweibai60@gmail.com\"><strong><b>dongweibai60@gmail.com<\/b><\/strong><\/a><\/span>.<\/p><p>El producto debe estar en su embalaje original y en nuevas condiciones para poder ser devuelto.<\/p><p>Los gastos de env\u00edo y manipulaci\u00f3n no son reembolsables.<\/p><p>Una vez que recibamos el producto, lo evaluaremos y determinaremos si una devoluci\u00f3n es adecuada.<\/p><p>Tenga en cuenta que nos reservamos el derecho de rechazar una devoluci\u00f3n si el producto no cumple con nuestros criterios de pol\u00edtica de devoluci\u00f3n.<\/p><p>Si tiene alguna pregunta o inquietud sobre nuestra pol\u00edtica de reembolso, no dude en contactarnos en\u00a0<a href=\"mailto:dongweibai60@gmail.com\"><span style=\"color: #339966;\"><strong><b>dongweibai60@gmail.com<\/b><\/strong><\/span><\/a><\/p>\t\t\t\t\t\t\t\t<\/div>\n\t\t\t\t\t<\/div>\n\t\t\t\t<\/div>\n\t\t\t\t<\/div>","protected":false},"excerpt":{"rendered":"<p>Shipping Policy At\u00a0Shandong Richsource Biological Technology Co., Ltd., we strive to provide high-quality products and excellent customer service. We understand that sometimes a product may not meet your expectations. In such an event, we offer a refund policy that allows you to return the product within a certain period of time from the date of [&hellip;]<\/p>\n","protected":false},"author":1,"featured_media":0,"parent":0,"menu_order":0,"comment_status":"closed","ping_status":"closed","template":"","meta":{"footnotes":""},"class_list":["post-1037","page","type-page","status-publish","hentry"],"_links":{"self":[{"href":"https:\/\/richsourcefloss.com\/es\/wp-json\/wp\/v2\/pages\/1037","targetHints":{"allow":["GET"]}}],"collection":[{"href":"https:\/\/richsourcefloss.com\/es\/wp-json\/wp\/v2\/pages"}],"about":[{"href":"https:\/\/richsourcefloss.com\/es\/wp-json\/wp\/v2\/types\/page"}],"author":[{"embeddable":true,"href":"https:\/\/richsourcefloss.com\/es\/wp-json\/wp\/v2\/users\/1"}],"replies":[{"embeddable":true,"href":"https:\/\/richsourcefloss.com\/es\/wp-json\/wp\/v2\/comments?post=1037"}],"version-history":[{"count":0,"href":"https:\/\/richsourcefloss.com\/es\/wp-json\/wp\/v2\/pages\/1037\/revisions"}],"wp:attachment":[{"href":"https:\/\/richsourcefloss.com\/es\/wp-json\/wp\/v2\/media?parent=1037"}],"curies":[{"name":"wp","href":"https:\/\/api.w.org\/{rel}","templated":true}]}}