{"id":1042,"date":"2025-12-20T02:22:43","date_gmt":"2025-12-20T02:22:43","guid":{"rendered":"https:\/\/richsourcefloss.com\/?page_id=1042"},"modified":"2025-12-29T02:34:40","modified_gmt":"2025-12-29T02:34:40","slug":"refund-policy","status":"publish","type":"page","link":"https:\/\/richsourcefloss.com\/es\/refund-policy\/","title":{"rendered":"Pol\u00edtica de reembolso"},"content":{"rendered":"<div data-elementor-type=\"wp-page\" data-elementor-id=\"1042\" class=\"elementor elementor-1042\" data-elementor-post-type=\"page\">\n\t\t\t\t<div class=\"elementor-element elementor-element-a3576a8 e-flex e-con-boxed e-con e-parent\" data-id=\"a3576a8\" data-element_type=\"container\" data-e-type=\"container\">\n\t\t\t\t\t<div class=\"e-con-inner\">\n\t\t\t\t<div class=\"elementor-element elementor-element-c97a697 elementor-widget elementor-widget-heading\" data-id=\"c97a697\" data-element_type=\"widget\" data-e-type=\"widget\" data-widget_type=\"heading.default\">\n\t\t\t\t\t<h2 class=\"elementor-heading-title elementor-size-default\">Pol\u00edtica de reembolso<\/h2>\t\t\t\t<\/div>\n\t\t\t\t<div class=\"elementor-element elementor-element-331976b elementor-widget elementor-widget-text-editor\" data-id=\"331976b\" data-element_type=\"widget\" data-e-type=\"widget\" data-widget_type=\"text-editor.default\">\n\t\t\t\t\t\t\t\t\t<p>En\u00a0<strong><b>Shandong Richsource Tecnolog\u00eda Biol\u00f3gica Co., Ltd.<\/b><\/strong><strong><b>\u00a0<\/b><\/strong>nos esforzamos por brindar entrega oportuna y eficiente de nuestros productos a nuestros clientes. Enviamos nuestros productos a clientes tanto a nivel nacional como internacional.<\/p><h5>Env\u00edo nacional:<\/h5><p>Enviamos nuestros productos dentro de China continental a trav\u00e9s de varios transportistas, seg\u00fan el producto y la ubicaci\u00f3n del cliente.<\/p><p>Los gastos de env\u00edo nacionales pueden variar seg\u00fan el peso y tama\u00f1o del producto, as\u00ed como el destino del env\u00edo.<\/p><p>El tiempo de entrega estimado para los env\u00edos nacionales suele ser de 3 a 7 d\u00edas h\u00e1biles, seg\u00fan el transportista y el destino del env\u00edo.<\/p><h5>Env\u00edo internacional:<\/h5><p>Enviamos nuestros productos a clientes internacionales a trav\u00e9s de varios transportistas, seg\u00fan el producto y la ubicaci\u00f3n del cliente.<\/p><p>Los gastos de env\u00edo internacional pueden variar seg\u00fan el peso y tama\u00f1o del producto, as\u00ed como el destino del env\u00edo.<\/p><p>El tiempo estimado de entrega de los env\u00edos internacionales var\u00eda seg\u00fan el transportista y el destino del env\u00edo. Los tiempos de entrega pueden verse afectados por aduanas y otros factores fuera de nuestro control.<\/p><p>Tenga en cuenta que no somos responsables de los derechos, impuestos o tarifas aduaneros que pueda imponer el pa\u00eds de destino. El cliente es responsable de dichas tarifas.<\/p><p>Si tiene alguna pregunta o inquietud sobre el env\u00edo, no dude en contactarnos en\u00a0<strong><a href=\"mailto:dongweibai60@gmail.com\"><span style=\"color: #339966;\">dongweibai60@gmail.com<\/span><\/a><\/strong><\/p>\t\t\t\t\t\t\t\t<\/div>\n\t\t\t\t\t<\/div>\n\t\t\t\t<\/div>\n\t\t\t\t<\/div>","protected":false},"excerpt":{"rendered":"<p>Refund Policy At\u00a0Shandong Richsource Biological Technology Co., Ltd.\u00a0we strive to provide timely and efficient delivery of our products to our customers. We ship our products to customers both domestically and internationally. Domestic Shipping: We ship our products within mainland China via various shipping carriers, depending on the product and the location of the customer. Domestic [&hellip;]<\/p>\n","protected":false},"author":1,"featured_media":0,"parent":0,"menu_order":0,"comment_status":"closed","ping_status":"closed","template":"","meta":{"footnotes":""},"class_list":["post-1042","page","type-page","status-publish","hentry"],"_links":{"self":[{"href":"https:\/\/richsourcefloss.com\/es\/wp-json\/wp\/v2\/pages\/1042","targetHints":{"allow":["GET"]}}],"collection":[{"href":"https:\/\/richsourcefloss.com\/es\/wp-json\/wp\/v2\/pages"}],"about":[{"href":"https:\/\/richsourcefloss.com\/es\/wp-json\/wp\/v2\/types\/page"}],"author":[{"embeddable":true,"href":"https:\/\/richsourcefloss.com\/es\/wp-json\/wp\/v2\/users\/1"}],"replies":[{"embeddable":true,"href":"https:\/\/richsourcefloss.com\/es\/wp-json\/wp\/v2\/comments?post=1042"}],"version-history":[{"count":0,"href":"https:\/\/richsourcefloss.com\/es\/wp-json\/wp\/v2\/pages\/1042\/revisions"}],"wp:attachment":[{"href":"https:\/\/richsourcefloss.com\/es\/wp-json\/wp\/v2\/media?parent=1042"}],"curies":[{"name":"wp","href":"https:\/\/api.w.org\/{rel}","templated":true}]}}