{"id":3,"date":"2025-12-15T01:11:20","date_gmt":"2025-12-15T01:11:20","guid":{"rendered":"https:\/\/richsourcefloss.com\/?page_id=3"},"modified":"2025-12-29T02:25:50","modified_gmt":"2025-12-29T02:25:50","slug":"privacy-policy","status":"publish","type":"page","link":"https:\/\/richsourcefloss.com\/es\/privacy-policy\/","title":{"rendered":"pol\u00edtica de privacidad"},"content":{"rendered":"<div data-elementor-type=\"wp-page\" data-elementor-id=\"3\" class=\"elementor elementor-3\" data-elementor-post-type=\"page\">\n\t\t\t\t<div class=\"elementor-element elementor-element-b349e5f e-flex e-con-boxed e-con e-parent\" data-id=\"b349e5f\" data-element_type=\"container\" data-e-type=\"container\">\n\t\t\t\t\t<div class=\"e-con-inner\">\n\t\t\t\t<div class=\"elementor-element elementor-element-f5b93c5 elementor-widget elementor-widget-heading\" data-id=\"f5b93c5\" data-element_type=\"widget\" data-e-type=\"widget\" data-widget_type=\"heading.default\">\n\t\t\t\t\t<h2 class=\"elementor-heading-title elementor-size-default\">pol\u00edtica de privacidad<\/h2>\t\t\t\t<\/div>\n\t\t\t\t<div class=\"elementor-element elementor-element-773dd99 elementor-widget elementor-widget-text-editor\" data-id=\"773dd99\" data-element_type=\"widget\" data-e-type=\"widget\" data-widget_type=\"text-editor.default\">\n\t\t\t\t\t\t\t\t\t<p><strong><b>Shandong Richsource Tecnolog\u00eda Biol\u00f3gica Co., Ltd.<\/b><\/strong>\u00a0Se compromete a proteger su privacidad y a ganarse su confianza. Shandong Richsource Biological no vende, intercambia ni alquila su informaci\u00f3n personal a terceros. Esta pol\u00edtica describe las pr\u00e1cticas de privacidad del sitio web de Shandong Richsource Biological. Utilizamos la informaci\u00f3n que recopilamos sobre usted en el sitio web de Shandong Richsource Biological para procesar pedidos y mantener una relaci\u00f3n con usted durante el uso de nuestros productos y servicios. Esta pol\u00edtica explica c\u00f3mo se protege su informaci\u00f3n personal. Nuestro objetivo es brindarle el m\u00e1ximo control posible sobre su privacidad e informaci\u00f3n personal, as\u00ed como sobre el uso que hacemos de ella en nuestra empresa.<\/p><h5>\u00bfC\u00d3MO UTILIZA Shandong Richsource Biological Technology Co., Ltd. MI INFORMACI\u00d3N?<\/h5><p>Recopilamos informaci\u00f3n personal para brindar una experiencia de usuario de alta calidad y para que Shandong Richsource Biological comprenda mejor a nuestros clientes. Shandong Richsource Biological no vende, intercambia ni alquila su informaci\u00f3n personal a terceros. La informaci\u00f3n personal que nos proporciona permite a Shandong Richsource Biological procesar y completar su solicitud de prueba gratuita del Centro de Capacitaci\u00f3n de Shandong Richsource Biological. Tambi\u00e9n utilizamos dicha informaci\u00f3n si decide solicitar nuestros productos y servicios para procesar y completar su pedido y notificarle sobre su estado.<br \/>1. Utilizamos la informaci\u00f3n personal que nos proporciona para brindarle informaci\u00f3n actualizada sobre los productos y servicios de Shandong Richsource Biological.<br \/>2. Podemos utilizar la informaci\u00f3n que recopilamos para notificarle ocasionalmente sobre cambios importantes en la funcionalidad del sitio web, nuevos servicios y productos de Shandong Richsource Biological y ofertas especiales que creemos que encontrar\u00e1 valiosas.<br \/>3. Cuando nos proporciona informaci\u00f3n personal para participar en un concurso o promoci\u00f3n patrocinado por Shandong Richsource Biological o sus socios, la utilizamos para administrar el concurso y notificar a los ganadores. Almacenamos toda la informaci\u00f3n relacionada con dichos concursos y promociones.<br \/>4. Enviaremos anuncios o promociones dirigidas a nuestros clientes utilizando la informaci\u00f3n personal que nos proporcione. No permitimos que los anunciantes accedan a la informaci\u00f3n de sus cuentas. Estos anuncios suelen ser banners y correos electr\u00f3nicos promocionales.<br \/>5. Tambi\u00e9n investigamos los datos demogr\u00e1ficos, los intereses y el comportamiento de nuestros usuarios con base en la informaci\u00f3n que nos proporcionan en nuestra herramienta de encuestas en l\u00ednea. Recopilamos y analizamos esta informaci\u00f3n de forma agregada o an\u00f3nima.<br \/>6. Utilizamos las direcciones IP que recopilamos para informar informaci\u00f3n agregada o an\u00f3nima a nuestros anunciantes.\u00a0<\/p><h5>\u00bfQUI\u00c9N RECOGE LA INFORMACI\u00d3N?<\/h5><p>Cuando proporciona informaci\u00f3n personal en un sitio web de Shandong Richsource Biological, la comparte \u00fanicamente con Shandong Richsource Biological, a menos que se le indique espec\u00edficamente lo contrario. Si una empresa distinta a Shandong Richsource Biological recopila o mantiene sus datos personales en nuestro sitio web, se le informar\u00e1 antes de que se recopilen o transfieran. Siempre puede optar por no compartir la informaci\u00f3n. Cuando otras empresas patrocinan promociones, los datos recopilados en el sitio web de Shandong Richsource Biological en relaci\u00f3n con estas promociones podr\u00edan compartirse con el patrocinador. De ser as\u00ed, se le notificar\u00e1 antes de que se recopilen o transfieran los datos, y podr\u00e1 decidir no participar. La mayor\u00eda de estas promociones est\u00e1n limitadas a residentes de Estados Unidos o Norteam\u00e9rica. Si abandona nuestro sitio web utilizando enlaces a sitios web de terceros, estos podr\u00edan recopilar informaci\u00f3n sobre usted. Esta pol\u00edtica de privacidad no cubre las pr\u00e1cticas de dichas empresas.<\/p><h5>\u00bfShandong Richsource Biological COMPARTE MI INFORMACI\u00d3N?<\/h5><p>Salvo lo establecido en esta pol\u00edtica, Shandong Richsource Biological no divulga su informaci\u00f3n personal a terceros sin su permiso. Lea las siguientes secciones para obtener m\u00e1s informaci\u00f3n.<\/p><p>OTRAS SITUACIONES<\/p><p>Shandong Richsource Biological tambi\u00e9n podr\u00e1 divulgar su informaci\u00f3n cuando sea necesaria para identificar, contactar o emprender acciones legales contra alguien que pueda estar perjudicando o interfiriendo con nuestros derechos o derechos de propiedad, los derechos de los usuarios o los derechos de terceros. De igual manera, Shandong Richsource Biological divulgar\u00e1 informaci\u00f3n cuando creamos razonablemente que la divulgaci\u00f3n es requerida por ley o para cumplir con un proceso legal notificado a Shandong Richsource Biological o a su sitio web. Podremos divulgar su informaci\u00f3n personal si creemos de buena fe que debemos actuar en circunstancias apremiantes para proteger la seguridad personal de los usuarios de Shandong Richsource Biological, su sitio web o del p\u00fablico.<\/p><h5>\u00bfC\u00d3MO PROTEGE Handong Richsource Biological SU TARJETA DE CR\u00c9DITO Y SU INFORMACI\u00d3N FINANCIERA?<\/h5><p>Nos comprometemos a proteger la privacidad de la informaci\u00f3n de su tarjeta de cr\u00e9dito y cuenta financiera. No vendemos, intercambiamos ni alquilamos su informaci\u00f3n financiera ni la de su tarjeta de cr\u00e9dito. No compartimos esta informaci\u00f3n con nadie sin su permiso. Podemos proporcionar datos estad\u00edsticos sobre nuestros clientes a anunciantes, socios, proveedores y otros terceros de confianza. Estos datos se componen \u00fanicamente de datos agregados o an\u00f3nimos, que no contienen informaci\u00f3n personal identificable. Por ejemplo, no revelaremos que usted compr\u00f3 un producto espec\u00edfico, pero podr\u00edamos revelar estad\u00edsticas sobre cu\u00e1ntos clientes lo han comprado. Cuando ingresa la informaci\u00f3n de su tarjeta de cr\u00e9dito en nuestro sitio web, la transmitimos en formato cifrado, utilizando el est\u00e1ndar de la industria, el cifrado de capa de conexi\u00f3n segura (SSL).<\/p><h5>SUS DERECHOS EN RELACI\u00d3N CON SUS DATOS PERSONALES<\/h5><h5>Tiene derecho, en virtud de esta Pol\u00edtica de privacidad y cookies, y por ley si se encuentra dentro de la UE, a:<\/h5><p>Solicitar acceso a sus Datos Personales. Si se encuentra dentro de la UE, esto le permitir\u00e1 recibir una copia de los Datos Personales que tenemos sobre usted y comprobar que los estamos tratando legalmente.<br \/>Solicitar la correcci\u00f3n de los Datos Personales que conservamos sobre usted. Esto le permite corregir cualquier informaci\u00f3n incompleta o inexacta que conservemos sobre usted.<br \/>Solicitar la supresi\u00f3n de sus Datos Personales. Esto le permite solicitarnos que eliminemos o borremos sus Datos Personales cuando no exista una raz\u00f3n v\u00e1lida para que sigamos trat\u00e1ndolos. Si reside en la UE, tambi\u00e9n tiene derecho a solicitarnos que eliminemos o borremos sus Datos Personales si ha ejercido su derecho de oposici\u00f3n al tratamiento (v\u00e9ase m\u00e1s adelante).<br \/>Oponerse al tratamiento de sus Datos Personales. Este derecho existe cuando nos basamos en un inter\u00e9s leg\u00edtimo como base legal para nuestro tratamiento y existe alg\u00fan aspecto de su situaci\u00f3n particular que le motiva a oponerse al tratamiento de sus Datos Personales por este motivo. Tambi\u00e9n tiene derecho a oponerse cuando tratamos sus Datos Personales con fines de marketing directo.<br \/>Solicitar la restricci\u00f3n del tratamiento de sus Datos Personales. Esto le permite solicitarnos que suspendamos el tratamiento de sus Datos Personales, por ejemplo, si desea que determinemos su exactitud o el motivo del tratamiento.<br \/>Solicitar la transferencia de sus Datos Personales. Si se encuentra dentro de la UE, le proporcionaremos a usted o a un tercero que usted haya designado sus Datos Personales en un formato estructurado, de uso com\u00fan y legible por m\u00e1quina. Tenga en cuenta que este derecho solo se aplica a la informaci\u00f3n automatizada para la cual usted nos dio su consentimiento inicial o cuando la hayamos utilizado para ejecutar un contrato con usted.<br \/>Retirar el consentimiento. Este derecho solo existe cuando nos basamos en su consentimiento para tratar sus Datos Personales (\u201cRetirada del Consentimiento\u201d). Si retira su consentimiento, es posible que no podamos proporcionarle acceso a ciertas funcionalidades espec\u00edficas de nuestro Sitio. Le informaremos en ese caso al retirar su consentimiento.<\/p><h5>QUEJAS<\/h5><p>Si desea presentar una queja sobre esta Pol\u00edtica de privacidad o nuestras pr\u00e1cticas en relaci\u00f3n con sus Datos personales, cont\u00e1ctenos a:<strong><span style=\"color: #339966;\"><a style=\"color: #339966;\" href=\"mailto:dongweibai60@gmail.com\">dongweibai60@gmail.com<\/a><\/span><\/strong><\/p><p>Responderemos a su queja lo antes posible.<\/p><p>Si considera que su queja no se ha resuelto adecuadamente, tenga en cuenta que si se encuentra en la UE, el RGPD le otorga el derecho de comunicarse con la autoridad de supervisi\u00f3n de protecci\u00f3n de datos local.<\/p><p>Archivos de registro: Su navegador informa autom\u00e1ticamente sobre la informaci\u00f3n de los archivos de registro cada vez que accede a una p\u00e1gina web. Al utilizar los Servicios, nuestros servidores registran autom\u00e1ticamente cierta informaci\u00f3n que su navegador env\u00eda cada vez que visita un sitio web. Estos registros del servidor pueden incluir informaci\u00f3n como su solicitud web, direcci\u00f3n IP, tipo de navegador, p\u00e1ginas y URL de referencia\/salida, n\u00famero de clics, nombres de dominio, p\u00e1ginas de destino, p\u00e1ginas visitadas y otra informaci\u00f3n similar.<\/p><h5>\u00bfCU\u00c1NTO TIEMPO ALMACENAMOS SUS DATOS PERSONALES?<\/h5><p>Conservaremos su informaci\u00f3n mientras su cuenta est\u00e9 activa o sea razonablemente necesaria para los fines establecidos en C\u00f3mo usamos sus datos personales y por qu\u00e9, a menos que solicite que eliminemos sus datos personales como se describe en Sus derechos en relaci\u00f3n con sus datos personales. Solo conservaremos sus datos personales durante el tiempo que razonablemente necesitemos utilizarlos para estos fines, a menos que la ley exija un per\u00edodo de retenci\u00f3n m\u00e1s largo (por ejemplo, para fines regulatorios). Esto puede incluir conservar sus datos personales despu\u00e9s de que haya desactivado su cuenta durante el tiempo necesario para que persigamos intereses comerciales leg\u00edtimos, realicemos auditor\u00edas, cumplamos (y demuestremos) con las obligaciones legales, resolvamos disputas y hagamos cumplir nuestros acuerdos.<\/p><h5>\u00bfQu\u00e9 son las cookies y c\u00f3mo las utiliza Shandong Richsource Biological?<\/h5><p>Algunas partes de nuestro sistema de gesti\u00f3n del aprendizaje utilizan cookies para reconocer inmediatamente a un usuario y asignarle diferentes permisos asociados a las funciones del sistema. Una cookie es un fragmento de datos que se env\u00eda a su navegador desde un servidor web y que este almacena en el disco duro de su ordenador. Debe configurar su navegador para que acepte cookies antes de poder iniciar sesi\u00f3n o personalizarlo. La mayor\u00eda de los navegadores est\u00e1n configurados para aceptar cookies, pero normalmente puede cambiar la configuraci\u00f3n de su navegador para rechazarlas. Shandong Richsource Biological no utiliza cookies para recuperar informaci\u00f3n personal sobre usted de su ordenador. Esta pol\u00edtica no cubre el uso de cookies por parte de ning\u00fan anunciante en nuestro sitio web. Shandong Richsource Biological utiliza cookies para:<\/p><p>Localice su nombre e informaci\u00f3n de cuenta al iniciar sesi\u00f3n en su Centro de Capacitaci\u00f3n Biol\u00f3gica de Shandong Richsource para acceder a la informaci\u00f3n de su cuenta. Al iniciar sesi\u00f3n, se instala la cookie y, al cerrar sesi\u00f3n, se modifica.<\/p><p>Estimar el tama\u00f1o de nuestra audiencia. Cada navegador que visita nuestro sitio recibe una cookie \u00fanica, que se utiliza para determinar el n\u00famero de visitas repetidas y el n\u00famero de visitantes \u00fanicos.<\/p><h5>Su consentimiento<\/h5><p>Al usar nuestro sitio web, usted consiente la recopilaci\u00f3n y el uso de esta informaci\u00f3n por parte de Shandong Richsource Biological. Si decidimos cambiar nuestra pol\u00edtica de privacidad, publicaremos dichos cambios en esta p\u00e1gina para que siempre est\u00e9 al tanto de qu\u00e9 informaci\u00f3n recopilamos, c\u00f3mo la usamos y bajo qu\u00e9 circunstancias la divulgamos.<\/p><h5>Pol\u00edtica de inclusi\u00f3n\/exclusi\u00f3n voluntaria<\/h5><p>Al registrarse o enviar informaci\u00f3n personal, Shandong Richsource Biological le ofrece la opci\u00f3n de recibir m\u00e1s comunicaciones de Shandong Richsource Biological. Si decide recibir estas comunicaciones, Shandong Richsource Biological le enviar\u00e1 ocasionalmente correos electr\u00f3nicos o correo postal sobre productos y servicios que consideremos que puedan ser de su inter\u00e9s. Para no recibir estas ofertas, simplemente siga las instrucciones para cancelar la suscripci\u00f3n que se incluyen en cada correo electr\u00f3nico.<\/p><p>Si prefiere dejar de recibir informaci\u00f3n de Shandong Richsource Biological por correo electr\u00f3nico, puede optar por no recibir estas comunicaciones siguiendo las instrucciones incluidas en cada correo electr\u00f3nico. Si prefiere dejar de recibir informaci\u00f3n de repuestos de veh\u00edculos de Shandong Richsource Biological por correo postal, cont\u00e1ctenos en<a href=\"mailto:dongweibai60@gmail.com\"><strong><b>\u2002<\/b><\/strong><span style=\"color: #339966;\"><strong><b>dongweibai60@gmail.com<\/b><\/strong><\/span><\/a><br \/>\u00a0Shandong Richsource Biological no vende, intercambia ni alquila su informaci\u00f3n personal a terceros.<\/p><p><strong><b>C\u00f3mo contactar con el sitio web<\/b><\/strong><\/p><p>Si tiene alguna pregunta sobre esta pol\u00edtica de privacidad, las pr\u00e1cticas de este sitio o sus relaciones con este sitio web, comun\u00edquese con:<span style=\"color: #339966;\"><a style=\"color: #339966;\" href=\"mailto:dongweibai60@gmail.com\"><strong><b>dongweibai60@gmail.com<\/b><\/strong><\/a><\/span><\/p>\t\t\t\t\t\t\t\t<\/div>\n\t\t\t\t\t<\/div>\n\t\t\t\t<\/div>\n\t\t\t\t<\/div>","protected":false},"excerpt":{"rendered":"<p>Privacy Policy Shandong Richsource Biological Technology Co., Ltd.\u00a0is committed to protecting your privacy and earning your trust. \u201cShandong Richsource Biological\u00a0does not sell, trade, or rent your personal information to others. This policy discloses the privacy practices for the \u201cShandong Richsource Biological\u00a0Web site. We use the information we collect about you from the \u201cShandong Richsource Biological\u00a0Web [&hellip;]<\/p>\n","protected":false},"author":1,"featured_media":0,"parent":0,"menu_order":0,"comment_status":"closed","ping_status":"open","template":"","meta":{"footnotes":""},"class_list":["post-3","page","type-page","status-publish","hentry"],"_links":{"self":[{"href":"https:\/\/richsourcefloss.com\/es\/wp-json\/wp\/v2\/pages\/3","targetHints":{"allow":["GET"]}}],"collection":[{"href":"https:\/\/richsourcefloss.com\/es\/wp-json\/wp\/v2\/pages"}],"about":[{"href":"https:\/\/richsourcefloss.com\/es\/wp-json\/wp\/v2\/types\/page"}],"author":[{"embeddable":true,"href":"https:\/\/richsourcefloss.com\/es\/wp-json\/wp\/v2\/users\/1"}],"replies":[{"embeddable":true,"href":"https:\/\/richsourcefloss.com\/es\/wp-json\/wp\/v2\/comments?post=3"}],"version-history":[{"count":0,"href":"https:\/\/richsourcefloss.com\/es\/wp-json\/wp\/v2\/pages\/3\/revisions"}],"wp:attachment":[{"href":"https:\/\/richsourcefloss.com\/es\/wp-json\/wp\/v2\/media?parent=3"}],"curies":[{"name":"wp","href":"https:\/\/api.w.org\/{rel}","templated":true}]}}