{"id":682,"date":"2025-12-18T01:29:17","date_gmt":"2025-12-18T01:29:17","guid":{"rendered":"https:\/\/richsourcefloss.com\/?post_type=product&#038;p=682"},"modified":"2025-12-26T09:27:50","modified_gmt":"2025-12-26T09:27:50","slug":"dental-floss-pick","status":"publish","type":"product","link":"https:\/\/richsourcefloss.com\/es\/product\/dental-floss-pick\/","title":{"rendered":"Palillo de hilo dental"},"content":{"rendered":"<h2 data-start=\"167\" data-end=\"200\">\u00bfqu\u00e9 es un <a href=\"https:\/\/richsourcefloss.com\/es\/producto\/dental-floss-pick\/\">Palillo de hilo dental<\/a>?<\/h2>\n<p>&nbsp;<\/p>\n<p><img fetchpriority=\"high\" decoding=\"async\" class=\"size-medium wp-image-1206\" src=\"https:\/\/richsourcefloss.com\/wp-content\/uploads\/2025\/12\/screenshot_2025-12-26_17-25-47-300x272.png\" alt=\"palillo de hilo dental\" width=\"300\" height=\"272\" srcset=\"https:\/\/richsourcefloss.com\/wp-content\/uploads\/2025\/12\/screenshot_2025-12-26_17-25-47-300x272.png 300w, https:\/\/richsourcefloss.com\/wp-content\/uploads\/2025\/12\/screenshot_2025-12-26_17-25-47-13x12.png 13w, https:\/\/richsourcefloss.com\/wp-content\/uploads\/2025\/12\/screenshot_2025-12-26_17-25-47.png 538w\" sizes=\"(max-width: 300px) 100vw, 300px\" \/><\/p>\n<p data-start=\"201\" data-end=\"588\">Un recogedor de hilo dental es una herramienta conveniente de higiene bucal que sostiene el hilo dental en un mango, dise\u00f1ado para limpiar los espacios entre los dientes y a lo largo de la l\u00ednea de las enc\u00edas. Su dise\u00f1o integrado facilita su uso en casa o mientras viaja, complementando el cepillado regular al eliminar la placa y los restos de comida. El uso regular favorece la salud bucal en general y ayuda a prevenir caries, inflamaci\u00f3n de las enc\u00edas y mal aliento.<\/p>\n<h2 data-start=\"595\" data-end=\"637\">Beneficios de usar una selecci\u00f3n de hilo dental<\/h2>\n<p data-start=\"638\" data-end=\"724\">El uso de esta herramienta proporciona varias ventajas para el cuidado bucal personal y profesional:<\/p>\n<ul data-start=\"726\" data-end=\"1076\">\n<li data-start=\"726\" data-end=\"802\">\n<p data-start=\"728\" data-end=\"802\"><strong data-start=\"728\" data-end=\"754\">Mejora la higiene bucal:<\/strong> Llega a \u00e1reas que los cepillos de dientes por s\u00ed solos no pueden.<\/p>\n<\/li>\n<li data-start=\"803\" data-end=\"874\">\n<p data-start=\"805\" data-end=\"874\"><strong data-start=\"805\" data-end=\"832\">Reduce la acumulaci\u00f3n de placa:<\/strong> Ayuda a prevenir caries y enfermedades de las enc\u00edas.<\/p>\n<\/li>\n<li data-start=\"875\" data-end=\"953\">\n<p data-start=\"877\" data-end=\"953\"><strong data-start=\"877\" data-end=\"904\">Dise\u00f1o apto para viajes:<\/strong> Compacto y conveniente para uso diario en cualquier lugar.<\/p>\n<\/li>\n<li data-start=\"954\" data-end=\"1076\">\n<p data-start=\"956\" data-end=\"1076\"><strong data-start=\"956\" data-end=\"973\">Amigable con B2B:<\/strong> El suministro a granel y las opciones de marca privada lo hacen ideal para cl\u00ednicas dentales, distribuidores y minoristas.<\/p>\n<\/li>\n<\/ul>\n<p data-start=\"1078\" data-end=\"1104\"><strong data-start=\"1078\" data-end=\"1102\">Tabla de ventajas de B2B<\/strong><\/p>\n<div class=\"TyagGW_tableContainer\">\n<div class=\"group TyagGW_tableWrapper flex w-fit flex-col-reverse\" tabindex=\"-1\">\n<table class=\"w-fit min-w-(--thread-content-width)\" data-start=\"1106\" data-end=\"1488\">\n<thead data-start=\"1106\" data-end=\"1144\">\n<tr data-start=\"1106\" data-end=\"1144\">\n<th data-start=\"1106\" data-end=\"1116\" data-col-size=\"sm\">Caracter\u00edstica<\/th>\n<th data-start=\"1116\" data-end=\"1144\" data-col-size=\"md\">Beneficio para empresas<\/th>\n<\/tr>\n<\/thead>\n<tbody data-start=\"1182\" data-end=\"1488\">\n<tr data-start=\"1182\" data-end=\"1253\">\n<td data-start=\"1182\" data-end=\"1196\" data-col-size=\"sm\">Suministro a granel<\/td>\n<td data-start=\"1196\" data-end=\"1253\" data-col-size=\"md\">Admite grandes pedidos de distribuidores y cl\u00ednicas<\/td>\n<\/tr>\n<tr data-start=\"1254\" data-end=\"1325\">\n<td data-start=\"1254\" data-end=\"1278\" data-col-size=\"sm\">Personalizaci\u00f3n OEM\/ODM<\/td>\n<td data-start=\"1278\" data-end=\"1325\" data-col-size=\"md\">Permite el etiquetado privado de marcas dentales<\/td>\n<\/tr>\n<tr data-start=\"1326\" data-end=\"1412\">\n<td data-start=\"1326\" data-end=\"1344\" data-col-size=\"sm\">Opciones variadas<\/td>\n<td data-col-size=\"md\" data-start=\"1344\" data-end=\"1412\">Selecciones de bamb\u00fa, carb\u00f3n, para ni\u00f1os, adultos y ortodoncia disponibles<\/td>\n<\/tr>\n<tr data-start=\"1413\" data-end=\"1488\">\n<td data-start=\"1413\" data-end=\"1438\" data-col-size=\"sm\">Materiales ecol\u00f3gicos<\/td>\n<td data-col-size=\"md\" data-start=\"1438\" data-end=\"1488\">Llamamientos a clientes conscientes del medio ambiente<\/td>\n<\/tr>\n<\/tbody>\n<\/table>\n<\/div>\n<\/div>\n<h2 data-start=\"1495\" data-end=\"1533\">Caracter\u00edsticas de nuestra selecci\u00f3n de hilo dental<\/h2>\n<p><img decoding=\"async\" class=\"size-medium wp-image-1207\" src=\"https:\/\/richsourcefloss.com\/wp-content\/uploads\/2025\/12\/screenshot_2025-12-26_17-24-17-266x300.png\" alt=\"palillo de hilo dental\" width=\"266\" height=\"300\" srcset=\"https:\/\/richsourcefloss.com\/wp-content\/uploads\/2025\/12\/screenshot_2025-12-26_17-24-17-266x300.png 266w, https:\/\/richsourcefloss.com\/wp-content\/uploads\/2025\/12\/screenshot_2025-12-26_17-24-17-11x12.png 11w, https:\/\/richsourcefloss.com\/wp-content\/uploads\/2025\/12\/screenshot_2025-12-26_17-24-17.png 473w\" sizes=\"(max-width: 266px) 100vw, 266px\" \/><\/p>\n<p data-start=\"1534\" data-end=\"1603\">Dise\u00f1ado para efectividad, conveniencia y aplicaciones comerciales:<\/p>\n<ul data-start=\"1605\" data-end=\"1998\">\n<li data-start=\"1605\" data-end=\"1684\">\n<p data-start=\"1607\" data-end=\"1684\"><strong data-start=\"1607\" data-end=\"1642\">Opciones de bamb\u00fa y biodegradables:<\/strong> Materiales ecol\u00f3gicos y sostenibles.<\/p>\n<\/li>\n<li data-start=\"1685\" data-end=\"1751\">\n<p data-start=\"1687\" data-end=\"1751\"><strong data-start=\"1687\" data-end=\"1704\">Hilo suave:<\/strong> F\u00e1cil de deslizar entre dientes sin deshilacharse.<\/p>\n<\/li>\n<li data-start=\"1752\" data-end=\"1839\">\n<p data-start=\"1754\" data-end=\"1839\"><strong data-start=\"1754\" data-end=\"1786\">Versiones de ortodoncia y para ni\u00f1os:<\/strong> Adecuado para aparatos ortop\u00e9dicos, implantes y bocas m\u00e1s peque\u00f1as.<\/p>\n<\/li>\n<li data-start=\"1840\" data-end=\"1909\">\n<p data-start=\"1842\" data-end=\"1909\"><strong data-start=\"1842\" data-end=\"1861\">Design compact:<\/strong> Apto para viajar y c\u00f3modo para el uso diario.<\/p>\n<\/li>\n<li data-start=\"1910\" data-end=\"1998\">\n<p data-start=\"1912\" data-end=\"1998\"><strong data-start=\"1912\" data-end=\"1926\">B2B Gata:<\/strong> Se admiten compras al por mayor, personalizaci\u00f3n OEM\/ODM y etiquetado privado.<\/p>\n<\/li>\n<\/ul>\n<p data-start=\"2000\" data-end=\"2024\"><strong data-start=\"2000\" data-end=\"2022\">Lista r\u00e1pida de funciones<\/strong><\/p>\n<ul data-start=\"2026\" data-end=\"2227\">\n<li data-start=\"2026\" data-end=\"2070\">\n<p data-start=\"2028\" data-end=\"2070\">Opciones ecol\u00f3gicas de bamb\u00fa y carb\u00f3n<\/p>\n<\/li>\n<li data-start=\"2071\" data-end=\"2111\">\n<p data-start=\"2073\" data-end=\"2111\">Hilo suave encerado para una f\u00e1cil limpieza<\/p>\n<\/li>\n<li data-start=\"2112\" data-end=\"2160\">\n<p data-start=\"2114\" data-end=\"2160\">Disponible para adultos, ni\u00f1os y ortodoncia<\/p>\n<\/li>\n<li data-start=\"2161\" data-end=\"2192\">\n<p data-start=\"2163\" data-end=\"2192\">Dise\u00f1o compacto y port\u00e1til<\/p>\n<\/li>\n<li data-start=\"2193\" data-end=\"2227\">\n<p data-start=\"2195\" data-end=\"2227\">Opciones de marca masiva y privada<\/p>\n<\/li>\n<\/ul>\n<h2 data-start=\"2234\" data-end=\"2249\">C\u00f3mo utilizar<\/h2>\n<p data-start=\"2250\" data-end=\"2297\">Usar el recogedor de hilo dental es simple y efectivo:<\/p>\n<ol data-start=\"2299\" data-end=\"2547\">\n<li data-start=\"2299\" data-end=\"2355\">\n<p data-start=\"2302\" data-end=\"2355\">Sostenga el mango e inserte el hilo dental entre los dientes.<\/p>\n<\/li>\n<li data-start=\"2356\" data-end=\"2427\">\n<p data-start=\"2359\" data-end=\"2427\">Desl\u00edcese suavemente a lo largo de los lados de cada diente y debajo de la l\u00ednea de las enc\u00edas.<\/p>\n<\/li>\n<li data-start=\"2428\" data-end=\"2467\">\n<p data-start=\"2431\" data-end=\"2467\">Repita para cada espacio interdental.<\/p>\n<\/li>\n<li data-start=\"2468\" data-end=\"2547\">\n<p data-start=\"2471\" data-end=\"2547\">Deseche la p\u00faa despu\u00e9s de su uso o siga las instrucciones de limpieza si es reutilizable.<\/p>\n<\/li>\n<\/ol>\n<p data-start=\"2549\" data-end=\"2628\">El uso regular ayuda a mantener dientes m\u00e1s limpios, enc\u00edas m\u00e1s saludables y un aliento m\u00e1s fresco.<\/p>\n<h2 data-start=\"2635\" data-end=\"2672\">\u00bfpor qu\u00e9 elegir nuestra selecci\u00f3n de hilo dental<\/h2>\n<p><img decoding=\"async\" class=\"size-medium wp-image-1204\" src=\"https:\/\/richsourcefloss.com\/wp-content\/uploads\/2025\/12\/screenshot_2025-12-26_17-25-55-281x300.png\" alt=\"palillo de hilo dental\" width=\"281\" height=\"300\" srcset=\"https:\/\/richsourcefloss.com\/wp-content\/uploads\/2025\/12\/screenshot_2025-12-26_17-25-55-281x300.png 281w, https:\/\/richsourcefloss.com\/wp-content\/uploads\/2025\/12\/screenshot_2025-12-26_17-25-55-11x12.png 11w, https:\/\/richsourcefloss.com\/wp-content\/uploads\/2025\/12\/screenshot_2025-12-26_17-25-55.png 521w\" sizes=\"(max-width: 281px) 100vw, 281px\" \/><\/p>\n<p data-start=\"2673\" data-end=\"2750\">Esta herramienta combina practicidad, sostenibilidad y caracter\u00edsticas compatibles con B2B:<\/p>\n<ul data-start=\"2752\" data-end=\"3069\">\n<li data-start=\"2752\" data-end=\"2810\">\n<p data-start=\"2754\" data-end=\"2810\"><strong data-start=\"2754\" data-end=\"2771\">Alta calidad:<\/strong> Durable y suave para el uso diario.<\/p>\n<\/li>\n<li data-start=\"2811\" data-end=\"2890\">\n<p data-start=\"2813\" data-end=\"2890\"><strong data-start=\"2813\" data-end=\"2839\">Materiali sustentables:<\/strong> Opciones de bamb\u00fa, biodegradables y sin pl\u00e1stico.<\/p>\n<\/li>\n<li data-start=\"2891\" data-end=\"2995\">\n<p data-start=\"2893\" data-end=\"2995\"><strong data-start=\"2893\" data-end=\"2920\">Solu\u021bii profesionale:<\/strong> Suministro a granel, personalizaci\u00f3n OEM\/ODM y opciones de marca privada disponibles.<\/p>\n<\/li>\n<li data-start=\"2996\" data-end=\"3069\">\n<p data-start=\"2998\" data-end=\"3069\"><strong data-start=\"2998\" data-end=\"3018\">Usura vers\u00e1til:<\/strong> Adecuado para adultos, ni\u00f1os y atenci\u00f3n de ortodoncia.<\/p>\n<\/li>\n<\/ul>\n<p data-start=\"3071\" data-end=\"3219\">Es una soluci\u00f3n confiable para el cuidado bucal personal y un producto valioso para empresas que buscan productos de higiene dental ecol\u00f3gicos y de alta calidad.<\/p>\n<h2 data-start=\"3226\" data-end=\"3234\">Preguntas frecuentes<\/h2>\n<p data-start=\"3236\" data-end=\"3390\"><strong data-start=\"3236\" data-end=\"3275\">P: \u00bfQui\u00e9n puede utilizar un captador de hilo dental?<\/strong><br data-start=\"3275\" data-end=\"3278\" \/>R: Adecuado para adultos, ni\u00f1os, aparatos ortop\u00e9dicos e implantes dentales; cualquiera que quiera una limpieza interdental exhaustiva.<\/p>\n<p data-start=\"3392\" data-end=\"3489\"><strong data-start=\"3392\" data-end=\"3427\">P: \u00bfCon qu\u00e9 frecuencia se debe utilizar?<\/strong><br data-start=\"3427\" data-end=\"3430\" \/>R: Para una salud bucal \u00f3ptima, util\u00edcelo diariamente junto con el cepillado.<\/p>\n<p data-start=\"3491\" data-end=\"3604\"><strong data-start=\"3491\" data-end=\"3526\">P: \u00bfEs seguro para el uso diario?<\/strong><br data-start=\"3526\" data-end=\"3529\" \/>R: S\u00ed, dise\u00f1ado para ser suave pero eficaz, seguro para la higiene bucal diaria.<\/p>\n<p data-start=\"3606\" data-end=\"3736\"><strong data-start=\"3606\" data-end=\"3645\">P: \u00bfPueden las empresas comprar al por mayor?<\/strong><br data-start=\"3645\" data-end=\"3648\" \/>R: Absolutamente. Se encuentran disponibles suministro a granel, personalizaci\u00f3n OEM\/ODM y etiquetado privado.<\/p>\n<p data-start=\"3738\" data-end=\"3854\"><strong data-start=\"3738\" data-end=\"3780\">P: \u00bfHay opciones ecol\u00f3gicas disponibles?<\/strong><br data-start=\"3780\" data-end=\"3783\" \/>R: S\u00ed, ofrecemos picos de hilo dental de bamb\u00fa, biodegradables y sin pl\u00e1stico.<\/p>\n<h2 data-start=\"3861\" data-end=\"3892\">Cont\u00e1ctenos para pedidos al por mayor<\/h2>\n<p data-start=\"3893\" data-end=\"4098\">\u00bfbusca obtener selecciones de hilo dental de alta calidad para su negocio? Ya sea distribuidor, cl\u00ednica dental o minorista, ofrecemos suministro a granel, personalizaci\u00f3n OEM\/ODM y soluciones de marca privada.<\/p>\n<p data-start=\"4100\" data-end=\"4211\">\u00a1ofrezca a sus clientes productos de cuidado bucal profesionales y sostenibles y mejore su l\u00ednea de productos dentales hoy!<\/p>","protected":false},"excerpt":{"rendered":"<p>Un palillo de hilo dental es una herramienta de higiene bucal que sostiene el hilo dental en un mango y se utiliza principalmente para limpiar los espacios interdentales y las enc\u00edas. Su dise\u00f1o integrado lo hace f\u00e1cil de usar y pr\u00e1ctico para el d\u00eda a d\u00eda y para viajes. Es un complemento eficaz del cepillado, ayudando a reducir la acumulaci\u00f3n de placa y a mantener la salud bucal.<\/p>\n<p><strong><span style=\"color: #00985f;\">\u221a<\/span><\/strong> Palillo de hilo de bamb\u00fa<br \/>\n<strong><span style=\"color: #00985f;\">\u221a<\/span><\/strong> Palillo de hilo dental de carb\u00f3n de bamb\u00fa<br \/>\n<strong><span style=\"color: #00985f;\">\u221a<\/span><\/strong> Palillo de hilo dental para ni\u00f1os<br \/>\n<strong><span style=\"color: #00985f;\">\u221a<\/span><\/strong> Palillo de hilo dental biodegradable<br \/>\n<strong><span style=\"color: #00985f;\">\u221a<\/span><\/strong> Palillo de hilo dental ecol\u00f3gico<br \/>\n<strong><span style=\"color: #00985f;\">\u221a<\/span><\/strong> Palillo de hilo dental sin pl\u00e1stico<br \/>\n<strong><span style=\"color: #00985f;\">\u221a<\/span><\/strong> Palillo de hilo dental para adultos<br \/>\n<strong><span style=\"color: #00985f;\">\u221a<\/span><\/strong> Palillo de hilo dental para ortodoncia<\/p>","protected":false},"featured_media":683,"comment_status":"open","ping_status":"closed","template":"","meta":[],"product_brand":[],"product_cat":[16],"product_tag":[],"class_list":{"0":"post-682","1":"product","2":"type-product","3":"status-publish","4":"has-post-thumbnail","6":"product_cat-uncategorized","8":"first","9":"instock","10":"shipping-taxable","11":"product-type-simple"},"_links":{"self":[{"href":"https:\/\/richsourcefloss.com\/es\/wp-json\/wp\/v2\/product\/682","targetHints":{"allow":["GET"]}}],"collection":[{"href":"https:\/\/richsourcefloss.com\/es\/wp-json\/wp\/v2\/product"}],"about":[{"href":"https:\/\/richsourcefloss.com\/es\/wp-json\/wp\/v2\/types\/product"}],"replies":[{"embeddable":true,"href":"https:\/\/richsourcefloss.com\/es\/wp-json\/wp\/v2\/comments?post=682"}],"wp:featuredmedia":[{"embeddable":true,"href":"https:\/\/richsourcefloss.com\/es\/wp-json\/wp\/v2\/media\/683"}],"wp:attachment":[{"href":"https:\/\/richsourcefloss.com\/es\/wp-json\/wp\/v2\/media?parent=682"}],"wp:term":[{"taxonomy":"product_brand","embeddable":true,"href":"https:\/\/richsourcefloss.com\/es\/wp-json\/wp\/v2\/product_brand?post=682"},{"taxonomy":"product_cat","embeddable":true,"href":"https:\/\/richsourcefloss.com\/es\/wp-json\/wp\/v2\/product_cat?post=682"},{"taxonomy":"product_tag","embeddable":true,"href":"https:\/\/richsourcefloss.com\/es\/wp-json\/wp\/v2\/product_tag?post=682"}],"curies":[{"name":"wp","href":"https:\/\/api.w.org\/{rel}","templated":true}]}}