{"id":684,"date":"2025-12-18T02:02:16","date_gmt":"2025-12-18T02:02:16","guid":{"rendered":"https:\/\/richsourcefloss.com\/?post_type=product&#038;p=684"},"modified":"2026-01-07T06:16:30","modified_gmt":"2026-01-07T06:16:30","slug":"interdental-brush","status":"publish","type":"product","link":"https:\/\/richsourcefloss.com\/es\/product\/interdental-brush\/","title":{"rendered":"Cepillo interdental"},"content":{"rendered":"<h2 data-start=\"158\" data-end=\"192\">\u00bfqu\u00e9 es un <a href=\"https:\/\/richsourcefloss.com\/es\/producto\/interdental-brush\/\">Cepillo interdental<\/a>?<\/h2>\n<p><img fetchpriority=\"high\" decoding=\"async\" class=\"size-medium wp-image-1200 aligncenter\" src=\"https:\/\/richsourcefloss.com\/wp-content\/uploads\/2025\/12\/screenshot_2025-12-26_16-57-20-300x298.png\" alt=\"Cepillo interdental\" width=\"300\" height=\"298\" srcset=\"https:\/\/richsourcefloss.com\/wp-content\/uploads\/2025\/12\/screenshot_2025-12-26_16-57-20-300x298.png 300w, https:\/\/richsourcefloss.com\/wp-content\/uploads\/2025\/12\/screenshot_2025-12-26_16-57-20-150x150.png 150w, https:\/\/richsourcefloss.com\/wp-content\/uploads\/2025\/12\/screenshot_2025-12-26_16-57-20-12x12.png 12w, https:\/\/richsourcefloss.com\/wp-content\/uploads\/2025\/12\/screenshot_2025-12-26_16-57-20-100x100.png 100w, https:\/\/richsourcefloss.com\/wp-content\/uploads\/2025\/12\/screenshot_2025-12-26_16-57-20.png 504w\" sizes=\"(max-width: 300px) 100vw, 300px\" \/><\/p>\n<p data-start=\"193\" data-end=\"684\">Un cepillo interdental es una herramienta especializada en higiene bucal dise\u00f1ada para limpiar los espacios entre los dientes y a lo largo de la l\u00ednea de las enc\u00edas. Es especialmente \u00fatil para personas con espacios m\u00e1s amplios, aparatos de ortodoncia o implantes dentales. Al llegar a \u00e1reas que los cepillos de dientes y el hilo dental normal no pueden, esta herramienta ayuda a eliminar la placa y los restos de comida, reduciendo el riesgo de gingivitis, periodontitis y mal aliento. Incorporarlo a las rutinas diarias de cuidado bucal proporciona una experiencia de limpieza m\u00e1s profunda.<\/p>\n<h2 data-start=\"691\" data-end=\"734\">Beneficios de utilizar un cepillo interdental<\/h2>\n<p data-start=\"735\" data-end=\"827\">Esta herramienta de higiene bucal ofrece m\u00faltiples beneficios para el cuidado dental personal y profesional:<\/p>\n<ul data-start=\"829\" data-end=\"1181\">\n<li data-start=\"829\" data-end=\"914\">\n<p data-start=\"831\" data-end=\"914\"><strong data-start=\"831\" data-end=\"855\">Mejora la salud de las enc\u00edas:<\/strong> Limpia eficazmente entre los dientes y a lo largo de la l\u00ednea de las enc\u00edas.<\/p>\n<\/li>\n<li data-start=\"915\" data-end=\"1002\">\n<p data-start=\"917\" data-end=\"1002\"><strong data-start=\"917\" data-end=\"944\">Previene problemas dentales:<\/strong> Ayuda a reducir la acumulaci\u00f3n de placa y evitar la inflamaci\u00f3n de las enc\u00edas.<\/p>\n<\/li>\n<li data-start=\"1003\" data-end=\"1078\">\n<p data-start=\"1005\" data-end=\"1078\"><strong data-start=\"1005\" data-end=\"1035\">Apoya el cuidado de la ortodoncia:<\/strong> Adecuado para aparatos ortop\u00e9dicos e implantes dentales.<\/p>\n<\/li>\n<li data-start=\"1079\" data-end=\"1181\">\n<p data-start=\"1081\" data-end=\"1181\"><strong data-start=\"1081\" data-end=\"1098\">Amigable con B2B:<\/strong> Opci\u00f3n de suministro a granel y marca privada ideal para cl\u00ednicas y distribuidores dentales.<\/p>\n<\/li>\n<\/ul>\n<p data-start=\"1183\" data-end=\"1209\"><strong data-start=\"1183\" data-end=\"1207\">Tabla de ventajas de B2B<\/strong><\/p>\n<div class=\"TyagGW_tableContainer\">\n<div class=\"group TyagGW_tableWrapper flex w-fit flex-col-reverse\" tabindex=\"-1\">\n<table class=\"w-fit min-w-(--thread-content-width)\" data-start=\"1211\" data-end=\"1584\">\n<thead data-start=\"1211\" data-end=\"1249\">\n<tr data-start=\"1211\" data-end=\"1249\">\n<th data-start=\"1211\" data-end=\"1221\" data-col-size=\"sm\">Caracter\u00edstica<\/th>\n<th data-start=\"1221\" data-end=\"1249\" data-col-size=\"md\">Beneficio para empresas<\/th>\n<\/tr>\n<\/thead>\n<tbody data-start=\"1287\" data-end=\"1584\">\n<tr data-start=\"1287\" data-end=\"1354\">\n<td data-start=\"1287\" data-end=\"1301\" data-col-size=\"sm\">Suministro a granel<\/td>\n<td data-col-size=\"md\" data-start=\"1301\" data-end=\"1354\">Admite grandes pedidos para cl\u00ednicas y minoristas<\/td>\n<\/tr>\n<tr data-start=\"1355\" data-end=\"1426\">\n<td data-start=\"1355\" data-end=\"1379\" data-col-size=\"sm\">Personalizaci\u00f3n OEM\/ODM<\/td>\n<td data-col-size=\"md\" data-start=\"1379\" data-end=\"1426\">Permite el etiquetado privado de marcas dentales<\/td>\n<\/tr>\n<tr data-start=\"1427\" data-end=\"1508\">\n<td data-start=\"1427\" data-end=\"1447\" data-col-size=\"sm\">Opciones vers\u00e1tiles<\/td>\n<td data-col-size=\"md\" data-start=\"1447\" data-end=\"1508\">Cepillos en \u00e1ngulo, flexibles y espec\u00edficos para tirantes disponibles<\/td>\n<\/tr>\n<tr data-start=\"1509\" data-end=\"1584\">\n<td data-start=\"1509\" data-end=\"1534\" data-col-size=\"sm\">Materiales ecol\u00f3gicos<\/td>\n<td data-col-size=\"md\" data-start=\"1534\" data-end=\"1584\">Llamamientos a clientes conscientes del medio ambiente<\/td>\n<\/tr>\n<\/tbody>\n<\/table>\n<\/div>\n<\/div>\n<h2 data-start=\"1591\" data-end=\"1629\">Caracter\u00edsticas de nuestro cepillo interdental<\/h2>\n<p data-start=\"1630\" data-end=\"1701\">Dise\u00f1ado tanto para una limpieza eficaz como para soluciones favorables a los negocios:<\/p>\n<ul data-start=\"1703\" data-end=\"2093\">\n<li data-start=\"1703\" data-end=\"1772\">\n<p data-start=\"1705\" data-end=\"1772\"><strong data-start=\"1705\" data-end=\"1734\">Dise\u00f1o en \u00e1ngulo y flexible:<\/strong> Llega f\u00e1cilmente a zonas dif\u00edciles de limpiar.<\/p>\n<\/li>\n<li data-start=\"1773\" data-end=\"1843\">\n<p data-start=\"1775\" data-end=\"1843\"><strong data-start=\"1775\" data-end=\"1796\">Agarre c\u00f3modo:<\/strong> Mango ergon\u00f3mico para un uso seguro y eficaz.<\/p>\n<\/li>\n<li data-start=\"1844\" data-end=\"1936\">\n<p data-start=\"1846\" data-end=\"1936\"><strong data-start=\"1846\" data-end=\"1877\">Apto para tirantes e implantes:<\/strong> Adecuado para aparatos de ortodoncia e implantes dentales.<\/p>\n<\/li>\n<li data-start=\"1937\" data-end=\"2007\">\n<p data-start=\"1939\" data-end=\"2007\"><strong data-start=\"1939\" data-end=\"1958\">Uso diario seguro:<\/strong> Suave pero minucioso para la higiene bucal diaria.<\/p>\n<\/li>\n<li data-start=\"2008\" data-end=\"2093\">\n<p data-start=\"2010\" data-end=\"2093\"><strong data-start=\"2010\" data-end=\"2024\">B2B Gata:<\/strong> Admite pedidos al por mayor, personalizaci\u00f3n OEM\/ODM y etiquetado privado.<\/p>\n<\/li>\n<\/ul>\n<p data-start=\"2095\" data-end=\"2119\"><strong data-start=\"2095\" data-end=\"2117\">Lista r\u00e1pida de funciones<\/strong><\/p>\n<ul data-start=\"2121\" data-end=\"2319\">\n<li data-start=\"2121\" data-end=\"2158\">\n<p data-start=\"2123\" data-end=\"2158\">Opciones de pinceles angulares y flexibles<\/p>\n<\/li>\n<li data-start=\"2159\" data-end=\"2191\">\n<p data-start=\"2161\" data-end=\"2191\">Mango ergon\u00f3mico c\u00f3modo<\/p>\n<\/li>\n<li data-start=\"2192\" data-end=\"2235\">\n<p data-start=\"2194\" data-end=\"2235\">Adecuado para aparatos ortop\u00e9dicos e implantes dentales<\/p>\n<\/li>\n<li data-start=\"2236\" data-end=\"2274\">\n<p data-start=\"2238\" data-end=\"2274\">Suave y eficaz para el uso diario<\/p>\n<\/li>\n<li data-start=\"2275\" data-end=\"2319\">\n<p data-start=\"2277\" data-end=\"2319\">Opciones de marca masiva y privada disponibles<\/p>\n<\/li>\n<\/ul>\n<h2 data-start=\"2326\" data-end=\"2341\">C\u00f3mo utilizar<\/h2>\n<p><img decoding=\"async\" class=\"size-medium wp-image-1201\" src=\"https:\/\/richsourcefloss.com\/wp-content\/uploads\/2025\/12\/screenshot_2025-12-26_16-57-48-270x300.png\" alt=\"Cepillo interdental\" width=\"270\" height=\"300\" srcset=\"https:\/\/richsourcefloss.com\/wp-content\/uploads\/2025\/12\/screenshot_2025-12-26_16-57-48-270x300.png 270w, https:\/\/richsourcefloss.com\/wp-content\/uploads\/2025\/12\/screenshot_2025-12-26_16-57-48-11x12.png 11w, https:\/\/richsourcefloss.com\/wp-content\/uploads\/2025\/12\/screenshot_2025-12-26_16-57-48.png 485w\" sizes=\"(max-width: 270px) 100vw, 270px\" \/><\/p>\n<ul data-start=\"2372\" data-end=\"2591\">\n<li data-start=\"2372\" data-end=\"2429\">\n<p data-start=\"2374\" data-end=\"2429\">Seleccione el tama\u00f1o de cepillo adecuado para la separaci\u00f3n de los dientes.<\/p>\n<\/li>\n<li data-start=\"2430\" data-end=\"2503\">\n<p data-start=\"2432\" data-end=\"2503\">Insertar suavemente entre los dientes y moverlos hacia adelante y hacia atr\u00e1s para eliminar los residuos.<\/p>\n<\/li>\n<li data-start=\"2504\" data-end=\"2539\">\n<p data-start=\"2506\" data-end=\"2539\">Enjuague el cepillo despu\u00e9s de cada uso.<\/p>\n<\/li>\n<li data-start=\"2540\" data-end=\"2591\">\n<p data-start=\"2542\" data-end=\"2591\">Repita seg\u00fan sea necesario para todos los espacios interdentales.<\/p>\n<\/li>\n<\/ul>\n<p data-start=\"2593\" data-end=\"2665\">El uso regular garantiza dientes m\u00e1s limpios, enc\u00edas m\u00e1s saludables y un aliento m\u00e1s fresco.<\/p>\n<h2 data-start=\"2672\" data-end=\"2699\">Por qu\u00e9 elegir nuestro producto<\/h2>\n<p><img decoding=\"async\" class=\"size-medium wp-image-1202 aligncenter\" src=\"https:\/\/richsourcefloss.com\/wp-content\/uploads\/2025\/12\/screenshot_2025-12-26_16-58-13-300x300.png\" alt=\"Cepillo interdental\" width=\"300\" height=\"300\" srcset=\"https:\/\/richsourcefloss.com\/wp-content\/uploads\/2025\/12\/screenshot_2025-12-26_16-58-13-300x300.png 300w, https:\/\/richsourcefloss.com\/wp-content\/uploads\/2025\/12\/screenshot_2025-12-26_16-58-13-150x150.png 150w, https:\/\/richsourcefloss.com\/wp-content\/uploads\/2025\/12\/screenshot_2025-12-26_16-58-13-12x12.png 12w, https:\/\/richsourcefloss.com\/wp-content\/uploads\/2025\/12\/screenshot_2025-12-26_16-58-13-100x100.png 100w, https:\/\/richsourcefloss.com\/wp-content\/uploads\/2025\/12\/screenshot_2025-12-26_16-58-13.png 483w\" sizes=\"(max-width: 300px) 100vw, 300px\" \/><\/p>\n<p data-start=\"2700\" data-end=\"2796\">Esta herramienta de limpieza interdental combina calidad, practicidad y caracter\u00edsticas favorables para los negocios:<\/p>\n<ul data-start=\"2798\" data-end=\"3138\">\n<li data-start=\"2798\" data-end=\"2856\">\n<p data-start=\"2800\" data-end=\"2856\"><strong data-start=\"2800\" data-end=\"2817\">Alta calidad:<\/strong> Durable y suave para el uso diario.<\/p>\n<\/li>\n<li data-start=\"2857\" data-end=\"2952\">\n<p data-start=\"2859\" data-end=\"2952\"><strong data-start=\"2859\" data-end=\"2877\">Solu\u021bii B2B:<\/strong> Suministro a granel, personalizaci\u00f3n OEM\/ODM y opciones de marca privada disponibles.<\/p>\n<\/li>\n<li data-start=\"2953\" data-end=\"3044\">\n<p data-start=\"2955\" data-end=\"3044\"><strong data-start=\"2955\" data-end=\"2979\">Apel profesionist:<\/strong> Ideal para cl\u00ednicas dentales, distribuidores y clientes corporativos.<\/p>\n<\/li>\n<li data-start=\"3045\" data-end=\"3138\">\n<p data-start=\"3047\" data-end=\"3138\"><strong data-start=\"3047\" data-end=\"3067\">Usura vers\u00e1til:<\/strong> Adecuado para diversas necesidades de cuidado bucal, incluidos aparatos ortop\u00e9dicos e implantes.<\/p>\n<\/li>\n<\/ul>\n<p data-start=\"3140\" data-end=\"3283\">Es una soluci\u00f3n confiable para la higiene bucal personal y un producto valioso para empresas que buscan herramientas profesionales de cuidado bucal de alta calidad.<\/p>\n<h2 data-start=\"3290\" data-end=\"3298\">Preguntas frecuentes<\/h2>\n<p data-start=\"3300\" data-end=\"3468\"><strong data-start=\"3300\" data-end=\"3343\">P: \u00bfQui\u00e9n deber\u00eda utilizar un cepillo interdental?<\/strong><br data-start=\"3343\" data-end=\"3346\" \/>R: Es ideal para personas con espacios, aparatos ortop\u00e9dicos, implantes m\u00e1s amplios o aquellos que buscan una limpieza m\u00e1s profunda entre los dientes.<\/p>\n<p data-start=\"3470\" data-end=\"3581\"><strong data-start=\"3470\" data-end=\"3505\">P: \u00bfCon qu\u00e9 frecuencia se debe utilizar?<\/strong><br data-start=\"3505\" data-end=\"3508\" \/>R: Para una salud bucal \u00f3ptima, \u00faselo diariamente como parte de su rutina de cepillado.<\/p>\n<p data-start=\"3583\" data-end=\"3731\"><strong data-start=\"3583\" data-end=\"3618\">P: \u00bfEs seguro para el uso diario?<\/strong><br data-start=\"3618\" data-end=\"3621\" \/>R: S\u00ed, el cepillo est\u00e1 dise\u00f1ado para ser suave pero eficaz, adecuado para la limpieza diaria sin da\u00f1ar las enc\u00edas.<\/p>\n<p data-start=\"3733\" data-end=\"3868\"><strong data-start=\"3733\" data-end=\"3772\">P: \u00bfPueden las empresas comprar al por mayor?<\/strong><br data-start=\"3772\" data-end=\"3775\" \/>R: Absolutamente. Se encuentran disponibles suministro a granel, personalizaci\u00f3n OEM\/ODM y opciones de marca privada.<\/p>\n<p data-start=\"3870\" data-end=\"3994\"><strong data-start=\"3870\" data-end=\"3915\">P: \u00bfC\u00f3mo limpio y mantengo el cepillo?<\/strong><br data-start=\"3915\" data-end=\"3918\" \/>R: Enjuague bien despu\u00e9s de cada uso y d\u00e9jelo secar al aire antes de guardarlo.<\/p>\n<h2 data-start=\"4001\" data-end=\"4032\"><a href=\"https:\/\/richsourcefloss.com\/es\/contact-us\/\">Cont\u00e1ctenos<\/a> para pedidos al por mayor<\/h2>\n<p data-start=\"4033\" data-end=\"4246\">\u00bfbusca obtener herramientas de limpieza interdental de alta calidad para su negocio? Ya sea distribuidor, cl\u00ednica dental o minorista, brindamos suministro a granel, personalizaci\u00f3n OEM\/ODM y soluciones de marca privada.<\/p>\n<p data-start=\"4248\" data-end=\"4333\">\u00a1empiece a ofrecer productos de cuidado bucal profesionales y ecol\u00f3gicos a sus clientes hoy mismo!<\/p>","protected":false},"excerpt":{"rendered":"<p>Un cepillo interdental es un utensilio de higiene bucal que se utiliza para limpiar los espacios interdentales y a lo largo de la l\u00ednea de las enc\u00edas. Es especialmente adecuado para personas con espacios interdentales m\u00e1s amplios, que usan aparatos de ortodoncia o que tienen implantes dentales. Elimina eficazmente la placa y los restos de comida que los cepillos de dientes y el hilo dental no pueden limpiar por completo, lo que ayuda a prevenir la gingivitis, la periodontitis y el mal aliento. Es un complemento importante del cepillado diario.<\/p>\n<p><strong><span style=\"color: #00985f;\">\u221a<\/span><\/strong> Cepillo interdental<br \/>\n<strong><span style=\"color: #00985f;\">\u221a<\/span><\/strong> Cepillo interdental angular<br \/>\n<strong><span style=\"color: #00985f;\">\u221a<\/span><\/strong> Cepillo interdental flexible<br \/>\n<strong><span style=\"color: #00985f;\">\u221a<\/span><\/strong> Cepillo interdental de cl\u00ednica dental<br \/>\n<strong><span style=\"color: #00985f;\">\u221a<\/span><\/strong> Cepillo interdental para brackets<\/p>","protected":false},"featured_media":685,"comment_status":"open","ping_status":"closed","template":"","meta":[],"product_brand":[],"product_cat":[16],"product_tag":[],"class_list":{"0":"post-684","1":"product","2":"type-product","3":"status-publish","4":"has-post-thumbnail","6":"product_cat-uncategorized","8":"first","9":"instock","10":"shipping-taxable","11":"product-type-simple"},"_links":{"self":[{"href":"https:\/\/richsourcefloss.com\/es\/wp-json\/wp\/v2\/product\/684","targetHints":{"allow":["GET"]}}],"collection":[{"href":"https:\/\/richsourcefloss.com\/es\/wp-json\/wp\/v2\/product"}],"about":[{"href":"https:\/\/richsourcefloss.com\/es\/wp-json\/wp\/v2\/types\/product"}],"replies":[{"embeddable":true,"href":"https:\/\/richsourcefloss.com\/es\/wp-json\/wp\/v2\/comments?post=684"}],"wp:featuredmedia":[{"embeddable":true,"href":"https:\/\/richsourcefloss.com\/es\/wp-json\/wp\/v2\/media\/685"}],"wp:attachment":[{"href":"https:\/\/richsourcefloss.com\/es\/wp-json\/wp\/v2\/media?parent=684"}],"wp:term":[{"taxonomy":"product_brand","embeddable":true,"href":"https:\/\/richsourcefloss.com\/es\/wp-json\/wp\/v2\/product_brand?post=684"},{"taxonomy":"product_cat","embeddable":true,"href":"https:\/\/richsourcefloss.com\/es\/wp-json\/wp\/v2\/product_cat?post=684"},{"taxonomy":"product_tag","embeddable":true,"href":"https:\/\/richsourcefloss.com\/es\/wp-json\/wp\/v2\/product_tag?post=684"}],"curies":[{"name":"wp","href":"https:\/\/api.w.org\/{rel}","templated":true}]}}