{"id":686,"date":"2025-12-18T02:06:28","date_gmt":"2025-12-18T02:06:28","guid":{"rendered":"https:\/\/richsourcefloss.com\/?post_type=product&#038;p=686"},"modified":"2025-12-26T08:50:08","modified_gmt":"2025-12-26T08:50:08","slug":"dental-floss","status":"publish","type":"product","link":"https:\/\/richsourcefloss.com\/es\/product\/dental-floss\/","title":{"rendered":"Hilo dental"},"content":{"rendered":"<h2 data-start=\"146\" data-end=\"172\">Qu\u00e9 es <a href=\"https:\/\/richsourcefloss.com\/es\/producto\/dental-floss-roll\/\">Hilo dental<\/a>?<\/h2>\n<p>&nbsp;<\/p>\n<p><img fetchpriority=\"high\" decoding=\"async\" class=\"size-medium wp-image-1197\" src=\"https:\/\/richsourcefloss.com\/wp-content\/uploads\/2025\/12\/screenshot_2025-12-26_16-27-22-290x300.png\" alt=\"Hilo dental\" width=\"290\" height=\"300\" srcset=\"https:\/\/richsourcefloss.com\/wp-content\/uploads\/2025\/12\/screenshot_2025-12-26_16-27-22-290x300.png 290w, https:\/\/richsourcefloss.com\/wp-content\/uploads\/2025\/12\/screenshot_2025-12-26_16-27-22-12x12.png 12w, https:\/\/richsourcefloss.com\/wp-content\/uploads\/2025\/12\/screenshot_2025-12-26_16-27-22.png 499w\" sizes=\"(max-width: 290px) 100vw, 290px\" \/><\/p>\n<p data-start=\"116\" data-end=\"441\">El hilo dental es una herramienta esencial de higiene bucal dise\u00f1ada para limpiar las superficies entre los dientes y a lo largo de la l\u00ednea de las enc\u00edas. Elimina la placa y los restos de comida de dif\u00edcil acceso con un cepillo de dientes, lo que ayuda a prevenir caries, gingivitis y mal aliento. El uso regular complementa el cepillado diario y favorece la salud bucal en general.<\/p>\n<h2 data-start=\"530\" data-end=\"565\">Beneficios de usar<\/h2>\n<p data-start=\"477\" data-end=\"564\">El uso de esta herramienta proporciona m\u00faltiples ventajas para el cuidado bucal personal y profesional:<\/p>\n<ul data-start=\"566\" data-end=\"927\">\n<li data-start=\"566\" data-end=\"630\">\n<p data-start=\"568\" data-end=\"630\"><strong data-start=\"568\" data-end=\"590\">Previene Cavidades:<\/strong> Limpia \u00e1reas que los cepillos de dientes a menudo pasan por alto.<\/p>\n<\/li>\n<li data-start=\"631\" data-end=\"712\">\n<p data-start=\"633\" data-end=\"712\"><strong data-start=\"633\" data-end=\"658\">Reduce los problemas de las enc\u00edas:<\/strong> Ayuda a mantener las enc\u00edas sanas y prevenir la gingivitis.<\/p>\n<\/li>\n<li data-start=\"713\" data-end=\"792\">\n<p data-start=\"715\" data-end=\"792\"><strong data-start=\"715\" data-end=\"735\">Mejora la respiraci\u00f3n:<\/strong> Elimina las part\u00edculas de comida atrapadas que pueden provocar olores.<\/p>\n<\/li>\n<li data-start=\"793\" data-end=\"927\">\n<p data-start=\"795\" data-end=\"927\"><strong data-start=\"795\" data-end=\"823\">Apoya las necesidades empresariales:<\/strong> Las opciones ecol\u00f3gicas y masivas son ideales para cl\u00ednicas dentales, distribuidores y productos de marca privada.<\/p>\n<\/li>\n<\/ul>\n<p data-start=\"1056\" data-end=\"1082\"><strong data-start=\"1056\" data-end=\"1080\">Tabla de ventajas de B2B<\/strong><\/p>\n<div class=\"TyagGW_tableContainer\">\n<div class=\"group TyagGW_tableWrapper flex w-fit flex-col-reverse\" tabindex=\"-1\">\n<table class=\"w-fit min-w-(--thread-content-width)\" data-start=\"1084\" data-end=\"1461\">\n<thead data-start=\"1084\" data-end=\"1122\">\n<tr data-start=\"1084\" data-end=\"1122\">\n<th data-start=\"1084\" data-end=\"1094\" data-col-size=\"sm\">Caracter\u00edstica<\/th>\n<th data-start=\"1094\" data-end=\"1122\" data-col-size=\"md\">Beneficio para empresas<\/th>\n<\/tr>\n<\/thead>\n<tbody data-start=\"1160\" data-end=\"1461\">\n<tr data-start=\"1160\" data-end=\"1234\">\n<td data-start=\"1160\" data-end=\"1174\" data-col-size=\"sm\">Suministro a granel<\/td>\n<td data-start=\"1174\" data-end=\"1234\" data-col-size=\"md\">Ideal para grandes pedidos de distribuidores y minoristas<\/td>\n<\/tr>\n<tr data-start=\"1235\" data-end=\"1306\">\n<td data-start=\"1235\" data-end=\"1259\" data-col-size=\"sm\">Personalizaci\u00f3n OEM\/ODM<\/td>\n<td data-col-size=\"md\" data-start=\"1259\" data-end=\"1306\">Permite el etiquetado privado de marcas dentales<\/td>\n<\/tr>\n<tr data-start=\"1307\" data-end=\"1382\">\n<td data-start=\"1307\" data-end=\"1332\" data-col-size=\"sm\">Materiales ecol\u00f3gicos<\/td>\n<td data-col-size=\"md\" data-start=\"1332\" data-end=\"1382\">Llamamientos a clientes conscientes del medio ambiente<\/td>\n<\/tr>\n<tr data-start=\"1383\" data-end=\"1461\">\n<td data-start=\"1383\" data-end=\"1401\" data-col-size=\"sm\">Uso vers\u00e1til<\/td>\n<td data-col-size=\"md\" data-start=\"1401\" data-end=\"1461\">Adecuado para cl\u00ednicas, kits de viaje y obsequios corporativos<\/td>\n<\/tr>\n<\/tbody>\n<\/table>\n<\/div>\n<\/div>\n<h2 data-start=\"1468\" data-end=\"1501\">Caracter\u00edsticas<\/h2>\n<p><img decoding=\"async\" class=\"size-medium wp-image-1196\" src=\"https:\/\/richsourcefloss.com\/wp-content\/uploads\/2025\/12\/screenshot_2025-12-26_16-33-38-300x219.png\" alt=\"Hilo dental\" width=\"300\" height=\"219\" srcset=\"https:\/\/richsourcefloss.com\/wp-content\/uploads\/2025\/12\/screenshot_2025-12-26_16-33-38-300x219.png 300w, https:\/\/richsourcefloss.com\/wp-content\/uploads\/2025\/12\/screenshot_2025-12-26_16-33-38-16x12.png 16w, https:\/\/richsourcefloss.com\/wp-content\/uploads\/2025\/12\/screenshot_2025-12-26_16-33-38.png 529w\" sizes=\"(max-width: 300px) 100vw, 300px\" \/><\/p>\n<p data-start=\"1376\" data-end=\"1442\">Dise\u00f1ado para una limpieza eficaz y soluciones favorables a los negocios:<\/p>\n<ul data-start=\"1444\" data-end=\"1822\">\n<li data-start=\"1444\" data-end=\"1516\">\n<p data-start=\"1446\" data-end=\"1516\"><strong data-start=\"1446\" data-end=\"1481\">Biodegradable y ecol\u00f3gico:<\/strong> Fabricado con materiales sostenibles.<\/p>\n<\/li>\n<li data-start=\"1517\" data-end=\"1587\">\n<p data-start=\"1519\" data-end=\"1587\"><strong data-start=\"1519\" data-end=\"1540\">Encerado y Suave:<\/strong> Se desliza f\u00e1cilmente entre los dientes sin deshilacharse.<\/p>\n<\/li>\n<li data-start=\"1588\" data-end=\"1664\">\n<p data-start=\"1590\" data-end=\"1664\"><strong data-start=\"1590\" data-end=\"1610\">F\u0103r\u0103 ap\u0103r\u0103ri:<\/strong> Cepillos interdentales disponibles para el cuidado de la ortodoncia.<\/p>\n<\/li>\n<li data-start=\"1665\" data-end=\"1736\">\n<p data-start=\"1667\" data-end=\"1736\"><strong data-start=\"1667\" data-end=\"1686\">Uso diario seguro:<\/strong> Suave pero eficaz para la higiene bucal diaria.<\/p>\n<\/li>\n<li data-start=\"1737\" data-end=\"1822\">\n<p data-start=\"1739\" data-end=\"1822\"><strong data-start=\"1739\" data-end=\"1753\">B2B Gata:<\/strong> Admite pedidos al por mayor, personalizaci\u00f3n OEM\/ODM y etiquetado privado.<\/p>\n<\/li>\n<\/ul>\n<p data-start=\"1989\" data-end=\"2013\"><strong data-start=\"1989\" data-end=\"2011\">Lista r\u00e1pida de funciones<\/strong><\/p>\n<ul data-start=\"2015\" data-end=\"2216\">\n<li data-start=\"2015\" data-end=\"2059\">\n<p data-start=\"2017\" data-end=\"2059\">Materiales biodegradables y ecol\u00f3gicos<\/p>\n<\/li>\n<li data-start=\"2060\" data-end=\"2099\">\n<p data-start=\"2062\" data-end=\"2099\">Hilo liso y encerado para facilitar su uso<\/p>\n<\/li>\n<li data-start=\"2100\" data-end=\"2149\">\n<p data-start=\"2102\" data-end=\"2149\">Cepillo interdental para aparatos ortop\u00e9dicos y ortodoncia<\/p>\n<\/li>\n<li data-start=\"2150\" data-end=\"2181\">\n<p data-start=\"2152\" data-end=\"2181\">Soluci\u00f3n diaria de higiene bucal<\/p>\n<\/li>\n<li data-start=\"2182\" data-end=\"2216\">\n<p data-start=\"2184\" data-end=\"2216\">Opciones de marca masiva y privada<\/p>\n<\/li>\n<\/ul>\n<h2 data-start=\"2223\" data-end=\"2251\">C\u00f3mo utilizar<\/h2>\n<p><img decoding=\"async\" class=\"size-medium wp-image-1199\" src=\"https:\/\/richsourcefloss.com\/wp-content\/uploads\/2025\/12\/screenshot_2025-12-26_16-33-02-292x300.png\" alt=\"Hilo dental\" width=\"292\" height=\"300\" srcset=\"https:\/\/richsourcefloss.com\/wp-content\/uploads\/2025\/12\/screenshot_2025-12-26_16-33-02-292x300.png 292w, https:\/\/richsourcefloss.com\/wp-content\/uploads\/2025\/12\/screenshot_2025-12-26_16-33-02-12x12.png 12w, https:\/\/richsourcefloss.com\/wp-content\/uploads\/2025\/12\/screenshot_2025-12-26_16-33-02.png 504w\" sizes=\"(max-width: 292px) 100vw, 292px\" \/><\/p>\n<p data-start=\"2252\" data-end=\"2297\">Usar hilo dental es simple y efectivo:<\/p>\n<ul data-start=\"2299\" data-end=\"2536\">\n<li data-start=\"2299\" data-end=\"2356\">\n<p data-start=\"2301\" data-end=\"2356\">Corte una longitud adecuada de hilo dental (aproximadamente 18 pulgadas).<\/p>\n<\/li>\n<li data-start=\"2357\" data-end=\"2431\">\n<p data-start=\"2359\" data-end=\"2431\">Envuelva los extremos alrededor de sus dedos y desl\u00edcelos suavemente entre cada diente.<\/p>\n<\/li>\n<li data-start=\"2432\" data-end=\"2499\">\n<p data-start=\"2434\" data-end=\"2499\">Curve el hilo dental a lo largo de la superficie del diente y debajo de la l\u00ednea de las enc\u00edas.<\/p>\n<\/li>\n<li data-start=\"2500\" data-end=\"2536\">\n<p data-start=\"2502\" data-end=\"2536\">Enju\u00e1guese la boca despu\u00e9s de usar hilo dental.<\/p>\n<\/li>\n<\/ul>\n<p data-start=\"2538\" data-end=\"2615\">El uso regular de hilo dental garantiza dientes m\u00e1s limpios, enc\u00edas m\u00e1s saludables y un aliento m\u00e1s fresco.<\/p>\n<h2 data-start=\"2622\" data-end=\"2654\">\u00bfpor qu\u00e9 elegir nuestro hilo dental<\/h2>\n<p data-start=\"2398\" data-end=\"2487\">Esta soluci\u00f3n de higiene bucal combina calidad, sostenibilidad y caracter\u00edsticas compatibles con B2B:<\/p>\n<ul data-start=\"2489\" data-end=\"2837\">\n<li data-start=\"2489\" data-end=\"2544\">\n<p data-start=\"2491\" data-end=\"2544\"><strong data-start=\"2491\" data-end=\"2508\">Alta calidad:<\/strong> Durable y suave para el uso diario.<\/p>\n<\/li>\n<li data-start=\"2545\" data-end=\"2646\">\n<p data-start=\"2547\" data-end=\"2646\"><strong data-start=\"2547\" data-end=\"2574\">Materiales ecol\u00f3gicos:<\/strong> El dise\u00f1o biodegradable atrae a empresas conscientes del medio ambiente.<\/p>\n<\/li>\n<li data-start=\"2647\" data-end=\"2742\">\n<p data-start=\"2649\" data-end=\"2742\"><strong data-start=\"2649\" data-end=\"2667\">Solu\u021bii B2B:<\/strong> Suministro a granel, personalizaci\u00f3n OEM\/ODM y opciones de marca privada disponibles.<\/p>\n<\/li>\n<li data-start=\"2743\" data-end=\"2837\">\n<p data-start=\"2745\" data-end=\"2837\"><strong data-start=\"2745\" data-end=\"2769\">Apel profesionist:<\/strong> Adecuado para cl\u00ednicas dentales, distribuidores y clientes corporativos.<\/p>\n<\/li>\n<\/ul>\n<p data-start=\"2839\" data-end=\"2984\">No s\u00f3lo es confiable para el cuidado personal sino tambi\u00e9n un producto valioso para empresas que buscan soluciones de higiene bucal ecol\u00f3gicas y de alta calidad.<\/p>\n<h2 data-start=\"3265\" data-end=\"3273\">Preguntas frecuentes<\/h2>\n<p data-start=\"3275\" data-end=\"3452\"><strong data-start=\"3275\" data-end=\"3312\">P: \u00bfPara qu\u00e9 se utiliza el hilo dental?<\/strong><br data-start=\"3312\" data-end=\"3315\" \/>R: Limpia los espacios entre los dientes y a lo largo de la l\u00ednea de las enc\u00edas, eliminando la placa y los restos de comida que los cepillos de dientes no pueden alcanzar.<\/p>\n<p data-start=\"3454\" data-end=\"3602\"><strong data-start=\"3454\" data-end=\"3497\">P: \u00bfCon qu\u00e9 frecuencia debo usarlo?<\/strong><br data-start=\"3497\" data-end=\"3500\" \/>R: Para una salud bucal \u00f3ptima, se recomienda usar hilo dental una vez al d\u00eda, idealmente antes o despu\u00e9s del cepillado.<\/p>\n<p data-start=\"3604\" data-end=\"3745\"><strong data-start=\"3604\" data-end=\"3646\">P: \u00bfEs seguro para el uso diario?<\/strong><br data-start=\"3646\" data-end=\"3649\" \/>R: S\u00ed, nuestro hilo dental es suave pero eficaz, seguro para el uso diario sin da\u00f1ar las enc\u00edas.<\/p>\n<p data-start=\"3747\" data-end=\"3921\"><strong data-start=\"3747\" data-end=\"3799\">P: \u00bfPueden las empresas comprar hilo dental al por mayor?<\/strong><br data-start=\"3799\" data-end=\"3802\" \/>R: Absolutamente. Nuestro hilo dental es adecuado para pedidos B2B, suministro a granel, personalizaci\u00f3n OEM\/ODM y etiquetado privado.<\/p>\n<p data-start=\"3923\" data-end=\"4089\"><strong data-start=\"3923\" data-end=\"3970\">P: \u00bfDe qu\u00e9 materiales est\u00e1 hecho el hilo dental?<\/strong><br data-start=\"3970\" data-end=\"3973\" \/>R: Fabricado con materiales ecol\u00f3gicos y biodegradables, lo que garantiza la sostenibilidad tanto para uso personal como empresarial.<\/p>\n<p data-start=\"4091\" data-end=\"4254\"><strong data-start=\"4091\" data-end=\"4143\">P: \u00bfExisten opciones para aparatos ortop\u00e9dicos u ortodoncia?<\/strong><br data-start=\"4143\" data-end=\"4146\" \/>R: S\u00ed, hay disponibles hilo dental encerado y cepillos interdentales especializados para el cuidado de los aparatos ortop\u00e9dicos.<\/p>\n<h2 data-start=\"4261\" data-end=\"4292\"><a href=\"https:\/\/richsourcefloss.com\/es\/contact-us\/\">Cont\u00e1ctenos<\/a> para pedidos al por mayor<\/h2>\n<p data-start=\"3840\" data-end=\"4045\">\u00bfbusca obtener productos de cuidado bucal de alta calidad para su negocio? Ya sea distribuidor, cl\u00ednica dental o minorista, ofrecemos suministro a granel, personalizaci\u00f3n OEM\/ODM y soluciones de marca privada.<\/p>\n<p data-start=\"4047\" data-end=\"4154\">\u00a1comience a suministrar a sus clientes productos de hilo dental ecol\u00f3gicos y mejore sus ofertas de cuidado bucal hoy!<\/p>","protected":false},"excerpt":{"rendered":"<p>El hilo dental es una herramienta de higiene bucal que se utiliza para limpiar las superficies interdentales y a lo largo de la l\u00ednea de las enc\u00edas. Su principal objetivo es eliminar la placa y los restos de comida dif\u00edciles de alcanzar con el cepillo de dientes, previniendo as\u00ed las caries, la gingivitis y el mal aliento.<\/p>\n<p><strong><span style=\"color: #00985f;\">\u221a<\/span><\/strong> Rollo de hilo dental biodegradable<br \/>\n<strong><span style=\"color: #00985f;\">\u221a<\/span><\/strong> Rollo de hilo dental ecol\u00f3gico<br \/>\n<strong><span style=\"color: #00985f;\">\u221a<\/span><\/strong> Rollo de hilo dental con logotipo personalizado OEM\/ODM<br \/>\n<strong><span style=\"color: #00985f;\">\u221a<\/span><\/strong> Rollo de hilo dental encerado<br \/>\n<strong><span style=\"color: #00985f;\">\u221a<\/span><\/strong> Cepillo interdental para brackets<\/p>","protected":false},"featured_media":687,"comment_status":"open","ping_status":"closed","template":"","meta":[],"product_brand":[],"product_cat":[16],"product_tag":[],"class_list":{"0":"post-686","1":"product","2":"type-product","3":"status-publish","4":"has-post-thumbnail","6":"product_cat-uncategorized","8":"first","9":"instock","10":"shipping-taxable","11":"product-type-simple"},"_links":{"self":[{"href":"https:\/\/richsourcefloss.com\/es\/wp-json\/wp\/v2\/product\/686","targetHints":{"allow":["GET"]}}],"collection":[{"href":"https:\/\/richsourcefloss.com\/es\/wp-json\/wp\/v2\/product"}],"about":[{"href":"https:\/\/richsourcefloss.com\/es\/wp-json\/wp\/v2\/types\/product"}],"replies":[{"embeddable":true,"href":"https:\/\/richsourcefloss.com\/es\/wp-json\/wp\/v2\/comments?post=686"}],"wp:featuredmedia":[{"embeddable":true,"href":"https:\/\/richsourcefloss.com\/es\/wp-json\/wp\/v2\/media\/687"}],"wp:attachment":[{"href":"https:\/\/richsourcefloss.com\/es\/wp-json\/wp\/v2\/media?parent=686"}],"wp:term":[{"taxonomy":"product_brand","embeddable":true,"href":"https:\/\/richsourcefloss.com\/es\/wp-json\/wp\/v2\/product_brand?post=686"},{"taxonomy":"product_cat","embeddable":true,"href":"https:\/\/richsourcefloss.com\/es\/wp-json\/wp\/v2\/product_cat?post=686"},{"taxonomy":"product_tag","embeddable":true,"href":"https:\/\/richsourcefloss.com\/es\/wp-json\/wp\/v2\/product_tag?post=686"}],"curies":[{"name":"wp","href":"https:\/\/api.w.org\/{rel}","templated":true}]}}