{"id":688,"date":"2025-12-18T02:08:05","date_gmt":"2025-12-18T02:08:05","guid":{"rendered":"https:\/\/richsourcefloss.com\/?post_type=product&#038;p=688"},"modified":"2025-12-26T08:03:04","modified_gmt":"2025-12-26T08:03:04","slug":"tongue-scraper","status":"publish","type":"product","link":"https:\/\/richsourcefloss.com\/es\/product\/tongue-scraper\/","title":{"rendered":"Raspador de lengua"},"content":{"rendered":"<h2 data-start=\"104\" data-end=\"134\">\u00bfqu\u00e9 es un <a href=\"https:\/\/richsourcefloss.com\/es\/producto\/tongue-scraper\/\">Raspador de lengua<\/a>?<\/h2>\n<p><img fetchpriority=\"high\" decoding=\"async\" class=\"size-medium wp-image-1190\" src=\"https:\/\/richsourcefloss.com\/wp-content\/uploads\/2025\/12\/screenshot_2025-12-26_15-59-35-300x231.png\" alt=\"Raspador de lengua\" width=\"300\" height=\"231\" srcset=\"https:\/\/richsourcefloss.com\/wp-content\/uploads\/2025\/12\/screenshot_2025-12-26_15-59-35-300x231.png 300w, https:\/\/richsourcefloss.com\/wp-content\/uploads\/2025\/12\/screenshot_2025-12-26_15-59-35-16x12.png 16w, https:\/\/richsourcefloss.com\/wp-content\/uploads\/2025\/12\/screenshot_2025-12-26_15-59-35-600x463.png 600w, https:\/\/richsourcefloss.com\/wp-content\/uploads\/2025\/12\/screenshot_2025-12-26_15-59-35.png 696w\" sizes=\"(max-width: 300px) 100vw, 300px\" \/><\/p>\n<p data-start=\"135\" data-end=\"518\">Un limpiador de lengua es una herramienta esencial de higiene bucal dise\u00f1ada para eliminar bacterias, restos de comida y desechos metab\u00f3licos de la superficie de la lengua. Al hacerlo, ayuda a reducir el mal aliento y mejorar la limpieza bucal general. A diferencia del cepillado normal, esta herramienta llega a \u00e1reas de la lengua que los cepillos de dientes a menudo pasan por alto, lo que la convierte en un complemento muy eficaz de las rutinas diarias de cuidado dental.<\/p>\n<h2 data-start=\"525\" data-end=\"564\">Beneficios de usar un raspador de lengua<\/h2>\n<p data-start=\"565\" data-end=\"624\">El uso de esta herramienta de higiene bucal aporta varias ventajas:<\/p>\n<ul data-start=\"626\" data-end=\"978\">\n<li data-start=\"626\" data-end=\"699\">\n<p data-start=\"628\" data-end=\"699\"><strong data-start=\"628\" data-end=\"651\">Reduce la mala respiraci\u00f3n:<\/strong> Elimina eficazmente las bacterias que causan olores.<\/p>\n<\/li>\n<li data-start=\"700\" data-end=\"774\">\n<p data-start=\"702\" data-end=\"774\"><strong data-start=\"702\" data-end=\"728\">Mejora la higiene bucal:<\/strong> Previene la acumulaci\u00f3n de microorganismos nocivos.<\/p>\n<\/li>\n<li data-start=\"775\" data-end=\"844\">\n<p data-start=\"777\" data-end=\"844\"><strong data-start=\"777\" data-end=\"807\">Mejora la experiencia del gusto:<\/strong> Promueve un sentido del gusto m\u00e1s fresco.<\/p>\n<\/li>\n<li data-start=\"845\" data-end=\"978\">\n<p data-start=\"847\" data-end=\"978\"><strong data-start=\"847\" data-end=\"875\">Apoya las necesidades empresariales:<\/strong> Las opciones ecol\u00f3gicas y masivas son ideales para clientes B2B, cl\u00ednicas dentales y productos de marca privada.<\/p>\n<\/li>\n<\/ul>\n<p data-start=\"980\" data-end=\"1006\"><strong data-start=\"980\" data-end=\"1004\">Tabla de ventajas de B2B<\/strong><\/p>\n<div class=\"TyagGW_tableContainer\">\n<div class=\"group TyagGW_tableWrapper flex w-fit flex-col-reverse\" tabindex=\"-1\">\n<table class=\"w-fit min-w-(--thread-content-width)\" data-start=\"1008\" data-end=\"1384\">\n<thead data-start=\"1008\" data-end=\"1046\">\n<tr data-start=\"1008\" data-end=\"1046\">\n<th data-start=\"1008\" data-end=\"1018\" data-col-size=\"sm\">Caracter\u00edstica<\/th>\n<th data-start=\"1018\" data-end=\"1046\" data-col-size=\"md\">Beneficio para empresas<\/th>\n<\/tr>\n<\/thead>\n<tbody data-start=\"1084\" data-end=\"1384\">\n<tr data-start=\"1084\" data-end=\"1156\">\n<td data-start=\"1084\" data-end=\"1098\" data-col-size=\"sm\">Suministro a granel<\/td>\n<td data-col-size=\"md\" data-start=\"1098\" data-end=\"1156\">Admite grandes pedidos para distribuidores y minoristas<\/td>\n<\/tr>\n<tr data-start=\"1157\" data-end=\"1229\">\n<td data-start=\"1157\" data-end=\"1181\" data-col-size=\"sm\">Personalizaci\u00f3n OEM\/ODM<\/td>\n<td data-col-size=\"md\" data-start=\"1181\" data-end=\"1229\">Permite el etiquetado privado de marcas dentales<\/td>\n<\/tr>\n<tr data-start=\"1230\" data-end=\"1305\">\n<td data-start=\"1230\" data-end=\"1255\" data-col-size=\"sm\">Materiales ecol\u00f3gicos<\/td>\n<td data-col-size=\"md\" data-start=\"1255\" data-end=\"1305\">Llamamientos a clientes conscientes del medio ambiente<\/td>\n<\/tr>\n<tr data-start=\"1306\" data-end=\"1384\">\n<td data-start=\"1306\" data-end=\"1324\" data-col-size=\"sm\">Uso vers\u00e1til<\/td>\n<td data-start=\"1324\" data-end=\"1384\" data-col-size=\"md\">Adecuado para cl\u00ednicas, kits de viaje y obsequios corporativos<\/td>\n<\/tr>\n<\/tbody>\n<\/table>\n<\/div>\n<\/div>\n<h2 data-start=\"1391\" data-end=\"1426\">Caracter\u00edsticas de nuestro limpiador de lengua<\/h2>\n<p data-start=\"1427\" data-end=\"1509\">Esta herramienta est\u00e1 dise\u00f1ada teniendo en cuenta la eficacia y las caracter\u00edsticas favorables a los negocios:<\/p>\n<ul data-start=\"1511\" data-end=\"1867\">\n<li data-start=\"1511\" data-end=\"1584\">\n<p data-start=\"1513\" data-end=\"1584\"><strong data-start=\"1513\" data-end=\"1538\">Mango biodegradable:<\/strong> Materiales ecol\u00f3gicos para uso sostenible.<\/p>\n<\/li>\n<li data-start=\"1585\" data-end=\"1647\">\n<p data-start=\"1587\" data-end=\"1647\"><strong data-start=\"1587\" data-end=\"1607\">Limpiarea sutilat\u0103:<\/strong> Limpia a fondo sin irritaci\u00f3n.<\/p>\n<\/li>\n<li data-start=\"1648\" data-end=\"1718\">\n<p data-start=\"1650\" data-end=\"1718\"><strong data-start=\"1650\" data-end=\"1673\">F\u00e1cil de usar diariamente:<\/strong> Seguro y eficaz para el cuidado bucal diario.<\/p>\n<\/li>\n<li data-start=\"1719\" data-end=\"1791\">\n<p data-start=\"1721\" data-end=\"1791\"><strong data-start=\"1721\" data-end=\"1741\">Design portabil:<\/strong> Conveniente para viajes o entornos profesionales.<\/p>\n<\/li>\n<li data-start=\"1792\" data-end=\"1867\">\n<p data-start=\"1794\" data-end=\"1867\"><strong data-start=\"1794\" data-end=\"1808\">B2B Gata:<\/strong> Admite compra al por mayor, OEM y marcas privadas.<\/p>\n<\/li>\n<\/ul>\n<p data-start=\"1869\" data-end=\"1893\"><strong data-start=\"1869\" data-end=\"1891\">Lista r\u00e1pida de funciones<\/strong><\/p>\n<ul data-start=\"1895\" data-end=\"2052\">\n<li data-start=\"1895\" data-end=\"1921\">\n<p data-start=\"1897\" data-end=\"1921\">Materiales ecol\u00f3gicos<\/p>\n<\/li>\n<li data-start=\"1922\" data-end=\"1953\">\n<p data-start=\"1924\" data-end=\"1953\">Apto para limpieza diaria<\/p>\n<\/li>\n<li data-start=\"1954\" data-end=\"1986\">\n<p data-start=\"1956\" data-end=\"1986\">C\u00f3modo dise\u00f1o ergon\u00f3mico<\/p>\n<\/li>\n<li data-start=\"1987\" data-end=\"2017\">\n<p data-start=\"1989\" data-end=\"2017\">F\u00e1cil de limpiar y mantener<\/p>\n<\/li>\n<li data-start=\"2018\" data-end=\"2052\">\n<p data-start=\"2020\" data-end=\"2052\">Opciones de marca masiva y privada<\/p>\n<\/li>\n<\/ul>\n<h2 data-start=\"2059\" data-end=\"2074\">C\u00f3mo utilizar<\/h2>\n<p data-start=\"2075\" data-end=\"2130\">Utilizar esta herramienta de higiene bucal es sencillo y eficaz:<\/p>\n<ul data-start=\"2132\" data-end=\"2311\">\n<li data-start=\"2132\" data-end=\"2179\">\n<p data-start=\"2134\" data-end=\"2179\">Sostenga el raspador en la parte posterior de la lengua.<\/p>\n<\/li>\n<li data-start=\"2180\" data-end=\"2222\">\n<p data-start=\"2182\" data-end=\"2222\">Tire suavemente hacia la punta.<\/p>\n<\/li>\n<li data-start=\"2223\" data-end=\"2251\">\n<p data-start=\"2225\" data-end=\"2251\">Enjuague despu\u00e9s de cada golpe.<\/p>\n<\/li>\n<li data-start=\"2252\" data-end=\"2311\">\n<p data-start=\"2254\" data-end=\"2311\">Repita seg\u00fan sea necesario para cubrir toda la superficie de la lengua.<\/p>\n<\/li>\n<\/ul>\n<p data-start=\"2313\" data-end=\"2408\">El uso regular garantiza una boca m\u00e1s saludable, un aliento m\u00e1s fresco y una mejor limpieza bucal general.<\/p>\n<h2 data-start=\"2415\" data-end=\"2442\">Por qu\u00e9 elegir nuestro producto<\/h2>\n<p><img decoding=\"async\" class=\"size-medium wp-image-1194\" src=\"https:\/\/richsourcefloss.com\/wp-content\/uploads\/2025\/12\/screenshot_2025-12-26_15-59-04-278x300.png\" alt=\"Raspador de lengua\" width=\"278\" height=\"300\" srcset=\"https:\/\/richsourcefloss.com\/wp-content\/uploads\/2025\/12\/screenshot_2025-12-26_15-59-04-278x300.png 278w, https:\/\/richsourcefloss.com\/wp-content\/uploads\/2025\/12\/screenshot_2025-12-26_15-59-04-11x12.png 11w, https:\/\/richsourcefloss.com\/wp-content\/uploads\/2025\/12\/screenshot_2025-12-26_15-59-04.png 499w\" sizes=\"(max-width: 278px) 100vw, 278px\" \/><\/p>\n<p data-start=\"2443\" data-end=\"2536\">Esta herramienta de limpieza de lengua combina sostenibilidad, practicidad y caracter\u00edsticas compatibles con B2B:<\/p>\n<ul data-start=\"2538\" data-end=\"2852\">\n<li data-start=\"2538\" data-end=\"2596\">\n<p data-start=\"2540\" data-end=\"2596\"><strong data-start=\"2540\" data-end=\"2557\">Alta calidad:<\/strong> Durable y suave para el uso diario.<\/p>\n<\/li>\n<li data-start=\"2597\" data-end=\"2678\">\n<p data-start=\"2599\" data-end=\"2678\"><strong data-start=\"2599\" data-end=\"2625\">Materiali sustentables:<\/strong> Dise\u00f1o biodegradable para empresas con conciencia ecol\u00f3gica.<\/p>\n<\/li>\n<li data-start=\"2679\" data-end=\"2760\">\n<p data-start=\"2681\" data-end=\"2760\"><strong data-start=\"2681\" data-end=\"2699\">Solu\u021bii B2B:<\/strong> Opciones de suministro a granel, OEM\/ODM y marca privada disponibles.<\/p>\n<\/li>\n<li data-start=\"2761\" data-end=\"2852\">\n<p data-start=\"2763\" data-end=\"2852\"><strong data-start=\"2763\" data-end=\"2787\">Apel profesionist:<\/strong> Ideal para cl\u00ednicas dentales, distribuidores y clientes corporativos.<\/p>\n<\/li>\n<\/ul>\n<p data-start=\"2854\" data-end=\"3025\">No es s\u00f3lo una soluci\u00f3n confiable para la higiene bucal personal, sino tambi\u00e9n un producto valioso para las empresas que buscan ofrecer productos de cuidado bucal ecol\u00f3gicos y de alta calidad.<\/p>\n<h2 data-start=\"3032\" data-end=\"3040\">Preguntas frecuentes<\/h2>\n<p data-start=\"3042\" data-end=\"3225\"><strong data-start=\"3042\" data-end=\"3076\">P: \u00bfPara qu\u00e9 se utiliza un raspador de lengua?<\/strong><br data-start=\"3076\" data-end=\"3079\" \/>R: Limpia la superficie de la lengua, eliminando bacterias, restos de comida y desechos metab\u00f3licos, ayudando a reducir el mal aliento y mejorar la higiene bucal.<\/p>\n<p data-start=\"3227\" data-end=\"3363\"><strong data-start=\"3227\" data-end=\"3260\">P: \u00bfCon qu\u00e9 frecuencia debo usarlo?<\/strong><br data-start=\"3260\" data-end=\"3263\" \/>R: Para una salud bucal \u00f3ptima, se recomienda el uso diario, idealmente antes o despu\u00e9s de cepillarse los dientes.<\/p>\n<p data-start=\"3365\" data-end=\"3489\"><strong data-start=\"3365\" data-end=\"3400\">P: \u00bfEs seguro el raspador de lengua para el uso diario?<\/strong><br data-start=\"3400\" data-end=\"3403\" \/>R: S\u00ed, es suave pero eficaz, lo que lo hace seguro para el uso diario sin irritaci\u00f3n.<\/p>\n<p data-start=\"3491\" data-end=\"3647\"><strong data-start=\"3491\" data-end=\"3530\">P: \u00bfPueden las empresas comprar al por mayor?<\/strong><br data-start=\"3530\" data-end=\"3533\" \/>R: Absolutamente. Es adecuado para compras B2B, suministro a granel, personalizaci\u00f3n OEM\/ODM y marcas de marcas privadas.<\/p>\n<p data-start=\"3649\" data-end=\"3794\"><strong data-start=\"3649\" data-end=\"3685\">P: \u00bfEs seguro el raspador de lengua para el uso diario?<\/strong><br data-start=\"3685\" data-end=\"3688\" \/>R: Los materiales biodegradables y ecol\u00f3gicos garantizan un uso sostenible tanto para fines personales como comerciales.<\/p>\n<p data-start=\"3796\" data-end=\"3948\"><strong data-start=\"3796\" data-end=\"3843\">P: \u00bfC\u00f3mo se debe limpiar y mantener?<\/strong><br data-start=\"3843\" data-end=\"3846\" \/>R: Enjuague con agua despu\u00e9s de cada uso. Para una limpieza profunda, use jab\u00f3n suave y s\u00e9quelo al aire antes de guardarlo.<\/p>\n<h2 data-start=\"3955\" data-end=\"3986\"><a href=\"https:\/\/richsourcefloss.com\/es\/contact-us\/\">Cont\u00e1ctenos<\/a> para pedidos al por mayor<\/h2>\n<p><img decoding=\"async\" class=\"size-medium wp-image-1192\" src=\"https:\/\/richsourcefloss.com\/wp-content\/uploads\/2025\/12\/screenshot_2025-12-26_15-59-53-300x284.png\" alt=\"Raspador de lengua\" width=\"300\" height=\"284\" srcset=\"https:\/\/richsourcefloss.com\/wp-content\/uploads\/2025\/12\/screenshot_2025-12-26_15-59-53-300x284.png 300w, https:\/\/richsourcefloss.com\/wp-content\/uploads\/2025\/12\/screenshot_2025-12-26_15-59-53-13x12.png 13w, https:\/\/richsourcefloss.com\/wp-content\/uploads\/2025\/12\/screenshot_2025-12-26_15-59-53-600x567.png 600w, https:\/\/richsourcefloss.com\/wp-content\/uploads\/2025\/12\/screenshot_2025-12-26_15-59-53.png 733w\" sizes=\"(max-width: 300px) 100vw, 300px\" \/><\/p>\n<p data-start=\"3987\" data-end=\"4198\">\u00bfbusca conseguir productos de limpieza de lengua de alta calidad para su negocio? Ya sea distribuidor, cl\u00ednica dental o minorista, ofrecemos suministro a granel, personalizaci\u00f3n OEM\/ODM y soluciones de marca privada.<\/p>\n<p data-start=\"4200\" data-end=\"4301\">\u00a1empiece a ofrecer a sus clientes productos ecol\u00f3gicos y mejore su oferta de cuidado bucal hoy!<\/p>","protected":false},"excerpt":{"rendered":"<p>Un limpiador lingual es un utensilio de higiene bucal que se utiliza para limpiar la superficie de la lengua. Al eliminar suavemente bacterias, restos de comida y desechos metab\u00f3licos, ayuda a reducir el mal aliento y mejora la higiene bucal en general. Como complemento del cepillado diario, un limpiador lingual ayuda a mejorar el aliento y a mantener la salud bucal.<\/p>\n<p><strong><span style=\"color: #00985f;\">\u221a<\/span><\/strong> Limpiador de lengua con mango biodegradable<br \/>\n<strong><span style=\"color: #00985f;\">\u221a<\/span><\/strong> Raspador de lengua biodegradable<br \/>\n<strong><span style=\"color: #00985f;\">\u221a<\/span><\/strong> Cepillo de lengua ecol\u00f3gico<br \/>\n<strong><span style=\"color: #00985f;\">\u221a<\/span><\/strong> Raspador de lengua para el cuidado bucal diario<\/p>","protected":false},"featured_media":689,"comment_status":"open","ping_status":"closed","template":"","meta":[],"product_brand":[],"product_cat":[16],"product_tag":[],"class_list":{"0":"post-688","1":"product","2":"type-product","3":"status-publish","4":"has-post-thumbnail","6":"product_cat-uncategorized","8":"first","9":"instock","10":"shipping-taxable","11":"product-type-simple"},"_links":{"self":[{"href":"https:\/\/richsourcefloss.com\/es\/wp-json\/wp\/v2\/product\/688","targetHints":{"allow":["GET"]}}],"collection":[{"href":"https:\/\/richsourcefloss.com\/es\/wp-json\/wp\/v2\/product"}],"about":[{"href":"https:\/\/richsourcefloss.com\/es\/wp-json\/wp\/v2\/types\/product"}],"replies":[{"embeddable":true,"href":"https:\/\/richsourcefloss.com\/es\/wp-json\/wp\/v2\/comments?post=688"}],"wp:featuredmedia":[{"embeddable":true,"href":"https:\/\/richsourcefloss.com\/es\/wp-json\/wp\/v2\/media\/689"}],"wp:attachment":[{"href":"https:\/\/richsourcefloss.com\/es\/wp-json\/wp\/v2\/media?parent=688"}],"wp:term":[{"taxonomy":"product_brand","embeddable":true,"href":"https:\/\/richsourcefloss.com\/es\/wp-json\/wp\/v2\/product_brand?post=688"},{"taxonomy":"product_cat","embeddable":true,"href":"https:\/\/richsourcefloss.com\/es\/wp-json\/wp\/v2\/product_cat?post=688"},{"taxonomy":"product_tag","embeddable":true,"href":"https:\/\/richsourcefloss.com\/es\/wp-json\/wp\/v2\/product_tag?post=688"}],"curies":[{"name":"wp","href":"https:\/\/api.w.org\/{rel}","templated":true}]}}