{"id":709,"date":"2025-12-18T03:01:54","date_gmt":"2025-12-18T03:01:54","guid":{"rendered":"https:\/\/richsourcefloss.com\/?post_type=product&#038;p=709"},"modified":"2025-12-29T06:35:22","modified_gmt":"2025-12-29T06:35:22","slug":"plastic-fishbone-shaped-toothpicks","status":"publish","type":"product","link":"https:\/\/richsourcefloss.com\/es\/product\/plastic-fishbone-shaped-toothpicks\/","title":{"rendered":"Palillos de dientes de pl\u00e1stico con forma de espina de pescado"},"content":{"rendered":"<h2 data-start=\"78\" data-end=\"125\">\u00bfqu\u00e9 es un palillo de dientes de pl\u00e1stico con forma de espina de pescado?<\/h2>\n<p><img fetchpriority=\"high\" decoding=\"async\" class=\"size-medium wp-image-1242\" src=\"https:\/\/richsourcefloss.com\/wp-content\/uploads\/2025\/12\/screenshot_2025-12-29_11-41-34-300x285.png\" alt=\"Palillos de dientes\" width=\"300\" height=\"285\" srcset=\"https:\/\/richsourcefloss.com\/wp-content\/uploads\/2025\/12\/screenshot_2025-12-29_11-41-34-300x285.png 300w, https:\/\/richsourcefloss.com\/wp-content\/uploads\/2025\/12\/screenshot_2025-12-29_11-41-34-13x12.png 13w, https:\/\/richsourcefloss.com\/wp-content\/uploads\/2025\/12\/screenshot_2025-12-29_11-41-34.png 483w\" sizes=\"(max-width: 300px) 100vw, 300px\" \/><\/p>\n<p data-start=\"127\" data-end=\"579\">Los palillos de dientes de pl\u00e1stico con forma de espina de pescado son herramientas innovadoras de higiene bucal dise\u00f1adas con una estructura \u00fanica de espina de pescado, generalmente hechas de pl\u00e1stico de calidad alimentaria. Son ideales para eliminar los restos de comida entre los dientes y ofrecen una soluci\u00f3n sencilla y eficaz para la limpieza interdental espec\u00edfica. El cuerpo delgado y la punta puntiaguda facilitan el acceso a espacios reducidos, lo que los hace perfectos para usar despu\u00e9s de las comidas, durante los viajes o como parte de las rutinas diarias de cuidado bucal.<\/p>\n<h2 data-start=\"586\" data-end=\"626\">Beneficios de usar palillos de espina de pescado<\/h2>\n<p data-start=\"628\" data-end=\"733\">El uso de palillos en forma de espina de pescado proporciona m\u00faltiples ventajas para la higiene bucal personal y profesional:<\/p>\n<ul data-start=\"735\" data-end=\"1072\">\n<li data-start=\"735\" data-end=\"803\">\n<p data-start=\"737\" data-end=\"803\"><strong data-start=\"737\" data-end=\"761\">Elimina los restos de comida:<\/strong> Limpia \u00e1reas a las que los cepillos de dientes no pueden llegar.<\/p>\n<\/li>\n<li data-start=\"804\" data-end=\"886\">\n<p data-start=\"806\" data-end=\"886\"><strong data-start=\"806\" data-end=\"830\">Apoya la salud de las enc\u00edas:<\/strong> Ayuda a prevenir la acumulaci\u00f3n de placa y la irritaci\u00f3n de las enc\u00edas.<\/p>\n<\/li>\n<li data-start=\"887\" data-end=\"965\">\n<p data-start=\"889\" data-end=\"965\"><strong data-start=\"889\" data-end=\"917\">Port\u00e1til y conveniente:<\/strong> Ligero, desechable y apto para viajar.<\/p>\n<\/li>\n<li data-start=\"966\" data-end=\"1072\">\n<p data-start=\"968\" data-end=\"1072\"><strong data-start=\"968\" data-end=\"993\">Op\u021biuni personalizate:<\/strong> Ideal para empresas que buscan soluciones ecol\u00f3gicas, masivas o de marca privada.<\/p>\n<\/li>\n<\/ul>\n<h2 data-start=\"1079\" data-end=\"1090\">Caracter\u00edsticas<\/h2>\n<p><img decoding=\"async\" class=\"alignnone size-medium wp-image-1244\" src=\"https:\/\/richsourcefloss.com\/wp-content\/uploads\/2025\/12\/screenshot_2025-12-29_11-41-42-230x300.png\" alt=\"Palillos de dientes\" width=\"230\" height=\"300\" srcset=\"https:\/\/richsourcefloss.com\/wp-content\/uploads\/2025\/12\/screenshot_2025-12-29_11-41-42-230x300.png 230w, https:\/\/richsourcefloss.com\/wp-content\/uploads\/2025\/12\/screenshot_2025-12-29_11-41-42-9x12.png 9w, https:\/\/richsourcefloss.com\/wp-content\/uploads\/2025\/12\/screenshot_2025-12-29_11-41-42.png 454w\" sizes=\"(max-width: 230px) 100vw, 230px\" \/><\/p>\n<p data-start=\"1092\" data-end=\"1177\">Estos palillos de dientes est\u00e1n dise\u00f1ados para una limpieza eficaz y soluciones favorables para los negocios:<\/p>\n<ul data-start=\"1179\" data-end=\"1553\">\n<li data-start=\"1179\" data-end=\"1266\">\n<p data-start=\"1181\" data-end=\"1266\"><strong data-start=\"1181\" data-end=\"1207\">Punta delgada y puntiaguda:<\/strong> Accede a espacios interdentales estrechos para una limpieza profunda.<\/p>\n<\/li>\n<li data-start=\"1267\" data-end=\"1343\">\n<p data-start=\"1269\" data-end=\"1343\"><strong data-start=\"1269\" data-end=\"1295\">Desechable e higi\u00e9nico:<\/strong> El dise\u00f1o de un solo uso reduce el riesgo de contaminaci\u00f3n.<\/p>\n<\/li>\n<li data-start=\"1344\" data-end=\"1422\">\n<p data-start=\"1346\" data-end=\"1422\"><strong data-start=\"1346\" data-end=\"1371\">Op\u021biuni eco-friendly:<\/strong> Fabricado con materiales reciclables o biodegradables.<\/p>\n<\/li>\n<li data-start=\"1423\" data-end=\"1471\">\n<p data-start=\"1425\" data-end=\"1471\"><strong data-start=\"1425\" data-end=\"1450\">Apto para ni\u00f1os y adultos:<\/strong> Seguro para todas las edades.<\/p>\n<\/li>\n<li data-start=\"1472\" data-end=\"1553\">\n<p data-start=\"1474\" data-end=\"1553\"><strong data-start=\"1474\" data-end=\"1500\">Logotipo personalizado disponible:<\/strong> Perfecto para fines promocionales o de marca privada.<\/p>\n<\/li>\n<\/ul>\n<h2 data-start=\"1560\" data-end=\"1585\">Tabla comparativa r\u00e1pida<\/h2>\n<div class=\"TyagGW_tableContainer\">\n<div class=\"group TyagGW_tableWrapper flex w-fit flex-col-reverse\" tabindex=\"-1\">\n<table class=\"w-fit min-w-(--thread-content-width)\" data-start=\"1587\" data-end=\"2131\">\n<thead data-start=\"1587\" data-end=\"1623\">\n<tr data-start=\"1587\" data-end=\"1623\">\n<th data-start=\"1587\" data-end=\"1597\" data-col-size=\"sm\">Caracter\u00edstica<\/th>\n<th data-start=\"1597\" data-end=\"1611\" data-col-size=\"md\">Descripci\u00f3n<\/th>\n<th data-start=\"1611\" data-end=\"1623\" data-col-size=\"md\">Beneficios<\/th>\n<\/tr>\n<\/thead>\n<tbody data-start=\"1660\" data-end=\"2131\">\n<tr data-start=\"1660\" data-end=\"1728\">\n<td data-start=\"1660\" data-end=\"1668\" data-col-size=\"sm\">Forma<\/td>\n<td data-col-size=\"md\" data-start=\"1668\" data-end=\"1689\">Estructura de espina de pescado<\/td>\n<td data-col-size=\"md\" data-start=\"1689\" data-end=\"1728\">Acceso m\u00e1s f\u00e1cil a los espacios interdentales<\/td>\n<\/tr>\n<tr data-start=\"1729\" data-end=\"1824\">\n<td data-start=\"1729\" data-end=\"1740\" data-col-size=\"sm\">Material<\/td>\n<td data-col-size=\"md\" data-start=\"1740\" data-end=\"1799\">Pl\u00e1stico de calidad alimentaria (opci\u00f3n por reciclable\/biodegradable)<\/td>\n<td data-col-size=\"md\" data-start=\"1799\" data-end=\"1824\">Seguro y ecol\u00f3gico<\/td>\n<\/tr>\n<tr data-start=\"1825\" data-end=\"1899\">\n<td data-start=\"1825\" data-end=\"1834\" data-col-size=\"sm\">Dise\u00f1o<\/td>\n<td data-start=\"1834\" data-end=\"1857\" data-col-size=\"md\">Punta delgada y puntiaguda<\/td>\n<td data-col-size=\"md\" data-start=\"1857\" data-end=\"1899\">Limpieza minuciosa sin da\u00f1ar las enc\u00edas<\/td>\n<\/tr>\n<tr data-start=\"1900\" data-end=\"1973\">\n<td data-start=\"1900\" data-end=\"1908\" data-col-size=\"sm\">Uso<\/td>\n<td data-col-size=\"md\" data-start=\"1908\" data-end=\"1932\">Desechable e higi\u00e9nico<\/td>\n<td data-col-size=\"md\" data-start=\"1932\" data-end=\"1973\">Conveniente para uso diario o mientras viaja<\/td>\n<\/tr>\n<tr data-start=\"1974\" data-end=\"2068\">\n<td data-start=\"1974\" data-end=\"1990\" data-col-size=\"sm\">Personalizaci\u00f3n<\/td>\n<td data-col-size=\"md\" data-start=\"1990\" data-end=\"2019\">Logotipo y embalaje disponibles<\/td>\n<td data-col-size=\"md\" data-start=\"2019\" data-end=\"2068\">Ideal para B2B, cl\u00ednicas dentales y promociones<\/td>\n<\/tr>\n<tr data-start=\"2069\" data-end=\"2131\">\n<td data-start=\"2069\" data-end=\"2081\" data-col-size=\"sm\">Grupo de edad<\/td>\n<td data-col-size=\"md\" data-start=\"2081\" data-end=\"2097\">Ni\u00f1os y adultos<\/td>\n<td data-col-size=\"md\" data-start=\"2097\" data-end=\"2131\">Seguro y apto para todos<\/td>\n<\/tr>\n<\/tbody>\n<\/table>\n<\/div>\n<\/div>\n<h2 data-start=\"2138\" data-end=\"2151\">C\u00f3mo utilizar<\/h2>\n<ol data-start=\"2153\" data-end=\"2386\">\n<li data-start=\"2153\" data-end=\"2194\">\n<p data-start=\"2156\" data-end=\"2194\">Retire un palillo del paquete.<\/p>\n<\/li>\n<li data-start=\"2195\" data-end=\"2273\">\n<p data-start=\"2198\" data-end=\"2273\">Inserte con cuidado la punta puntiaguda entre los dientes donde hay restos de comida.<\/p>\n<\/li>\n<li data-start=\"2274\" data-end=\"2347\">\n<p data-start=\"2277\" data-end=\"2347\">Deslice o gire con cuidado para desalojar las part\u00edculas sin da\u00f1ar las enc\u00edas.<\/p>\n<\/li>\n<li data-start=\"2348\" data-end=\"2386\">\n<p data-start=\"2351\" data-end=\"2386\">Deseche despu\u00e9s de su uso para higiene.<\/p>\n<\/li>\n<\/ol>\n<p data-start=\"2388\" data-end=\"2478\"><em data-start=\"2388\" data-end=\"2394\">Consejo:<\/em> El uso regular despu\u00e9s de las comidas favorece dientes m\u00e1s limpios, enc\u00edas m\u00e1s saludables y un aliento m\u00e1s fresco.<\/p>\n<h2 data-start=\"2485\" data-end=\"2522\">\u00bfpor qu\u00e9 elegir nuestros palillos de dientes de espina de pescado<\/h2>\n<p><img decoding=\"async\" class=\"alignnone size-medium wp-image-1245\" src=\"https:\/\/richsourcefloss.com\/wp-content\/uploads\/2025\/12\/screenshot_2025-12-29_11-41-48-221x300.png\" alt=\"Palillos de dientes\" width=\"221\" height=\"300\" srcset=\"https:\/\/richsourcefloss.com\/wp-content\/uploads\/2025\/12\/screenshot_2025-12-29_11-41-48-221x300.png 221w, https:\/\/richsourcefloss.com\/wp-content\/uploads\/2025\/12\/screenshot_2025-12-29_11-41-48-9x12.png 9w, https:\/\/richsourcefloss.com\/wp-content\/uploads\/2025\/12\/screenshot_2025-12-29_11-41-48.png 411w\" sizes=\"(max-width: 221px) 100vw, 221px\" \/><\/p>\n<p data-start=\"2524\" data-end=\"2613\">Esta soluci\u00f3n de higiene bucal combina calidad, comodidad y caracter\u00edsticas favorables para los negocios:<\/p>\n<ul data-start=\"2615\" data-end=\"2950\">\n<li data-start=\"2615\" data-end=\"2675\">\n<p data-start=\"2617\" data-end=\"2675\"><strong data-start=\"2617\" data-end=\"2634\">Alta calidad:<\/strong> Fabricado con pl\u00e1stico duradero y de calidad alimentaria.<\/p>\n<\/li>\n<li data-start=\"2676\" data-end=\"2769\">\n<p data-start=\"2678\" data-end=\"2769\"><strong data-start=\"2678\" data-end=\"2705\">Materiales ecol\u00f3gicos:<\/strong> Opciones disponibles para producci\u00f3n reciclable o biodegradable.<\/p>\n<\/li>\n<li data-start=\"2770\" data-end=\"2847\">\n<p data-start=\"2772\" data-end=\"2847\"><strong data-start=\"2772\" data-end=\"2790\">Solu\u021bii B2B:<\/strong> Suministro a granel, logotipos personalizados y servicios de marca privada.<\/p>\n<\/li>\n<li data-start=\"2848\" data-end=\"2950\">\n<p data-start=\"2850\" data-end=\"2950\"><strong data-start=\"2850\" data-end=\"2874\">Apel profesionist:<\/strong> Perfecto para cl\u00ednicas dentales, minoristas, distribuidores y uso promocional.<\/p>\n<\/li>\n<\/ul>\n<h2 data-start=\"2957\" data-end=\"2963\">Preguntas frecuentes<\/h2>\n<p data-start=\"2965\" data-end=\"3097\"><strong data-start=\"2965\" data-end=\"3017\">P: \u00bfPara qu\u00e9 se utilizan los palillos con forma de espina de pescado?<\/strong><br data-start=\"3017\" data-end=\"3020\" \/>R: Eliminan los restos de comida entre los dientes y ayudan a mantener la salud de las enc\u00edas.<\/p>\n<p data-start=\"3099\" data-end=\"3209\"><strong data-start=\"3099\" data-end=\"3141\">P: \u00bfSon estos palillos seguros para los ni\u00f1os?<\/strong><br data-start=\"3141\" data-end=\"3144\" \/>R: S\u00ed, hay disponibles versiones especialmente dise\u00f1adas para ni\u00f1os.<\/p>\n<p data-start=\"3211\" data-end=\"3353\"><strong data-start=\"3211\" data-end=\"3268\">P: \u00bfPueden las empresas realizar pedidos al por mayor o con logotipos personalizados?<\/strong><br data-start=\"3268\" data-end=\"3271\" \/>R: Absolutamente. Proporcionamos suministro a granel, servicios de marca privada y logotipos personalizados.<\/p>\n<p data-start=\"3355\" data-end=\"3485\"><strong data-start=\"3355\" data-end=\"3393\">P: \u00bfSon los materiales ecol\u00f3gicos?<\/strong><br data-start=\"3393\" data-end=\"3396\" \/>R: S\u00ed, las opciones incluyen pl\u00e1stico reciclable y biodegradable para un cuidado bucal sostenible.<\/p>\n<p data-start=\"3487\" data-end=\"3632\"><strong data-start=\"3487\" data-end=\"3533\">P: \u00bfPueden los adultos utilizar estos palillos de forma segura?<\/strong><br data-start=\"3533\" data-end=\"3536\" \/>R: S\u00ed, son adecuados para adultos y proporcionan una limpieza interdental c\u00f3moda y eficaz.<\/p>\n<p><strong>P: \u00bfSon los materiales ecol\u00f3gicos?<\/strong><br \/>\nR: S\u00ed, las opciones incluyen pl\u00e1stico reciclable y biodegradable para respaldar el cuidado bucal sostenible.<\/p>\n<p><strong>P: \u00bfPueden las empresas realizar pedidos al por mayor?<\/strong><br \/>\nR: Absolutamente. Ofrecemos suministros de gran volumen adecuados para distribuidores, cl\u00ednicas dentales y minoristas.<\/p>\n<p><strong>P: \u00bfHay etiquetas privadas disponibles para mi marca?<\/strong><br \/>\nR: S\u00ed, ofrecemos logotipos y empaques personalizados, lo que facilita la venta bajo su propia marca.<\/p>\n<p><strong>P: \u00bfSe puede personalizar el embalaje con fines promocionales?<\/strong><br \/>\nR: S\u00ed, puede seleccionar entre varios dise\u00f1os de empaque, materiales y opciones de impresi\u00f3n para adaptarse a las campa\u00f1as de marketing.<\/p>\n<p>P: \u00bfCu\u00e1l es la cantidad m\u00ednima de pedido (MOQ) para pedidos al por mayor?<br \/>\nR: MOQ var\u00eda seg\u00fan las opciones de personalizaci\u00f3n, pero ofrecemos soluciones flexibles para adaptarse a pedidos peque\u00f1os y grandes.<\/p>\n<p><strong>P: \u00bfExisten diferentes tama\u00f1os o dise\u00f1os de puntas para diferentes mercados?<\/strong><br \/>\nR: S\u00ed, ofrecemos opciones como versiones aptas para ni\u00f1os, tallas est\u00e1ndar para adultos y puntas extrafinas para enc\u00edas sensibles.<\/p>\n<p><strong>P: \u00bfSe pueden fabricar los palillos con materiales ecol\u00f3gicos para una l\u00ednea de productos ecol\u00f3gicos?<\/strong><br \/>\nR: Absolutamente. Ofrecemos materiales reciclables y biodegradables para satisfacer las demandas del mercado con conciencia ecol\u00f3gica.<\/p>\n<h2 data-start=\"3639\" data-end=\"3668\">Cont\u00e1ctenos para pedidos al por mayor<\/h2>\n<p data-start=\"3670\" data-end=\"3886\">\u00bfbusca conseguir palillos de dientes con forma de espina de pescado de alta calidad para su negocio? Ya sea distribuidor, cl\u00ednica dental o minorista, ofrecemos suministro a granel, personalizaci\u00f3n de marca privada y opciones ecol\u00f3gicas.<\/p>\n<p data-start=\"3888\" data-end=\"3988\"><strong data-start=\"3888\" data-end=\"3986\">\u00a1comience a brindarles a sus clientes herramientas de cuidado bucal convenientes, higi\u00e9nicas y sostenibles hoy mismo!<\/strong><\/p>","protected":false},"excerpt":{"rendered":"<p>Los palillos de pl\u00e1stico con forma de espina de pescado son herramientas de higiene bucal dise\u00f1adas con este mismo dise\u00f1o, generalmente de pl\u00e1stico apto para uso alimentario, y se utilizan para eliminar restos de comida entre los dientes. Su estructura delgada y punta puntiaguda facilitan el acceso a los espacios interdentales para una limpieza espec\u00edfica, lo que los hace ideales para el cuidado bucal temporal despu\u00e9s de las comidas.<\/p>\n<p><strong><span style=\"color: #00985f;\">\u221a<\/span><\/strong> Palillo dental<br \/>\n<strong><span style=\"color: #00985f;\">\u221a<\/span><\/strong> Palillo de dientes desechable<br \/>\n<strong><span style=\"color: #00985f;\">\u221a<\/span><\/strong> Palillo de dientes ecol\u00f3gico<br \/>\n<strong><span style=\"color: #00985f;\">\u221a<\/span><\/strong> Palillo de dientes para ni\u00f1os<br \/>\n<strong><span style=\"color: #00985f;\">\u221a<\/span><\/strong> Palillo de dientes para adultos<br \/>\n<strong><span style=\"color: #00985f;\">\u221a<\/span><\/strong> Palillo de dientes con logotipo personalizado<\/p>","protected":false},"featured_media":710,"comment_status":"open","ping_status":"closed","template":"","meta":[],"product_brand":[],"product_cat":[16],"product_tag":[],"class_list":{"0":"post-709","1":"product","2":"type-product","3":"status-publish","4":"has-post-thumbnail","6":"product_cat-uncategorized","8":"first","9":"instock","10":"shipping-taxable","11":"product-type-simple"},"_links":{"self":[{"href":"https:\/\/richsourcefloss.com\/es\/wp-json\/wp\/v2\/product\/709","targetHints":{"allow":["GET"]}}],"collection":[{"href":"https:\/\/richsourcefloss.com\/es\/wp-json\/wp\/v2\/product"}],"about":[{"href":"https:\/\/richsourcefloss.com\/es\/wp-json\/wp\/v2\/types\/product"}],"replies":[{"embeddable":true,"href":"https:\/\/richsourcefloss.com\/es\/wp-json\/wp\/v2\/comments?post=709"}],"wp:featuredmedia":[{"embeddable":true,"href":"https:\/\/richsourcefloss.com\/es\/wp-json\/wp\/v2\/media\/710"}],"wp:attachment":[{"href":"https:\/\/richsourcefloss.com\/es\/wp-json\/wp\/v2\/media?parent=709"}],"wp:term":[{"taxonomy":"product_brand","embeddable":true,"href":"https:\/\/richsourcefloss.com\/es\/wp-json\/wp\/v2\/product_brand?post=709"},{"taxonomy":"product_cat","embeddable":true,"href":"https:\/\/richsourcefloss.com\/es\/wp-json\/wp\/v2\/product_cat?post=709"},{"taxonomy":"product_tag","embeddable":true,"href":"https:\/\/richsourcefloss.com\/es\/wp-json\/wp\/v2\/product_tag?post=709"}],"curies":[{"name":"wp","href":"https:\/\/api.w.org\/{rel}","templated":true}]}}