{"id":1037,"date":"2025-12-20T02:21:10","date_gmt":"2025-12-20T02:21:10","guid":{"rendered":"https:\/\/richsourcefloss.com\/?page_id=1037"},"modified":"2025-12-29T02:35:33","modified_gmt":"2025-12-29T02:35:33","slug":"shipping-policy","status":"publish","type":"page","link":"https:\/\/richsourcefloss.com\/pt\/shipping-policy\/","title":{"rendered":"Pol\u00edtica de Envio"},"content":{"rendered":"<div data-elementor-type=\"wp-page\" data-elementor-id=\"1037\" class=\"elementor elementor-1037\" data-elementor-post-type=\"page\">\n\t\t\t\t<div class=\"elementor-element elementor-element-474d0d3 e-flex e-con-boxed e-con e-parent\" data-id=\"474d0d3\" data-element_type=\"container\" data-e-type=\"container\">\n\t\t\t\t\t<div class=\"e-con-inner\">\n\t\t\t\t<div class=\"elementor-element elementor-element-af0b8a7 elementor-widget elementor-widget-heading\" data-id=\"af0b8a7\" data-element_type=\"widget\" data-e-type=\"widget\" data-widget_type=\"heading.default\">\n\t\t\t\t\t<h2 class=\"elementor-heading-title elementor-size-default\">Pol\u00edtica de Envio<\/h2>\t\t\t\t<\/div>\n\t\t\t\t<div class=\"elementor-element elementor-element-16c55df elementor-widget elementor-widget-text-editor\" data-id=\"16c55df\" data-element_type=\"widget\" data-e-type=\"widget\" data-widget_type=\"text-editor.default\">\n\t\t\t\t\t\t\t\t\t<p>No\u00a0<strong><b>Shandong Richsource Biological Technology Co., Ltd.<\/b><\/strong>, N\u00f3s nos esfor\u00e7amos para fornecer produtos de alta qualidade e um excelente atendimento ao cliente. Entendemos que, \u00e0s vezes, um produto pode n\u00e3o atender \u00e0s suas expectativas. Nesse caso, oferecemos uma pol\u00edtica de reembolso que permite a devolu\u00e7\u00e3o do produto dentro de um determinado per\u00edodo a partir da data da compra.<\/p><p>Informamos que n\u00e3o podemos fazer promessas ou garantias sobre o resultado de qualquer produto que oferecemos. Nos esfor\u00e7amos para fornecer produtos de alta qualidade, mas o sucesso de qualquer produto depende de v\u00e1rios fatores que est\u00e3o fora do nosso controle. Portanto, n\u00e3o podemos oferecer reembolsos com base no resultado de qualquer produto.<\/p><h5>Nossa pol\u00edtica de reembolso \u00e9 a seguinte:<\/h5><p>Caso n\u00e3o esteja satisfeito com o produto, voc\u00ea poder\u00e1 ter direito a uma devolu\u00e7\u00e3o.<\/p><p>Para iniciar uma devolu\u00e7\u00e3o, entre em contato conosco pelo endere\u00e7o:\u00a0<span style=\"color: #339966;\"><a style=\"color: #339966;\" href=\"mailto:dongweibai60@gmail.com\"><strong><b>dongweibai60@gmail.com<\/b><\/strong><\/a><\/span>.<\/p><p>Para ser eleg\u00edvel para devolu\u00e7\u00e3o, o produto deve estar na embalagem original e em perfeitas condi\u00e7\u00f5es.<\/p><p>As taxas de envio e manuseio n\u00e3o s\u00e3o reembols\u00e1veis.<\/p><p>Assim que recebermos o produto, iremos avali\u00e1-lo e determinar se a devolu\u00e7\u00e3o \u00e9 apropriada.<\/p><p>Informamos que nos reservamos o direito de recusar uma devolu\u00e7\u00e3o caso o produto n\u00e3o atenda aos crit\u00e9rios da nossa pol\u00edtica de devolu\u00e7\u00f5es.<\/p><p>Se voc\u00ea tiver alguma d\u00favida ou preocupa\u00e7\u00e3o sobre nossa pol\u00edtica de reembolso, n\u00e3o hesite em nos contatar pelo endere\u00e7o:\u00a0<a href=\"mailto:dongweibai60@gmail.com\"><span style=\"color: #339966;\"><strong><b>dongweibai60@gmail.com<\/b><\/strong><\/span><\/a><\/p>\t\t\t\t\t\t\t\t<\/div>\n\t\t\t\t\t<\/div>\n\t\t\t\t<\/div>\n\t\t\t\t<\/div>","protected":false},"excerpt":{"rendered":"<p>Shipping Policy At\u00a0Shandong Richsource Biological Technology Co., Ltd., we strive to provide high-quality products and excellent customer service. We understand that sometimes a product may not meet your expectations. In such an event, we offer a refund policy that allows you to return the product within a certain period of time from the date of [&hellip;]<\/p>\n","protected":false},"author":1,"featured_media":0,"parent":0,"menu_order":0,"comment_status":"closed","ping_status":"closed","template":"","meta":{"footnotes":""},"class_list":["post-1037","page","type-page","status-publish","hentry"],"_links":{"self":[{"href":"https:\/\/richsourcefloss.com\/pt\/wp-json\/wp\/v2\/pages\/1037","targetHints":{"allow":["GET"]}}],"collection":[{"href":"https:\/\/richsourcefloss.com\/pt\/wp-json\/wp\/v2\/pages"}],"about":[{"href":"https:\/\/richsourcefloss.com\/pt\/wp-json\/wp\/v2\/types\/page"}],"author":[{"embeddable":true,"href":"https:\/\/richsourcefloss.com\/pt\/wp-json\/wp\/v2\/users\/1"}],"replies":[{"embeddable":true,"href":"https:\/\/richsourcefloss.com\/pt\/wp-json\/wp\/v2\/comments?post=1037"}],"version-history":[{"count":0,"href":"https:\/\/richsourcefloss.com\/pt\/wp-json\/wp\/v2\/pages\/1037\/revisions"}],"wp:attachment":[{"href":"https:\/\/richsourcefloss.com\/pt\/wp-json\/wp\/v2\/media?parent=1037"}],"curies":[{"name":"wp","href":"https:\/\/api.w.org\/{rel}","templated":true}]}}