{"id":1042,"date":"2025-12-20T02:22:43","date_gmt":"2025-12-20T02:22:43","guid":{"rendered":"https:\/\/richsourcefloss.com\/?page_id=1042"},"modified":"2025-12-29T02:34:40","modified_gmt":"2025-12-29T02:34:40","slug":"refund-policy","status":"publish","type":"page","link":"https:\/\/richsourcefloss.com\/pt\/refund-policy\/","title":{"rendered":"Pol\u00edtica de reembolso"},"content":{"rendered":"<div data-elementor-type=\"wp-page\" data-elementor-id=\"1042\" class=\"elementor elementor-1042\" data-elementor-post-type=\"page\">\n\t\t\t\t<div class=\"elementor-element elementor-element-a3576a8 e-flex e-con-boxed e-con e-parent\" data-id=\"a3576a8\" data-element_type=\"container\" data-e-type=\"container\">\n\t\t\t\t\t<div class=\"e-con-inner\">\n\t\t\t\t<div class=\"elementor-element elementor-element-c97a697 elementor-widget elementor-widget-heading\" data-id=\"c97a697\" data-element_type=\"widget\" data-e-type=\"widget\" data-widget_type=\"heading.default\">\n\t\t\t\t\t<h2 class=\"elementor-heading-title elementor-size-default\">Pol\u00edtica de reembolso<\/h2>\t\t\t\t<\/div>\n\t\t\t\t<div class=\"elementor-element elementor-element-331976b elementor-widget elementor-widget-text-editor\" data-id=\"331976b\" data-element_type=\"widget\" data-e-type=\"widget\" data-widget_type=\"text-editor.default\">\n\t\t\t\t\t\t\t\t\t<p>No\u00a0<strong><b>Shandong Richsource Biological Technology Co., Ltd.<\/b><\/strong><strong><b>\u00a0<\/b><\/strong>Nos esfor\u00e7amos para fornecer entregas r\u00e1pidas e eficientes de nossos produtos aos nossos clientes. Enviamos nossos produtos para clientes tanto no mercado nacional quanto internacional.<\/p><h5>Envio nacional:<\/h5><p>Enviamos nossos produtos dentro da China continental por meio de diversas transportadoras, dependendo do produto e da localiza\u00e7\u00e3o do cliente.<\/p><p>As taxas de envio nacional podem variar dependendo do peso e tamanho do produto, bem como do destino do envio.<\/p><p>O prazo estimado de entrega para envios nacionais \u00e9 normalmente de 3 a 7 dias \u00fateis, dependendo da transportadora e do destino da remessa.<\/p><h5>Envio internacional:<\/h5><p>Enviamos nossos produtos para clientes internacionais por meio de diversas transportadoras, dependendo do produto e da localiza\u00e7\u00e3o do cliente.<\/p><p>As taxas de envio internacional podem variar dependendo do peso e tamanho do produto, bem como do destino do envio.<\/p><p>O prazo estimado de entrega para envios internacionais varia dependendo da transportadora e do destino. Os prazos de entrega podem ser afetados pela alf\u00e2ndega e outros fatores fora do nosso controle.<\/p><p>Informamos que n\u00e3o nos responsabilizamos por quaisquer taxas alfandeg\u00e1rias, impostos ou encargos que possam ser cobrados pelo pa\u00eds de destino. O cliente \u00e9 respons\u00e1vel por quaisquer taxas dessa natureza.<\/p><p>Se voc\u00ea tiver alguma d\u00favida ou preocupa\u00e7\u00e3o sobre o envio, n\u00e3o hesite em nos contatar pelo endere\u00e7o:\u00a0<strong><a href=\"mailto:dongweibai60@gmail.com\"><span style=\"color: #339966;\">dongweibai60@gmail.com<\/span><\/a><\/strong><\/p>\t\t\t\t\t\t\t\t<\/div>\n\t\t\t\t\t<\/div>\n\t\t\t\t<\/div>\n\t\t\t\t<\/div>","protected":false},"excerpt":{"rendered":"<p>Refund Policy At\u00a0Shandong Richsource Biological Technology Co., Ltd.\u00a0we strive to provide timely and efficient delivery of our products to our customers. We ship our products to customers both domestically and internationally. Domestic Shipping: We ship our products within mainland China via various shipping carriers, depending on the product and the location of the customer. Domestic [&hellip;]<\/p>\n","protected":false},"author":1,"featured_media":0,"parent":0,"menu_order":0,"comment_status":"closed","ping_status":"closed","template":"","meta":{"footnotes":""},"class_list":["post-1042","page","type-page","status-publish","hentry"],"_links":{"self":[{"href":"https:\/\/richsourcefloss.com\/pt\/wp-json\/wp\/v2\/pages\/1042","targetHints":{"allow":["GET"]}}],"collection":[{"href":"https:\/\/richsourcefloss.com\/pt\/wp-json\/wp\/v2\/pages"}],"about":[{"href":"https:\/\/richsourcefloss.com\/pt\/wp-json\/wp\/v2\/types\/page"}],"author":[{"embeddable":true,"href":"https:\/\/richsourcefloss.com\/pt\/wp-json\/wp\/v2\/users\/1"}],"replies":[{"embeddable":true,"href":"https:\/\/richsourcefloss.com\/pt\/wp-json\/wp\/v2\/comments?post=1042"}],"version-history":[{"count":0,"href":"https:\/\/richsourcefloss.com\/pt\/wp-json\/wp\/v2\/pages\/1042\/revisions"}],"wp:attachment":[{"href":"https:\/\/richsourcefloss.com\/pt\/wp-json\/wp\/v2\/media?parent=1042"}],"curies":[{"name":"wp","href":"https:\/\/api.w.org\/{rel}","templated":true}]}}