{"id":3,"date":"2025-12-15T01:11:20","date_gmt":"2025-12-15T01:11:20","guid":{"rendered":"https:\/\/richsourcefloss.com\/?page_id=3"},"modified":"2025-12-29T02:25:50","modified_gmt":"2025-12-29T02:25:50","slug":"privacy-policy","status":"publish","type":"page","link":"https:\/\/richsourcefloss.com\/pt\/privacy-policy\/","title":{"rendered":"pol\u00edtica de Privacidade"},"content":{"rendered":"<div data-elementor-type=\"wp-page\" data-elementor-id=\"3\" class=\"elementor elementor-3\" data-elementor-post-type=\"page\">\n\t\t\t\t<div class=\"elementor-element elementor-element-b349e5f e-flex e-con-boxed e-con e-parent\" data-id=\"b349e5f\" data-element_type=\"container\" data-e-type=\"container\">\n\t\t\t\t\t<div class=\"e-con-inner\">\n\t\t\t\t<div class=\"elementor-element elementor-element-f5b93c5 elementor-widget elementor-widget-heading\" data-id=\"f5b93c5\" data-element_type=\"widget\" data-e-type=\"widget\" data-widget_type=\"heading.default\">\n\t\t\t\t\t<h2 class=\"elementor-heading-title elementor-size-default\">pol\u00edtica de Privacidade<\/h2>\t\t\t\t<\/div>\n\t\t\t\t<div class=\"elementor-element elementor-element-773dd99 elementor-widget elementor-widget-text-editor\" data-id=\"773dd99\" data-element_type=\"widget\" data-e-type=\"widget\" data-widget_type=\"text-editor.default\">\n\t\t\t\t\t\t\t\t\t<p><strong><b>Shandong Richsource Biological Technology Co., Ltd.<\/b><\/strong>\u00a0A Shandong Richsource Biological est\u00e1 comprometida em proteger sua privacidade e conquistar sua confian\u00e7a. A Shandong Richsource Biological n\u00e3o vende, troca ou aluga suas informa\u00e7\u00f5es pessoais para terceiros. Esta pol\u00edtica descreve as pr\u00e1ticas de privacidade do site da Shandong Richsource Biological. Usamos as informa\u00e7\u00f5es que coletamos sobre voc\u00ea no site da Shandong Richsource Biological para processar pedidos e manter um relacionamento com voc\u00ea durante o uso de nossos produtos e servi\u00e7os. Esta pol\u00edtica explica como suas informa\u00e7\u00f5es pessoais s\u00e3o protegidas. Nosso objetivo \u00e9 dar a voc\u00ea o m\u00e1ximo controle poss\u00edvel sobre sua privacidade e informa\u00e7\u00f5es pessoais, bem como sobre o uso que fazemos delas em nossos neg\u00f3cios.<\/p><h5>Como a Shandong Richsource Biological Technology Co., Ltd. utiliza minhas informa\u00e7\u00f5es?<\/h5><p>Coletamos informa\u00e7\u00f5es pessoais para nos ajudar a proporcionar uma experi\u00eancia de usu\u00e1rio de alta qualidade e para auxiliar a Shandong Richsource Biological a entender melhor nossos clientes. A Shandong Richsource Biological n\u00e3o vende, troca ou aluga suas informa\u00e7\u00f5es pessoais para terceiros. As informa\u00e7\u00f5es pessoais que voc\u00ea opta por nos fornecer permitem que a Shandong Richsource Biological processe e atenda \u00e0 sua solicita\u00e7\u00e3o de um teste gratuito do Centro de Treinamento da Shandong Richsource Biological. Tamb\u00e9m utilizamos essas informa\u00e7\u00f5es caso voc\u00ea opte por adquirir nossos produtos e servi\u00e7os, para processar e concluir seu pedido e notific\u00e1-lo sobre o status do mesmo.<br \/>1. Usamos as informa\u00e7\u00f5es pessoais que voc\u00ea nos fornece para lhe manter informado sobre os produtos e servi\u00e7os da Shandong Richsource Biological.<br \/>2. Podemos usar as informa\u00e7\u00f5es que coletamos para notific\u00e1-lo(a) periodicamente sobre mudan\u00e7as importantes na funcionalidade do site, novos servi\u00e7os e produtos da Shandong Richsource Biological e ofertas especiais que acreditamos serem do seu interesse.<br \/>3. Quando voc\u00ea nos fornece informa\u00e7\u00f5es pessoais para participar de um concurso ou promo\u00e7\u00e3o patrocinada pela Shandong Richsource Biological ou seus parceiros, usamos essas informa\u00e7\u00f5es para administrar o concurso e notificar os vencedores. Armazenamos todas as informa\u00e7\u00f5es relacionadas a esses concursos e promo\u00e7\u00f5es.<br \/>4. Enviaremos an\u00fancios ou promo\u00e7\u00f5es direcionados aos nossos clientes usando as informa\u00e7\u00f5es pessoais que voc\u00ea nos fornecer. N\u00e3o permitimos que os anunciantes tenham acesso a informa\u00e7\u00f5es de contas individuais. Esses an\u00fancios geralmente s\u00e3o banners e e-mails promocionais.<br \/>5. Tamb\u00e9m pesquisamos os dados demogr\u00e1ficos, interesses e comportamento dos nossos usu\u00e1rios com base nas informa\u00e7\u00f5es que voc\u00eas nos fornecem em nossa ferramenta de pesquisa online. Compilamos e analisamos essas informa\u00e7\u00f5es de forma agregada ou an\u00f4nima.<br \/>6. Usamos os endere\u00e7os IP que coletamos para fornecer informa\u00e7\u00f5es agregadas ou an\u00f4nimas aos nossos anunciantes.\u00a0<\/p><h5>QUEM COLETA INFORMA\u00c7\u00d5ES?<\/h5><p>Ao fornecer informa\u00e7\u00f5es pessoais em um site da Shandong Richsource Biological, voc\u00ea compartilha essas informa\u00e7\u00f5es apenas com a Shandong Richsource Biological, a menos que seja especificamente instru\u00eddo de outra forma. Se uma empresa que n\u00e3o seja a Shandong Richsource Biological estiver coletando ou armazenando seus dados pessoais em nosso site, voc\u00ea ser\u00e1 informado antes que isso aconte\u00e7a. Voc\u00ea sempre poder\u00e1 optar por n\u00e3o compartilhar as informa\u00e7\u00f5es. Quando empresas que n\u00e3o sejam a Shandong Richsource Biological patrocinam promo\u00e7\u00f5es, os dados coletados no site da Shandong Richsource Biological em conex\u00e3o com essas promo\u00e7\u00f5es podem ser compartilhados com o patrocinador. Novamente, se esse for o caso, voc\u00ea ser\u00e1 notificado antes que os dados sejam coletados ou transferidos e poder\u00e1 optar por n\u00e3o participar. A maioria dessas promo\u00e7\u00f5es \u00e9 limitada a residentes dos Estados Unidos ou da Am\u00e9rica do Norte. Se voc\u00ea sair do nosso site usando links para acessar sites de terceiros, esses terceiros poder\u00e3o coletar informa\u00e7\u00f5es sobre voc\u00ea. Esta pol\u00edtica de privacidade n\u00e3o abrange as pr\u00e1ticas dessas empresas.<\/p><h5>A Shandong Richsource Biological compartilha minhas informa\u00e7\u00f5es?<\/h5><p>Exceto conforme estipulado nesta pol\u00edtica, a Shandong Richsource Biological n\u00e3o divulga suas informa\u00e7\u00f5es pessoais a terceiros sem sua permiss\u00e3o. Leia as se\u00e7\u00f5es a seguir para saber mais.<\/p><p>OUTRAS SITUA\u00c7\u00d5ES<\/p><p>A Shandong Richsource Biological tamb\u00e9m poder\u00e1 divulgar suas informa\u00e7\u00f5es quando a divulga\u00e7\u00e3o for necess\u00e1ria para identificar, contatar ou tomar medidas legais contra algu\u00e9m que possa estar causando danos ou interferindo em nossos direitos ou direitos de propriedade, nos direitos dos usu\u00e1rios ou nos direitos de terceiros. Da mesma forma, a Shandong Richsource Biological divulgar\u00e1 informa\u00e7\u00f5es quando acreditarmos razoavelmente que a divulga\u00e7\u00e3o \u00e9 exigida por lei ou para cumprir um processo legal instaurado contra a Shandong Richsource Biological ou seu site. Podemos divulgar suas informa\u00e7\u00f5es pessoais de boa-f\u00e9, acreditando que devemos agir em circunst\u00e2ncias urgentes para proteger a seguran\u00e7a pessoal dos usu\u00e1rios da Shandong Richsource Biological, de seu site ou do p\u00fablico em geral.<\/p><h5>Como a EShandong Richsource Biological protege seu cart\u00e3o de cr\u00e9dito e suas informa\u00e7\u00f5es financeiras?<\/h5><p>Estamos comprometidos em proteger a privacidade das informa\u00e7\u00f5es do seu cart\u00e3o de cr\u00e9dito e da sua conta financeira. N\u00e3o vendemos, trocamos ou alugamos suas informa\u00e7\u00f5es financeiras ou de cart\u00e3o de cr\u00e9dito. N\u00e3o disponibilizamos essas informa\u00e7\u00f5es a ningu\u00e9m sem a sua permiss\u00e3o. Podemos fornecer dados estat\u00edsticos sobre nossos clientes a anunciantes, parceiros, fornecedores e outras terceiras partes confi\u00e1veis. Esses dados s\u00e3o compostos apenas por informa\u00e7\u00f5es agregadas ou an\u00f4nimas, que n\u00e3o cont\u00eam nenhuma informa\u00e7\u00e3o pessoalmente identific\u00e1vel. Por exemplo, n\u00e3o divulgaremos que voc\u00ea comprou um produto espec\u00edfico, mas podemos divulgar estat\u00edsticas sobre quantos clientes compraram esse produto. Quando voc\u00ea insere informa\u00e7\u00f5es de cart\u00e3o de cr\u00e9dito em nosso site, transmitimos as informa\u00e7\u00f5es em formato criptografado, usando criptografia SSL (Secure Socket Layer) padr\u00e3o do setor.<\/p><h5>SEUS DIREITOS RELATIVOS AOS SEUS DADOS PESSOAIS<\/h5><h5>Ao abrigo desta Pol\u00edtica de Privacidade e Cookies, e por lei se residir na UE, tem o direito de:<\/h5><p>-Solicite acesso aos seus Dados Pessoais. Se voc\u00ea estiver na UE, isso permite que voc\u00ea receba uma c\u00f3pia dos Dados Pessoais que mantemos sobre voc\u00ea e verifique se os estamos processando de forma l\u00edcita.<br \/>-Solicite a corre\u00e7\u00e3o dos seus Dados Pessoais que mantemos. Isso permite que voc\u00ea corrija quaisquer informa\u00e7\u00f5es incompletas ou imprecisas que tenhamos sobre voc\u00ea.<br \/>- Solicitar a elimina\u00e7\u00e3o dos seus Dados Pessoais. Isto permite-lhe pedir-nos para apagar ou remover os seus Dados Pessoais quando n\u00e3o houver uma raz\u00e3o v\u00e1lida para continuarmos a process\u00e1-los. Se residir na UE, tamb\u00e9m tem o direito de nos pedir para apagar ou remover os seus Dados Pessoais quando tiver exercido o seu direito de se opor ao processamento (ver abaixo).<br \/>- Opor-se ao processamento dos seus Dados Pessoais. Este direito existe quando nos baseamos num interesse leg\u00edtimo como fundamento jur\u00eddico para o processamento e existe algo na sua situa\u00e7\u00e3o particular que o leva a opor-se ao processamento dos seus Dados Pessoais por esse motivo. Tamb\u00e9m tem o direito de se opor quando processamos os seus Dados Pessoais para fins de marketing direto.<br \/>-Solicite a restri\u00e7\u00e3o do processamento dos seus Dados Pessoais. Isso permite que voc\u00ea nos pe\u00e7a para suspender o processamento dos seus Dados Pessoais, por exemplo, se voc\u00ea quiser que verifiquemos a exatid\u00e3o dos dados ou o motivo do processamento.<br \/>- Solicite a transfer\u00eancia dos seus Dados Pessoais. Se voc\u00ea estiver na UE, forneceremos a voc\u00ea, ou a um terceiro que voc\u00ea tenha escolhido, seus Dados Pessoais em um formato estruturado, comumente usado e leg\u00edvel por m\u00e1quina. Observe que esse direito se aplica apenas a informa\u00e7\u00f5es automatizadas para as quais voc\u00ea inicialmente deu consentimento para usarmos ou quando usamos as informa\u00e7\u00f5es para executar um contrato com voc\u00ea.<br \/>- Retirar o consentimento. Este direito s\u00f3 existe quando dependemos do seu consentimento para processar os seus Dados Pessoais (\u201cRetirada do Consentimento\u201d). Se retirar o seu consentimento, poderemos n\u00e3o conseguir dar-lhe acesso a determinadas funcionalidades espec\u00edficas do nosso Site. Iremos inform\u00e1-lo caso isso aconte\u00e7a no momento em que retirar o seu consentimento.<\/p><h5>RECLAMA\u00c7\u00d5ES<\/h5><p>Caso deseje apresentar uma reclama\u00e7\u00e3o relativa a esta Pol\u00edtica de Privacidade ou \u00e0s nossas pr\u00e1ticas em rela\u00e7\u00e3o aos seus Dados Pessoais, entre em contato conosco atrav\u00e9s do seguinte endere\u00e7o:<strong><span style=\"color: #339966;\"><a style=\"color: #339966;\" href=\"mailto:dongweibai60@gmail.com\">dongweibai60@gmail.com<\/a><\/span><\/strong><\/p><p>Responderemos \u00e0 sua reclama\u00e7\u00e3o assim que poss\u00edvel.<\/p><p>Caso considere que a sua reclama\u00e7\u00e3o n\u00e3o foi resolvida de forma adequada, tenha em aten\u00e7\u00e3o que, se estiver na UE, o RGPD (Regulamento Geral sobre a Prote\u00e7\u00e3o de Dados) lhe confere o direito de contactar a sua autoridade de controlo de prote\u00e7\u00e3o de dados local.<\/p><p>Arquivos de registro: As informa\u00e7\u00f5es dos arquivos de registro s\u00e3o relatadas automaticamente pelo seu navegador sempre que voc\u00ea acessa uma p\u00e1gina da web. Ao usar os Servi\u00e7os, nossos servidores registram automaticamente certas informa\u00e7\u00f5es que seu navegador envia sempre que voc\u00ea visita qualquer site. Esses registros do servidor podem incluir informa\u00e7\u00f5es como sua solicita\u00e7\u00e3o da web, endere\u00e7o IP, tipo de navegador, p\u00e1ginas e URLs de refer\u00eancia\/sa\u00edda, n\u00famero de cliques, nomes de dom\u00ednio, p\u00e1ginas de destino, p\u00e1ginas visualizadas e outras informa\u00e7\u00f5es semelhantes.<\/p><h5>POR QUANTO TEMPO ARMAZENAMOS SEUS DADOS PESSOAIS<\/h5><p>Conservaremos suas informa\u00e7\u00f5es enquanto sua conta estiver ativa ou enquanto for razoavelmente necess\u00e1rio para os fins descritos em Como Usamos Seus Dados Pessoais e Por Qu\u00ea, a menos que voc\u00ea solicite a remo\u00e7\u00e3o de seus Dados Pessoais, conforme descrito em Seus Direitos Relativos aos Seus Dados Pessoais. Conservaremos seus Dados Pessoais apenas pelo tempo necess\u00e1rio para utiliz\u00e1-los para esses fins, a menos que um per\u00edodo de reten\u00e7\u00e3o mais longo seja exigido por lei (por exemplo, para fins regulat\u00f3rios). Isso pode incluir a reten\u00e7\u00e3o de seus Dados Pessoais ap\u00f3s a desativa\u00e7\u00e3o da sua conta pelo per\u00edodo necess\u00e1rio para que possamos atender a interesses comerciais leg\u00edtimos, realizar auditorias, cumprir (e demonstrar o cumprimento de) obriga\u00e7\u00f5es legais, resolver disputas e fazer cumprir nossos contratos.<\/p><h5>O que s\u00e3o cookies e como a Shandong Richsource Biological os utiliza?<\/h5><p>Partes do nosso sistema de gest\u00e3o de aprendizagem utilizam &quot;cookies&quot; para que possam reconhecer imediatamente um utilizador e, em seguida, atribuir diferentes permiss\u00f5es associadas \u00e0 funcionalidade do sistema. Um &quot;cookie&quot; \u00e9 um pequeno ficheiro de dados que \u00e9 enviado para o seu navegador a partir de um servidor web e armazenado pelo seu navegador no disco r\u00edgido do seu computador. As configura\u00e7\u00f5es do seu navegador devem estar definidas para aceitar cookies antes de poder iniciar sess\u00e3o ou personalizar o sistema. A maioria dos navegadores est\u00e1 configurada para aceitar cookies, mas geralmente pode alterar as configura\u00e7\u00f5es do seu navegador para os recusar. A Shandong Richsource Biological n\u00e3o utiliza cookies para obter informa\u00e7\u00f5es pessoais sobre si a partir do seu computador. Esta pol\u00edtica n\u00e3o abrange a utiliza\u00e7\u00e3o de cookies por quaisquer anunciantes no nosso website. A Shandong Richsource Biological utiliza cookies para:<\/p><p>Localize seu nome e informa\u00e7\u00f5es da conta ao fazer login no Centro de Treinamento Biol\u00f3gico Shandong Richsource para acessar seus dados. Ao fazer login, um cookie \u00e9 definido e, ao fazer logout, o cookie \u00e9 modificado.<\/p><p>Estimamos o tamanho da nossa audi\u00eancia. Cada navegador que visita nosso site recebe um cookie exclusivo, que \u00e9 usado para determinar a frequ\u00eancia de visitas repetidas e o n\u00famero de visitantes \u00fanicos.<\/p><h5>Seu consentimento<\/h5><p>Ao utilizar nosso site, voc\u00ea concorda com a coleta e o uso dessas informa\u00e7\u00f5es pela Shandong Richsource Biological. Caso decidamos alterar nossa pol\u00edtica de privacidade, publicaremos essas altera\u00e7\u00f5es nesta p\u00e1gina para que voc\u00ea esteja sempre ciente de quais informa\u00e7\u00f5es coletamos, como as utilizamos e em que circunst\u00e2ncias as divulgamos.<\/p><h5>Pol\u00edtica de ades\u00e3o\/cancelamento<\/h5><p>Ao se cadastrar ou enviar informa\u00e7\u00f5es pessoais, a Shandong Richsource Biological oferece a voc\u00ea a op\u00e7\u00e3o de receber comunica\u00e7\u00f5es adicionais da empresa. Caso opte por receber essas comunica\u00e7\u00f5es, a Shandong Richsource Biological ocasionalmente enviar\u00e1 e-mails ou correspond\u00eancias sobre produtos e servi\u00e7os que acreditamos serem do seu interesse. Para n\u00e3o receber mais essas ofertas, basta seguir as instru\u00e7\u00f5es de &quot;cancelar inscri\u00e7\u00e3o&quot; presentes em cada e-mail.<\/p><p>Se preferir parar de receber informa\u00e7\u00f5es da Shandong Richsource Biological por e-mail, voc\u00ea pode cancelar a assinatura seguindo as instru\u00e7\u00f5es inclu\u00eddas em cada e-mail. Se preferir parar de receber informa\u00e7\u00f5es sobre pe\u00e7as automotivas da Shandong Richsource Biological por correio postal, entre em contato conosco pelo endere\u00e7o [inserir endere\u00e7o de e-mail aqui].<a href=\"mailto:dongweibai60@gmail.com\"><strong><b>\u2002<\/b><\/strong><span style=\"color: #339966;\"><strong><b>dongweibai60@gmail.com<\/b><\/strong><\/span><\/a><br \/>\u00a0A Shandong Richsource Biological n\u00e3o vende, troca ou aluga suas informa\u00e7\u00f5es pessoais para terceiros.<\/p><p><strong><b>Como entrar em contato com o site<\/b><\/strong><\/p><p>Se voc\u00ea tiver alguma d\u00favida sobre esta pol\u00edtica de privacidade, as pr\u00e1ticas deste site ou suas intera\u00e7\u00f5es com este site, entre em contato conosco:<span style=\"color: #339966;\"><a style=\"color: #339966;\" href=\"mailto:dongweibai60@gmail.com\"><strong><b>dongweibai60@gmail.com<\/b><\/strong><\/a><\/span><\/p>\t\t\t\t\t\t\t\t<\/div>\n\t\t\t\t\t<\/div>\n\t\t\t\t<\/div>\n\t\t\t\t<\/div>","protected":false},"excerpt":{"rendered":"<p>Privacy Policy Shandong Richsource Biological Technology Co., Ltd.\u00a0is committed to protecting your privacy and earning your trust. \u201cShandong Richsource Biological\u00a0does not sell, trade, or rent your personal information to others. This policy discloses the privacy practices for the \u201cShandong Richsource Biological\u00a0Web site. We use the information we collect about you from the \u201cShandong Richsource Biological\u00a0Web [&hellip;]<\/p>\n","protected":false},"author":1,"featured_media":0,"parent":0,"menu_order":0,"comment_status":"closed","ping_status":"open","template":"","meta":{"footnotes":""},"class_list":["post-3","page","type-page","status-publish","hentry"],"_links":{"self":[{"href":"https:\/\/richsourcefloss.com\/pt\/wp-json\/wp\/v2\/pages\/3","targetHints":{"allow":["GET"]}}],"collection":[{"href":"https:\/\/richsourcefloss.com\/pt\/wp-json\/wp\/v2\/pages"}],"about":[{"href":"https:\/\/richsourcefloss.com\/pt\/wp-json\/wp\/v2\/types\/page"}],"author":[{"embeddable":true,"href":"https:\/\/richsourcefloss.com\/pt\/wp-json\/wp\/v2\/users\/1"}],"replies":[{"embeddable":true,"href":"https:\/\/richsourcefloss.com\/pt\/wp-json\/wp\/v2\/comments?post=3"}],"version-history":[{"count":0,"href":"https:\/\/richsourcefloss.com\/pt\/wp-json\/wp\/v2\/pages\/3\/revisions"}],"wp:attachment":[{"href":"https:\/\/richsourcefloss.com\/pt\/wp-json\/wp\/v2\/media?parent=3"}],"curies":[{"name":"wp","href":"https:\/\/api.w.org\/{rel}","templated":true}]}}