{"id":682,"date":"2025-12-18T01:29:17","date_gmt":"2025-12-18T01:29:17","guid":{"rendered":"https:\/\/richsourcefloss.com\/?post_type=product&#038;p=682"},"modified":"2025-12-26T09:27:50","modified_gmt":"2025-12-26T09:27:50","slug":"dental-floss-pick","status":"publish","type":"product","link":"https:\/\/richsourcefloss.com\/pt\/product\/dental-floss-pick\/","title":{"rendered":"Palito de fio dental"},"content":{"rendered":"<h2 data-start=\"167\" data-end=\"200\">O que \u00e9 um <a href=\"https:\/\/richsourcefloss.com\/pt\/produto\/dental-floss-pick\/\">Palito de fio dental<\/a>?<\/h2>\n<p>&nbsp;<\/p>\n<p><img fetchpriority=\"high\" decoding=\"async\" class=\"size-medium wp-image-1206\" src=\"https:\/\/richsourcefloss.com\/wp-content\/uploads\/2025\/12\/screenshot_2025-12-26_17-25-47-300x272.png\" alt=\"palito de fio dental\" width=\"300\" height=\"272\" srcset=\"https:\/\/richsourcefloss.com\/wp-content\/uploads\/2025\/12\/screenshot_2025-12-26_17-25-47-300x272.png 300w, https:\/\/richsourcefloss.com\/wp-content\/uploads\/2025\/12\/screenshot_2025-12-26_17-25-47-13x12.png 13w, https:\/\/richsourcefloss.com\/wp-content\/uploads\/2025\/12\/screenshot_2025-12-26_17-25-47.png 538w\" sizes=\"(max-width: 300px) 100vw, 300px\" \/><\/p>\n<p data-start=\"201\" data-end=\"588\">Uma palheta de fio dental \u00e9 uma ferramenta conveniente de higiene bucal que segura o fio dental em uma al\u00e7a, projetada para limpar os espa\u00e7os entre os dentes e ao longo da linha da gengiva Seu design integrado facilita o uso em casa ou em qualquer lugar, complementando a escova\u00e7\u00e3o regular removendo placas e restos de comida O uso regular apoia a sa\u00fade bucal geral e ajuda a prevenir c\u00e1ries, inflama\u00e7\u00e3o gengival e mau h\u00e1lito.<\/p>\n<h2 data-start=\"595\" data-end=\"637\">Benef\u00edcios de usar uma escolha de fio dental<\/h2>\n<p data-start=\"638\" data-end=\"724\">A utiliza\u00e7\u00e3o desta ferramenta proporciona diversas vantagens para o cuidado bucal pessoal e profissional:<\/p>\n<ul data-start=\"726\" data-end=\"1076\">\n<li data-start=\"726\" data-end=\"802\">\n<p data-start=\"728\" data-end=\"802\"><strong data-start=\"728\" data-end=\"754\">Melhora a Higiene Oral:<\/strong> Atinge \u00e1reas que as escovas de dentes por si s\u00f3 n\u00e3o conseguem.<\/p>\n<\/li>\n<li data-start=\"803\" data-end=\"874\">\n<p data-start=\"805\" data-end=\"874\"><strong data-start=\"805\" data-end=\"832\">Reduz o ac\u00famulo de placa:<\/strong> Ajuda a prevenir c\u00e1ries e doen\u00e7as gengivais.<\/p>\n<\/li>\n<li data-start=\"875\" data-end=\"953\">\n<p data-start=\"877\" data-end=\"953\"><strong data-start=\"877\" data-end=\"904\">Design adequado para viagens:<\/strong> Compacto e conveniente para uso di\u00e1rio em qualquer lugar.<\/p>\n<\/li>\n<li data-start=\"954\" data-end=\"1076\">\n<p data-start=\"956\" data-end=\"1076\"><strong data-start=\"956\" data-end=\"973\">Amig\u00e1vel B2B:<\/strong> O fornecimento em massa e as op\u00e7\u00f5es de marca pr\u00f3pria o tornam ideal para cl\u00ednicas odontol\u00f3gicas, distribuidores e varejistas.<\/p>\n<\/li>\n<\/ul>\n<p data-start=\"1078\" data-end=\"1104\"><strong data-start=\"1078\" data-end=\"1102\">Tabela de Vantagens B2B<\/strong><\/p>\n<div class=\"TyagGW_tableContainer\">\n<div class=\"group TyagGW_tableWrapper flex w-fit flex-col-reverse\" tabindex=\"-1\">\n<table class=\"w-fit min-w-(--thread-content-width)\" data-start=\"1106\" data-end=\"1488\">\n<thead data-start=\"1106\" data-end=\"1144\">\n<tr data-start=\"1106\" data-end=\"1144\">\n<th data-start=\"1106\" data-end=\"1116\" data-col-size=\"sm\">Recurso<\/th>\n<th data-start=\"1116\" data-end=\"1144\" data-col-size=\"md\">Benef\u00edcio para Empresas<\/th>\n<\/tr>\n<\/thead>\n<tbody data-start=\"1182\" data-end=\"1488\">\n<tr data-start=\"1182\" data-end=\"1253\">\n<td data-start=\"1182\" data-end=\"1196\" data-col-size=\"sm\">Fornecimento a granel<\/td>\n<td data-start=\"1196\" data-end=\"1253\" data-col-size=\"md\">Suporta grandes pedidos de distribuidores e cl\u00ednicas<\/td>\n<\/tr>\n<tr data-start=\"1254\" data-end=\"1325\">\n<td data-start=\"1254\" data-end=\"1278\" data-col-size=\"sm\">Personaliza\u00e7\u00e3o OEM\/ODM<\/td>\n<td data-start=\"1278\" data-end=\"1325\" data-col-size=\"md\">Permite rotulagem privada para marcas odontol\u00f3gicas<\/td>\n<\/tr>\n<tr data-start=\"1326\" data-end=\"1412\">\n<td data-start=\"1326\" data-end=\"1344\" data-col-size=\"sm\">Op\u00e7\u00f5es Variedade<\/td>\n<td data-col-size=\"md\" data-start=\"1344\" data-end=\"1412\">Bambu, carv\u00e3o, crian\u00e7as, adulto, e picaretas ortod\u00f4nticas dispon\u00edveis<\/td>\n<\/tr>\n<tr data-start=\"1413\" data-end=\"1488\">\n<td data-start=\"1413\" data-end=\"1438\" data-col-size=\"sm\">Materiais Ecol\u00f3gicos<\/td>\n<td data-col-size=\"md\" data-start=\"1438\" data-end=\"1488\">Apela a clientes ambientalmente conscientes<\/td>\n<\/tr>\n<\/tbody>\n<\/table>\n<\/div>\n<\/div>\n<h2 data-start=\"1495\" data-end=\"1533\">Caracter\u00edsticas de nossa escolha de fio dental<\/h2>\n<p><img decoding=\"async\" class=\"size-medium wp-image-1207\" src=\"https:\/\/richsourcefloss.com\/wp-content\/uploads\/2025\/12\/screenshot_2025-12-26_17-24-17-266x300.png\" alt=\"palito de fio dental\" width=\"266\" height=\"300\" srcset=\"https:\/\/richsourcefloss.com\/wp-content\/uploads\/2025\/12\/screenshot_2025-12-26_17-24-17-266x300.png 266w, https:\/\/richsourcefloss.com\/wp-content\/uploads\/2025\/12\/screenshot_2025-12-26_17-24-17-11x12.png 11w, https:\/\/richsourcefloss.com\/wp-content\/uploads\/2025\/12\/screenshot_2025-12-26_17-24-17.png 473w\" sizes=\"(max-width: 266px) 100vw, 266px\" \/><\/p>\n<p data-start=\"1534\" data-end=\"1603\">Projetado para efic\u00e1cia, conveni\u00eancia e aplica\u00e7\u00f5es de neg\u00f3cios:<\/p>\n<ul data-start=\"1605\" data-end=\"1998\">\n<li data-start=\"1605\" data-end=\"1684\">\n<p data-start=\"1607\" data-end=\"1684\"><strong data-start=\"1607\" data-end=\"1642\">Op\u00e7\u00f5es de bambu e biodegrad\u00e1veis:<\/strong> Materiais ecol\u00f3gicos e sustent\u00e1veis.<\/p>\n<\/li>\n<li data-start=\"1685\" data-end=\"1751\">\n<p data-start=\"1687\" data-end=\"1751\"><strong data-start=\"1687\" data-end=\"1704\">Fio Suave:<\/strong> F\u00e1cil deslizar entre os dentes sem se desgastar.<\/p>\n<\/li>\n<li data-start=\"1752\" data-end=\"1839\">\n<p data-start=\"1754\" data-end=\"1839\"><strong data-start=\"1754\" data-end=\"1786\">Vers\u00f5es ortod\u00f4nticas e infantis:<\/strong> Adequado para aparelhos, implantes e bocas menores.<\/p>\n<\/li>\n<li data-start=\"1840\" data-end=\"1909\">\n<p data-start=\"1842\" data-end=\"1909\"><strong data-start=\"1842\" data-end=\"1861\">Design compacto:<\/strong> Viagem-amig\u00e1vel e conveniente para o uso di\u00e1rio.<\/p>\n<\/li>\n<li data-start=\"1910\" data-end=\"1998\">\n<p data-start=\"1912\" data-end=\"1998\"><strong data-start=\"1912\" data-end=\"1926\">B2B pronto:<\/strong> Compra em massa, personaliza\u00e7\u00e3o OEM\/ODM e rotulagem privada suportada.<\/p>\n<\/li>\n<\/ul>\n<p data-start=\"2000\" data-end=\"2024\"><strong data-start=\"2000\" data-end=\"2022\">Lista de recursos r\u00e1pidos<\/strong><\/p>\n<ul data-start=\"2026\" data-end=\"2227\">\n<li data-start=\"2026\" data-end=\"2070\">\n<p data-start=\"2028\" data-end=\"2070\">Op\u00e7\u00f5es ecol\u00f3gicas de bambu e carv\u00e3o<\/p>\n<\/li>\n<li data-start=\"2071\" data-end=\"2111\">\n<p data-start=\"2073\" data-end=\"2111\">Fio liso encerado para f\u00e1cil limpeza<\/p>\n<\/li>\n<li data-start=\"2112\" data-end=\"2160\">\n<p data-start=\"2114\" data-end=\"2160\">Dispon\u00edvel para adultos, crian\u00e7as e ortodontia<\/p>\n<\/li>\n<li data-start=\"2161\" data-end=\"2192\">\n<p data-start=\"2163\" data-end=\"2192\">Design compacto e port\u00e1til<\/p>\n<\/li>\n<li data-start=\"2193\" data-end=\"2227\">\n<p data-start=\"2195\" data-end=\"2227\">Op\u00e7\u00f5es em massa e de marca pr\u00f3pria<\/p>\n<\/li>\n<\/ul>\n<h2 data-start=\"2234\" data-end=\"2249\">Como Usar<\/h2>\n<p data-start=\"2250\" data-end=\"2297\">Usar a palheta de fio dental \u00e9 simples e eficaz:<\/p>\n<ol data-start=\"2299\" data-end=\"2547\">\n<li data-start=\"2299\" data-end=\"2355\">\n<p data-start=\"2302\" data-end=\"2355\">Segure a al\u00e7a e insira o fio dental entre os dentes.<\/p>\n<\/li>\n<li data-start=\"2356\" data-end=\"2427\">\n<p data-start=\"2359\" data-end=\"2427\">Deslize suavemente ao longo dos lados de cada dente e sob a linha da gengiva.<\/p>\n<\/li>\n<li data-start=\"2428\" data-end=\"2467\">\n<p data-start=\"2431\" data-end=\"2467\">Repita para cada espa\u00e7o interdental.<\/p>\n<\/li>\n<li data-start=\"2468\" data-end=\"2547\">\n<p data-start=\"2471\" data-end=\"2547\">Elimine a picareta ap\u00f3s a utiliza\u00e7\u00e3o ou siga as instru\u00e7\u00f5es de limpeza se reutiliz\u00e1vel.<\/p>\n<\/li>\n<\/ol>\n<p data-start=\"2549\" data-end=\"2628\">O uso regular ajuda a manter dentes mais limpos, gengivas mais saud\u00e1veis e h\u00e1lito mais fresco.<\/p>\n<h2 data-start=\"2635\" data-end=\"2672\">Por que escolher nossa escolha de fio dental<\/h2>\n<p><img decoding=\"async\" class=\"size-medium wp-image-1204\" src=\"https:\/\/richsourcefloss.com\/wp-content\/uploads\/2025\/12\/screenshot_2025-12-26_17-25-55-281x300.png\" alt=\"palito de fio dental\" width=\"281\" height=\"300\" srcset=\"https:\/\/richsourcefloss.com\/wp-content\/uploads\/2025\/12\/screenshot_2025-12-26_17-25-55-281x300.png 281w, https:\/\/richsourcefloss.com\/wp-content\/uploads\/2025\/12\/screenshot_2025-12-26_17-25-55-11x12.png 11w, https:\/\/richsourcefloss.com\/wp-content\/uploads\/2025\/12\/screenshot_2025-12-26_17-25-55.png 521w\" sizes=\"(max-width: 281px) 100vw, 281px\" \/><\/p>\n<p data-start=\"2673\" data-end=\"2750\">Esta ferramenta combina praticidade, sustentabilidade e recursos amig\u00e1veis ao B2B:<\/p>\n<ul data-start=\"2752\" data-end=\"3069\">\n<li data-start=\"2752\" data-end=\"2810\">\n<p data-start=\"2754\" data-end=\"2810\"><strong data-start=\"2754\" data-end=\"2771\">Alta Qualidade:<\/strong> Dur\u00e1vel e suave para o uso di\u00e1rio.<\/p>\n<\/li>\n<li data-start=\"2811\" data-end=\"2890\">\n<p data-start=\"2813\" data-end=\"2890\"><strong data-start=\"2813\" data-end=\"2839\">Materiais Sustent\u00e1veis:<\/strong> Op\u00e7\u00f5es de bambu, biodegrad\u00e1veis e sem pl\u00e1stico.<\/p>\n<\/li>\n<li data-start=\"2891\" data-end=\"2995\">\n<p data-start=\"2893\" data-end=\"2995\"><strong data-start=\"2893\" data-end=\"2920\">Solu\u00e7\u00f5es Profissionais:<\/strong> O fornecimento em massa, personaliza\u00e7\u00e3o OEM\/ODM e op\u00e7\u00f5es de marca pr\u00f3pria dispon\u00edveis.<\/p>\n<\/li>\n<li data-start=\"2996\" data-end=\"3069\">\n<p data-start=\"2998\" data-end=\"3069\"><strong data-start=\"2998\" data-end=\"3018\">Uso vers\u00e1til:<\/strong> Adequado para adultos, crian\u00e7as e cuidados ortod\u00f4nticos.<\/p>\n<\/li>\n<\/ul>\n<p data-start=\"3071\" data-end=\"3219\">\u00c9 uma solu\u00e7\u00e3o confi\u00e1vel para cuidados bucais pessoais e um produto valioso para empresas que buscam produtos de higiene dental ecol\u00f3gicos e de alta qualidade.<\/p>\n<h2 data-start=\"3226\" data-end=\"3234\">Perguntas frequentes<\/h2>\n<p data-start=\"3236\" data-end=\"3390\"><strong data-start=\"3236\" data-end=\"3275\">P: Quem pode usar um fio dental?<\/strong><br data-start=\"3275\" data-end=\"3278\" \/>A: Apropriado para adultos, crian\u00e7as, aparelhos e implantes dent\u00e1rios; qualquer um que quer a limpeza interdental completa.<\/p>\n<p data-start=\"3392\" data-end=\"3489\"><strong data-start=\"3392\" data-end=\"3427\">P: Com que frequ\u00eancia deve ser usado?<\/strong><br data-start=\"3427\" data-end=\"3430\" \/>R: Para uma sa\u00fade bucal ideal, use diariamente ao lado da escova\u00e7\u00e3o.<\/p>\n<p data-start=\"3491\" data-end=\"3604\"><strong data-start=\"3491\" data-end=\"3526\">P: \u00c9 seguro para uso di\u00e1rio?<\/strong><br data-start=\"3526\" data-end=\"3529\" \/>R: Sim, projetado para ser suave, mas eficaz, seguro para higiene bucal di\u00e1ria.<\/p>\n<p data-start=\"3606\" data-end=\"3736\"><strong data-start=\"3606\" data-end=\"3645\">P: As empresas podem comprar a granel?<\/strong><br data-start=\"3645\" data-end=\"3648\" \/>A: Absolutamente. fornecimento em massa, personaliza\u00e7\u00e3o OEM\/ODM e rotulagem privada est\u00e3o dispon\u00edveis.<\/p>\n<p data-start=\"3738\" data-end=\"3854\"><strong data-start=\"3738\" data-end=\"3780\">P: Est\u00e3o dispon\u00edveis op\u00e7\u00f5es ecol\u00f3gicas?<\/strong><br data-start=\"3780\" data-end=\"3783\" \/>A: Sim, n\u00f3s oferecemos picaretas de fio dental de bambu, biodegrad\u00e1veis, e sem pl\u00e1stico.<\/p>\n<h2 data-start=\"3861\" data-end=\"3892\">Contate-nos para pedidos em massa<\/h2>\n<p data-start=\"3893\" data-end=\"4098\">Olhando para a fonte de alta qualidade de palhetas de fio dental para o seu neg\u00f3cio? se voc\u00ea \u00e9 um distribuidor, cl\u00ednica odontol\u00f3gica, ou varejista, n\u00f3s fornecemos fornecimento em massa, personaliza\u00e7\u00e3o OEM\/ODM, e solu\u00e7\u00f5es de marca pr\u00f3pria.<\/p>\n<p data-start=\"4100\" data-end=\"4211\">Ofere\u00e7a aos seus clientes produtos de higiene bucal sustent\u00e1veis e profissionais e aprimore sua linha de produtos odontol\u00f3gicos hoje mesmo!<\/p>","protected":false},"excerpt":{"rendered":"<p>O palito para fio dental \u00e9 um acess\u00f3rio de higiene bucal que segura o fio dental em um cabo, usado principalmente para limpar os espa\u00e7os interdentais e a linha da gengiva. Seu design integrado facilita o uso e o torna pr\u00e1tico para o dia a dia e para viagens. \u00c9 um complemento eficaz \u00e0 escova\u00e7\u00e3o, ajudando a reduzir o ac\u00famulo de placa bacteriana e a manter a sa\u00fade bucal.<\/p>\n<p><strong><span style=\"color: #00985f;\">\u221a<\/span><\/strong> Palito de fio dental de bambu<br \/>\n<strong><span style=\"color: #00985f;\">\u221a<\/span><\/strong> Palitos de fio dental de carv\u00e3o de bambu<br \/>\n<strong><span style=\"color: #00985f;\">\u221a<\/span><\/strong> Palitos de fio dental infantis<br \/>\n<strong><span style=\"color: #00985f;\">\u221a<\/span><\/strong> Palitos de fio dental biodegrad\u00e1veis<br \/>\n<strong><span style=\"color: #00985f;\">\u221a<\/span><\/strong> Palitos de fio dental ecol\u00f3gicos<br \/>\n<strong><span style=\"color: #00985f;\">\u221a<\/span><\/strong> Palitos de fio dental sem pl\u00e1stico<br \/>\n<strong><span style=\"color: #00985f;\">\u221a<\/span><\/strong> Palitos de fio dental para adultos<br \/>\n<strong><span style=\"color: #00985f;\">\u221a<\/span><\/strong> Palitos de fio dental ortod\u00f4ntico<\/p>","protected":false},"featured_media":683,"comment_status":"open","ping_status":"closed","template":"","meta":[],"product_brand":[],"product_cat":[16],"product_tag":[],"class_list":{"0":"post-682","1":"product","2":"type-product","3":"status-publish","4":"has-post-thumbnail","6":"product_cat-uncategorized","8":"first","9":"instock","10":"shipping-taxable","11":"product-type-simple"},"_links":{"self":[{"href":"https:\/\/richsourcefloss.com\/pt\/wp-json\/wp\/v2\/product\/682","targetHints":{"allow":["GET"]}}],"collection":[{"href":"https:\/\/richsourcefloss.com\/pt\/wp-json\/wp\/v2\/product"}],"about":[{"href":"https:\/\/richsourcefloss.com\/pt\/wp-json\/wp\/v2\/types\/product"}],"replies":[{"embeddable":true,"href":"https:\/\/richsourcefloss.com\/pt\/wp-json\/wp\/v2\/comments?post=682"}],"wp:featuredmedia":[{"embeddable":true,"href":"https:\/\/richsourcefloss.com\/pt\/wp-json\/wp\/v2\/media\/683"}],"wp:attachment":[{"href":"https:\/\/richsourcefloss.com\/pt\/wp-json\/wp\/v2\/media?parent=682"}],"wp:term":[{"taxonomy":"product_brand","embeddable":true,"href":"https:\/\/richsourcefloss.com\/pt\/wp-json\/wp\/v2\/product_brand?post=682"},{"taxonomy":"product_cat","embeddable":true,"href":"https:\/\/richsourcefloss.com\/pt\/wp-json\/wp\/v2\/product_cat?post=682"},{"taxonomy":"product_tag","embeddable":true,"href":"https:\/\/richsourcefloss.com\/pt\/wp-json\/wp\/v2\/product_tag?post=682"}],"curies":[{"name":"wp","href":"https:\/\/api.w.org\/{rel}","templated":true}]}}