{"id":684,"date":"2025-12-18T02:02:16","date_gmt":"2025-12-18T02:02:16","guid":{"rendered":"https:\/\/richsourcefloss.com\/?post_type=product&#038;p=684"},"modified":"2026-01-07T06:16:30","modified_gmt":"2026-01-07T06:16:30","slug":"interdental-brush","status":"publish","type":"product","link":"https:\/\/richsourcefloss.com\/pt\/product\/interdental-brush\/","title":{"rendered":"Escova interdental"},"content":{"rendered":"<h2 data-start=\"158\" data-end=\"192\">O que \u00e9 um <a href=\"https:\/\/richsourcefloss.com\/pt\/produto\/interdental-brush\/\">Escova interdental<\/a>?<\/h2>\n<p><img fetchpriority=\"high\" decoding=\"async\" class=\"size-medium wp-image-1200 aligncenter\" src=\"https:\/\/richsourcefloss.com\/wp-content\/uploads\/2025\/12\/screenshot_2025-12-26_16-57-20-300x298.png\" alt=\"Escova interdental\" width=\"300\" height=\"298\" srcset=\"https:\/\/richsourcefloss.com\/wp-content\/uploads\/2025\/12\/screenshot_2025-12-26_16-57-20-300x298.png 300w, https:\/\/richsourcefloss.com\/wp-content\/uploads\/2025\/12\/screenshot_2025-12-26_16-57-20-150x150.png 150w, https:\/\/richsourcefloss.com\/wp-content\/uploads\/2025\/12\/screenshot_2025-12-26_16-57-20-12x12.png 12w, https:\/\/richsourcefloss.com\/wp-content\/uploads\/2025\/12\/screenshot_2025-12-26_16-57-20-100x100.png 100w, https:\/\/richsourcefloss.com\/wp-content\/uploads\/2025\/12\/screenshot_2025-12-26_16-57-20.png 504w\" sizes=\"(max-width: 300px) 100vw, 300px\" \/><\/p>\n<p data-start=\"193\" data-end=\"684\">Uma escova interdental \u00e9 uma ferramenta especializada de higiene oral projetada para limpar os espa\u00e7os entre os dentes e ao longo da linha da gengiva \u00c9 especialmente \u00fatil para indiv\u00edduos com lacunas mais amplas, aparelhos ortod\u00f4nticos ou implantes dent\u00e1rios Ao atingir \u00e1reas que escovas de dente e fio dental regular n\u00e3o podem, esta ferramenta ajuda a remover placa bacteriana e restos de alimentos, reduzindo o risco de gengivite, periodontite e mau h\u00e1lito Incorporando-o em rotinas di\u00e1rias de cuidados bucais proporciona uma experi\u00eancia de limpeza mais completa.<\/p>\n<h2 data-start=\"691\" data-end=\"734\">Benef\u00edcios do uso de uma escova interdental<\/h2>\n<p data-start=\"735\" data-end=\"827\">Esta ferramenta de higiene oral oferece m\u00faltiplos benef\u00edcios para cuidados dent\u00e1rios pessoais e profissionais:<\/p>\n<ul data-start=\"829\" data-end=\"1181\">\n<li data-start=\"829\" data-end=\"914\">\n<p data-start=\"831\" data-end=\"914\"><strong data-start=\"831\" data-end=\"855\">Melhora a sa\u00fade das gengivas:<\/strong> Limpa eficazmente entre os dentes e ao longo da linha da gengiva.<\/p>\n<\/li>\n<li data-start=\"915\" data-end=\"1002\">\n<p data-start=\"917\" data-end=\"1002\"><strong data-start=\"917\" data-end=\"944\">Previne problemas dent\u00e1rios:<\/strong> Ajuda a reduzir o ac\u00famulo de placa bacteriana e evitar a inflama\u00e7\u00e3o das gengivas.<\/p>\n<\/li>\n<li data-start=\"1003\" data-end=\"1078\">\n<p data-start=\"1005\" data-end=\"1078\"><strong data-start=\"1005\" data-end=\"1035\">Apoia o Cuidado Ortod\u00f4ntico:<\/strong> Adequado para aparelhos ortod\u00f4nticos e implantes dent\u00e1rios.<\/p>\n<\/li>\n<li data-start=\"1079\" data-end=\"1181\">\n<p data-start=\"1081\" data-end=\"1181\"><strong data-start=\"1081\" data-end=\"1098\">Amig\u00e1vel B2B:<\/strong> Oferta em massa e op\u00e7\u00f5es de marca pr\u00f3pria ideais para cl\u00ednicas odontol\u00f3gicas e distribuidores.<\/p>\n<\/li>\n<\/ul>\n<p data-start=\"1183\" data-end=\"1209\"><strong data-start=\"1183\" data-end=\"1207\">Tabela de Vantagens B2B<\/strong><\/p>\n<div class=\"TyagGW_tableContainer\">\n<div class=\"group TyagGW_tableWrapper flex w-fit flex-col-reverse\" tabindex=\"-1\">\n<table class=\"w-fit min-w-(--thread-content-width)\" data-start=\"1211\" data-end=\"1584\">\n<thead data-start=\"1211\" data-end=\"1249\">\n<tr data-start=\"1211\" data-end=\"1249\">\n<th data-start=\"1211\" data-end=\"1221\" data-col-size=\"sm\">Recurso<\/th>\n<th data-start=\"1221\" data-end=\"1249\" data-col-size=\"md\">Benef\u00edcio para Empresas<\/th>\n<\/tr>\n<\/thead>\n<tbody data-start=\"1287\" data-end=\"1584\">\n<tr data-start=\"1287\" data-end=\"1354\">\n<td data-start=\"1287\" data-end=\"1301\" data-col-size=\"sm\">Fornecimento a granel<\/td>\n<td data-col-size=\"md\" data-start=\"1301\" data-end=\"1354\">Suporta grandes pedidos para cl\u00ednicas e varejistas<\/td>\n<\/tr>\n<tr data-start=\"1355\" data-end=\"1426\">\n<td data-start=\"1355\" data-end=\"1379\" data-col-size=\"sm\">Personaliza\u00e7\u00e3o OEM\/ODM<\/td>\n<td data-col-size=\"md\" data-start=\"1379\" data-end=\"1426\">Permite rotulagem privada para marcas odontol\u00f3gicas<\/td>\n<\/tr>\n<tr data-start=\"1427\" data-end=\"1508\">\n<td data-start=\"1427\" data-end=\"1447\" data-col-size=\"sm\">Op\u00e7\u00f5es Vers\u00e1teis<\/td>\n<td data-col-size=\"md\" data-start=\"1447\" data-end=\"1508\">Escovas anguladas, flex\u00edveis e espec\u00edficas para aparelhos dispon\u00edveis<\/td>\n<\/tr>\n<tr data-start=\"1509\" data-end=\"1584\">\n<td data-start=\"1509\" data-end=\"1534\" data-col-size=\"sm\">Materiais Ecol\u00f3gicos<\/td>\n<td data-col-size=\"md\" data-start=\"1534\" data-end=\"1584\">Apela a clientes ambientalmente conscientes<\/td>\n<\/tr>\n<\/tbody>\n<\/table>\n<\/div>\n<\/div>\n<h2 data-start=\"1591\" data-end=\"1629\">Caracter\u00edsticas do nosso pincel interdental<\/h2>\n<p data-start=\"1630\" data-end=\"1701\">Projetado tanto para limpeza eficaz quanto para solu\u00e7\u00f5es favor\u00e1veis aos neg\u00f3cios:<\/p>\n<ul data-start=\"1703\" data-end=\"2093\">\n<li data-start=\"1703\" data-end=\"1772\">\n<p data-start=\"1705\" data-end=\"1772\"><strong data-start=\"1705\" data-end=\"1734\">Design angular e flex\u00edvel:<\/strong> Atinge \u00e1reas dif\u00edceis de limpar facilmente.<\/p>\n<\/li>\n<li data-start=\"1773\" data-end=\"1843\">\n<p data-start=\"1775\" data-end=\"1843\"><strong data-start=\"1775\" data-end=\"1796\">Ader\u00eancia Confort\u00e1vel:<\/strong> Punho ergon\u00f4mico para uso seguro e eficaz.<\/p>\n<\/li>\n<li data-start=\"1844\" data-end=\"1936\">\n<p data-start=\"1846\" data-end=\"1936\"><strong data-start=\"1846\" data-end=\"1877\">Aparelhos e implantes amig\u00e1veis:<\/strong> Adequado para aparelhos ortod\u00f4nticos e implantes dent\u00e1rios.<\/p>\n<\/li>\n<li data-start=\"1937\" data-end=\"2007\">\n<p data-start=\"1939\" data-end=\"2007\"><strong data-start=\"1939\" data-end=\"1958\">Uso di\u00e1rio seguro:<\/strong> Suave, mas completo para a higiene bucal cotidiana.<\/p>\n<\/li>\n<li data-start=\"2008\" data-end=\"2093\">\n<p data-start=\"2010\" data-end=\"2093\"><strong data-start=\"2010\" data-end=\"2024\">B2B pronto:<\/strong> Suporta pedidos em grandes quantidades, personaliza\u00e7\u00e3o OEM\/ODM e rotulagem privada.<\/p>\n<\/li>\n<\/ul>\n<p data-start=\"2095\" data-end=\"2119\"><strong data-start=\"2095\" data-end=\"2117\">Lista de recursos r\u00e1pidos<\/strong><\/p>\n<ul data-start=\"2121\" data-end=\"2319\">\n<li data-start=\"2121\" data-end=\"2158\">\n<p data-start=\"2123\" data-end=\"2158\">Op\u00e7\u00f5es de escova angulada e flex\u00edvel<\/p>\n<\/li>\n<li data-start=\"2159\" data-end=\"2191\">\n<p data-start=\"2161\" data-end=\"2191\">Punho ergon\u00f4mico confort\u00e1vel<\/p>\n<\/li>\n<li data-start=\"2192\" data-end=\"2235\">\n<p data-start=\"2194\" data-end=\"2235\">Adequado para aparelhos ortod\u00f4nticos e implantes dent\u00e1rios<\/p>\n<\/li>\n<li data-start=\"2236\" data-end=\"2274\">\n<p data-start=\"2238\" data-end=\"2274\">Suave e eficaz para uso di\u00e1rio<\/p>\n<\/li>\n<li data-start=\"2275\" data-end=\"2319\">\n<p data-start=\"2277\" data-end=\"2319\">Op\u00e7\u00f5es de granel e marca pr\u00f3pria dispon\u00edveis<\/p>\n<\/li>\n<\/ul>\n<h2 data-start=\"2326\" data-end=\"2341\">Como Usar<\/h2>\n<p><img decoding=\"async\" class=\"size-medium wp-image-1201\" src=\"https:\/\/richsourcefloss.com\/wp-content\/uploads\/2025\/12\/screenshot_2025-12-26_16-57-48-270x300.png\" alt=\"Escova interdental\" width=\"270\" height=\"300\" srcset=\"https:\/\/richsourcefloss.com\/wp-content\/uploads\/2025\/12\/screenshot_2025-12-26_16-57-48-270x300.png 270w, https:\/\/richsourcefloss.com\/wp-content\/uploads\/2025\/12\/screenshot_2025-12-26_16-57-48-11x12.png 11w, https:\/\/richsourcefloss.com\/wp-content\/uploads\/2025\/12\/screenshot_2025-12-26_16-57-48.png 485w\" sizes=\"(max-width: 270px) 100vw, 270px\" \/><\/p>\n<ul data-start=\"2372\" data-end=\"2591\">\n<li data-start=\"2372\" data-end=\"2429\">\n<p data-start=\"2374\" data-end=\"2429\">Selecione o tamanho apropriado da escova para a folga dos dentes.<\/p>\n<\/li>\n<li data-start=\"2430\" data-end=\"2503\">\n<p data-start=\"2432\" data-end=\"2503\">Insira suavemente entre os dentes e mova-se para frente e para tr\u00e1s para remover detritos.<\/p>\n<\/li>\n<li data-start=\"2504\" data-end=\"2539\">\n<p data-start=\"2506\" data-end=\"2539\">Enx\u00e1gue a escova ap\u00f3s cada uso.<\/p>\n<\/li>\n<li data-start=\"2540\" data-end=\"2591\">\n<p data-start=\"2542\" data-end=\"2591\">Repita conforme necess\u00e1rio para todos os espa\u00e7os interdentais.<\/p>\n<\/li>\n<\/ul>\n<p data-start=\"2593\" data-end=\"2665\">O uso regular garante dentes mais limpos, gengivas mais saud\u00e1veis e h\u00e1lito mais fresco.<\/p>\n<h2 data-start=\"2672\" data-end=\"2699\">Por que escolher nosso produto<\/h2>\n<p><img decoding=\"async\" class=\"size-medium wp-image-1202 aligncenter\" src=\"https:\/\/richsourcefloss.com\/wp-content\/uploads\/2025\/12\/screenshot_2025-12-26_16-58-13-300x300.png\" alt=\"Escova interdental\" width=\"300\" height=\"300\" srcset=\"https:\/\/richsourcefloss.com\/wp-content\/uploads\/2025\/12\/screenshot_2025-12-26_16-58-13-300x300.png 300w, https:\/\/richsourcefloss.com\/wp-content\/uploads\/2025\/12\/screenshot_2025-12-26_16-58-13-150x150.png 150w, https:\/\/richsourcefloss.com\/wp-content\/uploads\/2025\/12\/screenshot_2025-12-26_16-58-13-12x12.png 12w, https:\/\/richsourcefloss.com\/wp-content\/uploads\/2025\/12\/screenshot_2025-12-26_16-58-13-100x100.png 100w, https:\/\/richsourcefloss.com\/wp-content\/uploads\/2025\/12\/screenshot_2025-12-26_16-58-13.png 483w\" sizes=\"(max-width: 300px) 100vw, 300px\" \/><\/p>\n<p data-start=\"2700\" data-end=\"2796\">Esta ferramenta de limpeza interdental combina qualidade, praticidade e recursos f\u00e1ceis de usar:<\/p>\n<ul data-start=\"2798\" data-end=\"3138\">\n<li data-start=\"2798\" data-end=\"2856\">\n<p data-start=\"2800\" data-end=\"2856\"><strong data-start=\"2800\" data-end=\"2817\">Alta Qualidade:<\/strong> Dur\u00e1vel e suave para o uso di\u00e1rio.<\/p>\n<\/li>\n<li data-start=\"2857\" data-end=\"2952\">\n<p data-start=\"2859\" data-end=\"2952\"><strong data-start=\"2859\" data-end=\"2877\">Solu\u00e7\u00f5es B2B:<\/strong> O fornecimento em massa, personaliza\u00e7\u00e3o OEM\/ODM e op\u00e7\u00f5es de marca pr\u00f3pria dispon\u00edveis.<\/p>\n<\/li>\n<li data-start=\"2953\" data-end=\"3044\">\n<p data-start=\"2955\" data-end=\"3044\"><strong data-start=\"2955\" data-end=\"2979\">Apelo Profissional:<\/strong> Ideal para cl\u00ednicas odontol\u00f3gicas, distribuidores e clientes corporativos.<\/p>\n<\/li>\n<li data-start=\"3045\" data-end=\"3138\">\n<p data-start=\"3047\" data-end=\"3138\"><strong data-start=\"3047\" data-end=\"3067\">Uso vers\u00e1til:<\/strong> Adequado para v\u00e1rias necessidades de cuidados bucais, incluindo aparelhos e implantes.<\/p>\n<\/li>\n<\/ul>\n<p data-start=\"3140\" data-end=\"3283\">\u00c9 uma solu\u00e7\u00e3o confi\u00e1vel para higiene bucal pessoal e um produto valioso para empresas que buscam ferramentas profissionais de higiene bucal de alta qualidade.<\/p>\n<h2 data-start=\"3290\" data-end=\"3298\">Perguntas frequentes<\/h2>\n<p data-start=\"3300\" data-end=\"3468\"><strong data-start=\"3300\" data-end=\"3343\">P: Quem deve usar uma escova interdental?<\/strong><br data-start=\"3343\" data-end=\"3346\" \/>R: \u00c9 ideal para indiv\u00edduos com lacunas, aparelhos ortod\u00f4nticos, implantes ou que buscam uma limpeza mais completa entre os dentes.<\/p>\n<p data-start=\"3470\" data-end=\"3581\"><strong data-start=\"3470\" data-end=\"3505\">P: Com que frequ\u00eancia deve ser usado?<\/strong><br data-start=\"3505\" data-end=\"3508\" \/>R: Para uma sa\u00fade bucal ideal, use diariamente como parte da rotina de escova\u00e7\u00e3o.<\/p>\n<p data-start=\"3583\" data-end=\"3731\"><strong data-start=\"3583\" data-end=\"3618\">P: \u00c9 seguro para uso di\u00e1rio?<\/strong><br data-start=\"3618\" data-end=\"3621\" \/>R: Sim, a escova foi projetada para ser suave, mas eficaz, adequada para limpeza di\u00e1ria sem danificar as gengivas.<\/p>\n<p data-start=\"3733\" data-end=\"3868\"><strong data-start=\"3733\" data-end=\"3772\">P: As empresas podem comprar a granel?<\/strong><br data-start=\"3772\" data-end=\"3775\" \/>A: Absolutamente. fornecimento em massa, personaliza\u00e7\u00e3o OEM\/ODM e op\u00e7\u00f5es de marca pr\u00f3pria est\u00e3o dispon\u00edveis.<\/p>\n<p data-start=\"3870\" data-end=\"3994\"><strong data-start=\"3870\" data-end=\"3915\">Q: Como fa\u00e7o para limpar e manter a escova?<\/strong><br data-start=\"3915\" data-end=\"3918\" \/>A: Enx\u00e1gue completamente ap\u00f3s cada uso e deixe secar ao ar antes de armazenar.<\/p>\n<h2 data-start=\"4001\" data-end=\"4032\"><a href=\"https:\/\/richsourcefloss.com\/pt\/contact-us\/\">Contate-nos<\/a> para pedidos em massa<\/h2>\n<p data-start=\"4033\" data-end=\"4246\">Olhando para a fonte de ferramentas de limpeza interdental de alta qualidade para o seu neg\u00f3cio? se voc\u00ea \u00e9 um distribuidor, cl\u00ednica odontol\u00f3gica ou varejista, n\u00f3s fornecemos fornecimento em massa, personaliza\u00e7\u00e3o OEM\/ODM e solu\u00e7\u00f5es de marca pr\u00f3pria.<\/p>\n<p data-start=\"4248\" data-end=\"4333\">Comece a oferecer produtos de higiene bucal ecol\u00f3gicos e profissionais aos seus clientes hoje mesmo!<\/p>","protected":false},"excerpt":{"rendered":"<p>A escova interdental \u00e9 um instrumento de higiene oral usado para limpar os espa\u00e7os entre os dentes e ao longo da linha da gengiva. \u00c9 especialmente indicada para pessoas com espa\u00e7os maiores entre os dentes, para quem usa aparelho ortod\u00f4ntico ou para quem tem implantes dent\u00e1rios. Remove eficazmente a placa bacteriana e os restos de comida que a escova de dentes e o fio dental n\u00e3o conseguem limpar completamente, ajudando a prevenir a gengivite, a periodontite e o mau h\u00e1lito. \u00c9 um importante complemento \u00e0 escova\u00e7\u00e3o di\u00e1ria.<\/p>\n<p><strong><span style=\"color: #00985f;\">\u221a<\/span><\/strong> Escova interdental<br \/>\n<strong><span style=\"color: #00985f;\">\u221a<\/span><\/strong> Escova interdental angulada<br \/>\n<strong><span style=\"color: #00985f;\">\u221a<\/span><\/strong> Escova interdental flex\u00edvel<br \/>\n<strong><span style=\"color: #00985f;\">\u221a<\/span><\/strong> Escova interdental para cl\u00ednica odontol\u00f3gica<br \/>\n<strong><span style=\"color: #00985f;\">\u221a<\/span><\/strong> Escova interdental para aparelho ortod\u00f4ntico<\/p>","protected":false},"featured_media":685,"comment_status":"open","ping_status":"closed","template":"","meta":[],"product_brand":[],"product_cat":[16],"product_tag":[],"class_list":{"0":"post-684","1":"product","2":"type-product","3":"status-publish","4":"has-post-thumbnail","6":"product_cat-uncategorized","8":"first","9":"instock","10":"shipping-taxable","11":"product-type-simple"},"_links":{"self":[{"href":"https:\/\/richsourcefloss.com\/pt\/wp-json\/wp\/v2\/product\/684","targetHints":{"allow":["GET"]}}],"collection":[{"href":"https:\/\/richsourcefloss.com\/pt\/wp-json\/wp\/v2\/product"}],"about":[{"href":"https:\/\/richsourcefloss.com\/pt\/wp-json\/wp\/v2\/types\/product"}],"replies":[{"embeddable":true,"href":"https:\/\/richsourcefloss.com\/pt\/wp-json\/wp\/v2\/comments?post=684"}],"wp:featuredmedia":[{"embeddable":true,"href":"https:\/\/richsourcefloss.com\/pt\/wp-json\/wp\/v2\/media\/685"}],"wp:attachment":[{"href":"https:\/\/richsourcefloss.com\/pt\/wp-json\/wp\/v2\/media?parent=684"}],"wp:term":[{"taxonomy":"product_brand","embeddable":true,"href":"https:\/\/richsourcefloss.com\/pt\/wp-json\/wp\/v2\/product_brand?post=684"},{"taxonomy":"product_cat","embeddable":true,"href":"https:\/\/richsourcefloss.com\/pt\/wp-json\/wp\/v2\/product_cat?post=684"},{"taxonomy":"product_tag","embeddable":true,"href":"https:\/\/richsourcefloss.com\/pt\/wp-json\/wp\/v2\/product_tag?post=684"}],"curies":[{"name":"wp","href":"https:\/\/api.w.org\/{rel}","templated":true}]}}