{"id":686,"date":"2025-12-18T02:06:28","date_gmt":"2025-12-18T02:06:28","guid":{"rendered":"https:\/\/richsourcefloss.com\/?post_type=product&#038;p=686"},"modified":"2025-12-26T08:50:08","modified_gmt":"2025-12-26T08:50:08","slug":"dental-floss","status":"publish","type":"product","link":"https:\/\/richsourcefloss.com\/pt\/product\/dental-floss\/","title":{"rendered":"Fio dental"},"content":{"rendered":"<h2 data-start=\"146\" data-end=\"172\">O que \u00e9 <a href=\"https:\/\/richsourcefloss.com\/pt\/produto\/dental-floss-roll\/\">Fio dental<\/a>?<\/h2>\n<p>&nbsp;<\/p>\n<p><img fetchpriority=\"high\" decoding=\"async\" class=\"size-medium wp-image-1197\" src=\"https:\/\/richsourcefloss.com\/wp-content\/uploads\/2025\/12\/screenshot_2025-12-26_16-27-22-290x300.png\" alt=\"Fio dental\" width=\"290\" height=\"300\" srcset=\"https:\/\/richsourcefloss.com\/wp-content\/uploads\/2025\/12\/screenshot_2025-12-26_16-27-22-290x300.png 290w, https:\/\/richsourcefloss.com\/wp-content\/uploads\/2025\/12\/screenshot_2025-12-26_16-27-22-12x12.png 12w, https:\/\/richsourcefloss.com\/wp-content\/uploads\/2025\/12\/screenshot_2025-12-26_16-27-22.png 499w\" sizes=\"(max-width: 290px) 100vw, 290px\" \/><\/p>\n<p data-start=\"116\" data-end=\"441\">O fio dental \u00e9 uma ferramenta essencial de higiene bucal projetada para limpar as superf\u00edcies entre os dentes e ao longo da linha da gengiva Ele remove a placa bacteriana e restos de alimentos que s\u00e3o dif\u00edceis de alcan\u00e7ar com uma escova de dentes, ajudando a prevenir c\u00e1ries, gengivite e mau h\u00e1lito O uso regular complementa a escova\u00e7\u00e3o di\u00e1ria e apoia a sa\u00fade bucal geral.<\/p>\n<h2 data-start=\"530\" data-end=\"565\">Benef\u00edcios do uso<\/h2>\n<p data-start=\"477\" data-end=\"564\">A utiliza\u00e7\u00e3o desta ferramenta proporciona m\u00faltiplas vantagens para o cuidado bucal pessoal e profissional:<\/p>\n<ul data-start=\"566\" data-end=\"927\">\n<li data-start=\"566\" data-end=\"630\">\n<p data-start=\"568\" data-end=\"630\"><strong data-start=\"568\" data-end=\"590\">Previne c\u00e1ries:<\/strong> Limpa \u00e1reas escovas de dentes muitas vezes faltam.<\/p>\n<\/li>\n<li data-start=\"631\" data-end=\"712\">\n<p data-start=\"633\" data-end=\"712\"><strong data-start=\"633\" data-end=\"658\">Reduz problemas de goma:<\/strong> Ajuda a manter gengivas saud\u00e1veis e prevenir a gengivite.<\/p>\n<\/li>\n<li data-start=\"713\" data-end=\"792\">\n<p data-start=\"715\" data-end=\"792\"><strong data-start=\"715\" data-end=\"735\">Melhora a respira\u00e7\u00e3o:<\/strong> Elimina part\u00edculas de alimentos aprisionadas que podem causar odor.<\/p>\n<\/li>\n<li data-start=\"793\" data-end=\"927\">\n<p data-start=\"795\" data-end=\"927\"><strong data-start=\"795\" data-end=\"823\">Suporta necessidades de neg\u00f3cios:<\/strong> Op\u00e7\u00f5es ecol\u00f3gicas e em massa s\u00e3o ideais para cl\u00ednicas odontol\u00f3gicas, distribuidores e produtos de marca pr\u00f3pria.<\/p>\n<\/li>\n<\/ul>\n<p data-start=\"1056\" data-end=\"1082\"><strong data-start=\"1056\" data-end=\"1080\">Tabela de Vantagens B2B<\/strong><\/p>\n<div class=\"TyagGW_tableContainer\">\n<div class=\"group TyagGW_tableWrapper flex w-fit flex-col-reverse\" tabindex=\"-1\">\n<table class=\"w-fit min-w-(--thread-content-width)\" data-start=\"1084\" data-end=\"1461\">\n<thead data-start=\"1084\" data-end=\"1122\">\n<tr data-start=\"1084\" data-end=\"1122\">\n<th data-start=\"1084\" data-end=\"1094\" data-col-size=\"sm\">Recurso<\/th>\n<th data-start=\"1094\" data-end=\"1122\" data-col-size=\"md\">Benef\u00edcio para Empresas<\/th>\n<\/tr>\n<\/thead>\n<tbody data-start=\"1160\" data-end=\"1461\">\n<tr data-start=\"1160\" data-end=\"1234\">\n<td data-start=\"1160\" data-end=\"1174\" data-col-size=\"sm\">Fornecimento a granel<\/td>\n<td data-start=\"1174\" data-end=\"1234\" data-col-size=\"md\">Ideal para grandes encomendas de distribuidores e retalhistas<\/td>\n<\/tr>\n<tr data-start=\"1235\" data-end=\"1306\">\n<td data-start=\"1235\" data-end=\"1259\" data-col-size=\"sm\">Personaliza\u00e7\u00e3o OEM\/ODM<\/td>\n<td data-col-size=\"md\" data-start=\"1259\" data-end=\"1306\">Permite rotulagem privada para marcas odontol\u00f3gicas<\/td>\n<\/tr>\n<tr data-start=\"1307\" data-end=\"1382\">\n<td data-start=\"1307\" data-end=\"1332\" data-col-size=\"sm\">Materiais Ecol\u00f3gicos<\/td>\n<td data-col-size=\"md\" data-start=\"1332\" data-end=\"1382\">Apela a clientes ambientalmente conscientes<\/td>\n<\/tr>\n<tr data-start=\"1383\" data-end=\"1461\">\n<td data-start=\"1383\" data-end=\"1401\" data-col-size=\"sm\">Uso vers\u00e1til<\/td>\n<td data-col-size=\"md\" data-start=\"1401\" data-end=\"1461\">Adequado para cl\u00ednicas, kits de viagem e presentes corporativos<\/td>\n<\/tr>\n<\/tbody>\n<\/table>\n<\/div>\n<\/div>\n<h2 data-start=\"1468\" data-end=\"1501\">Caracter\u00edsticas<\/h2>\n<p><img decoding=\"async\" class=\"size-medium wp-image-1196\" src=\"https:\/\/richsourcefloss.com\/wp-content\/uploads\/2025\/12\/screenshot_2025-12-26_16-33-38-300x219.png\" alt=\"Fio dental\" width=\"300\" height=\"219\" srcset=\"https:\/\/richsourcefloss.com\/wp-content\/uploads\/2025\/12\/screenshot_2025-12-26_16-33-38-300x219.png 300w, https:\/\/richsourcefloss.com\/wp-content\/uploads\/2025\/12\/screenshot_2025-12-26_16-33-38-16x12.png 16w, https:\/\/richsourcefloss.com\/wp-content\/uploads\/2025\/12\/screenshot_2025-12-26_16-33-38.png 529w\" sizes=\"(max-width: 300px) 100vw, 300px\" \/><\/p>\n<p data-start=\"1376\" data-end=\"1442\">Projetado para limpeza eficaz e solu\u00e7\u00f5es favor\u00e1veis aos neg\u00f3cios:<\/p>\n<ul data-start=\"1444\" data-end=\"1822\">\n<li data-start=\"1444\" data-end=\"1516\">\n<p data-start=\"1446\" data-end=\"1516\"><strong data-start=\"1446\" data-end=\"1481\">Biodegrad\u00e1vel e Ecol\u00f3gico:<\/strong> Feito com materiais sustent\u00e1veis.<\/p>\n<\/li>\n<li data-start=\"1517\" data-end=\"1587\">\n<p data-start=\"1519\" data-end=\"1587\"><strong data-start=\"1519\" data-end=\"1540\">Encerado e Suave:<\/strong> Desliza facilmente entre os dentes sem se desgastar.<\/p>\n<\/li>\n<li data-start=\"1588\" data-end=\"1664\">\n<p data-start=\"1590\" data-end=\"1664\"><strong data-start=\"1590\" data-end=\"1610\">Aparelhos amig\u00e1veis:<\/strong> Escovas interdentais dispon\u00edveis para atendimento ortod\u00f4ntico.<\/p>\n<\/li>\n<li data-start=\"1665\" data-end=\"1736\">\n<p data-start=\"1667\" data-end=\"1736\"><strong data-start=\"1667\" data-end=\"1686\">Uso di\u00e1rio seguro:<\/strong> Suave, mas eficaz para a higiene oral di\u00e1ria.<\/p>\n<\/li>\n<li data-start=\"1737\" data-end=\"1822\">\n<p data-start=\"1739\" data-end=\"1822\"><strong data-start=\"1739\" data-end=\"1753\">B2B pronto:<\/strong> Suporta pedidos em grandes quantidades, personaliza\u00e7\u00e3o OEM\/ODM e rotulagem privada.<\/p>\n<\/li>\n<\/ul>\n<p data-start=\"1989\" data-end=\"2013\"><strong data-start=\"1989\" data-end=\"2011\">Lista de recursos r\u00e1pidos<\/strong><\/p>\n<ul data-start=\"2015\" data-end=\"2216\">\n<li data-start=\"2015\" data-end=\"2059\">\n<p data-start=\"2017\" data-end=\"2059\">Materiais biodegrad\u00e1veis e eco-amig\u00e1veis<\/p>\n<\/li>\n<li data-start=\"2060\" data-end=\"2099\">\n<p data-start=\"2062\" data-end=\"2099\">Fio liso e encerado para f\u00e1cil utiliza\u00e7\u00e3o<\/p>\n<\/li>\n<li data-start=\"2100\" data-end=\"2149\">\n<p data-start=\"2102\" data-end=\"2149\">Escova interdental para aparelho ortod\u00f4ntico<\/p>\n<\/li>\n<li data-start=\"2150\" data-end=\"2181\">\n<p data-start=\"2152\" data-end=\"2181\">Solu\u00e7\u00e3o di\u00e1ria de higiene oral<\/p>\n<\/li>\n<li data-start=\"2182\" data-end=\"2216\">\n<p data-start=\"2184\" data-end=\"2216\">Op\u00e7\u00f5es em massa e de marca pr\u00f3pria<\/p>\n<\/li>\n<\/ul>\n<h2 data-start=\"2223\" data-end=\"2251\">Como Usar<\/h2>\n<p><img decoding=\"async\" class=\"size-medium wp-image-1199\" src=\"https:\/\/richsourcefloss.com\/wp-content\/uploads\/2025\/12\/screenshot_2025-12-26_16-33-02-292x300.png\" alt=\"Fio dental\" width=\"292\" height=\"300\" srcset=\"https:\/\/richsourcefloss.com\/wp-content\/uploads\/2025\/12\/screenshot_2025-12-26_16-33-02-292x300.png 292w, https:\/\/richsourcefloss.com\/wp-content\/uploads\/2025\/12\/screenshot_2025-12-26_16-33-02-12x12.png 12w, https:\/\/richsourcefloss.com\/wp-content\/uploads\/2025\/12\/screenshot_2025-12-26_16-33-02.png 504w\" sizes=\"(max-width: 292px) 100vw, 292px\" \/><\/p>\n<p data-start=\"2252\" data-end=\"2297\">Usar fio dental \u00e9 simples e eficaz:<\/p>\n<ul data-start=\"2299\" data-end=\"2536\">\n<li data-start=\"2299\" data-end=\"2356\">\n<p data-start=\"2301\" data-end=\"2356\">Corte um comprimento apropriado de fio dental (cerca de 18 polegadas).<\/p>\n<\/li>\n<li data-start=\"2357\" data-end=\"2431\">\n<p data-start=\"2359\" data-end=\"2431\">Enrole as pontas em volta dos dedos e deslize suavemente entre cada dente.<\/p>\n<\/li>\n<li data-start=\"2432\" data-end=\"2499\">\n<p data-start=\"2434\" data-end=\"2499\">Curve o fio dental ao longo da superf\u00edcie do dente e sob a linha da gengiva.<\/p>\n<\/li>\n<li data-start=\"2500\" data-end=\"2536\">\n<p data-start=\"2502\" data-end=\"2536\">Enxague a boca ap\u00f3s usar fio dental.<\/p>\n<\/li>\n<\/ul>\n<p data-start=\"2538\" data-end=\"2615\">O uso regular do fio dental garante dentes mais limpos, gengivas mais saud\u00e1veis e h\u00e1lito mais fresco.<\/p>\n<h2 data-start=\"2622\" data-end=\"2654\">Por que escolher nosso fio dental<\/h2>\n<p data-start=\"2398\" data-end=\"2487\">Esta solu\u00e7\u00e3o de higiene oral combina qualidade, sustentabilidade e recursos adequados para B2B:<\/p>\n<ul data-start=\"2489\" data-end=\"2837\">\n<li data-start=\"2489\" data-end=\"2544\">\n<p data-start=\"2491\" data-end=\"2544\"><strong data-start=\"2491\" data-end=\"2508\">Alta Qualidade:<\/strong> Dur\u00e1vel e suave para uso di\u00e1rio.<\/p>\n<\/li>\n<li data-start=\"2545\" data-end=\"2646\">\n<p data-start=\"2547\" data-end=\"2646\"><strong data-start=\"2547\" data-end=\"2574\">Materiais Ecol\u00f3gicos:<\/strong> O design biodegrad\u00e1vel atrai empresas ambientalmente conscientes.<\/p>\n<\/li>\n<li data-start=\"2647\" data-end=\"2742\">\n<p data-start=\"2649\" data-end=\"2742\"><strong data-start=\"2649\" data-end=\"2667\">Solu\u00e7\u00f5es B2B:<\/strong> O fornecimento em massa, personaliza\u00e7\u00e3o OEM\/ODM e op\u00e7\u00f5es de marca pr\u00f3pria dispon\u00edveis.<\/p>\n<\/li>\n<li data-start=\"2743\" data-end=\"2837\">\n<p data-start=\"2745\" data-end=\"2837\"><strong data-start=\"2745\" data-end=\"2769\">Apelo Profissional:<\/strong> Adequado para cl\u00ednicas odontol\u00f3gicas, distribuidores e clientes corporativos.<\/p>\n<\/li>\n<\/ul>\n<p data-start=\"2839\" data-end=\"2984\">N\u00e3o \u00e9 apenas confi\u00e1vel para cuidados pessoais, mas tamb\u00e9m um produto valioso para empresas que buscam solu\u00e7\u00f5es de higiene bucal ecol\u00f3gicas e de alta qualidade.<\/p>\n<h2 data-start=\"3265\" data-end=\"3273\">Perguntas frequentes<\/h2>\n<p data-start=\"3275\" data-end=\"3452\"><strong data-start=\"3275\" data-end=\"3312\">Q: Que \u00e9 fio dental usado para?<\/strong><br data-start=\"3312\" data-end=\"3315\" \/>R: Limpa os espa\u00e7os entre os dentes e ao longo da linha da gengiva, removendo a placa bacteriana e os restos de comida que as escovas de dentes n\u00e3o conseguem alcan\u00e7ar.<\/p>\n<p data-start=\"3454\" data-end=\"3602\"><strong data-start=\"3454\" data-end=\"3497\">P: Com que frequ\u00eancia devo us\u00e1-lo?<\/strong><br data-start=\"3497\" data-end=\"3500\" \/>R: Para uma sa\u00fade bucal ideal, recomenda-se usar fio dental uma vez ao dia, de prefer\u00eancia antes ou depois da escova\u00e7\u00e3o.<\/p>\n<p data-start=\"3604\" data-end=\"3745\"><strong data-start=\"3604\" data-end=\"3646\">Q: \u00c9 seguro para uso di\u00e1rio?<\/strong><br data-start=\"3646\" data-end=\"3649\" \/>R: Sim, nosso fio dental \u00e9 suave, mas eficaz, seguro para uso di\u00e1rio, sem danificar as gengivas.<\/p>\n<p data-start=\"3747\" data-end=\"3921\"><strong data-start=\"3747\" data-end=\"3799\">P: As empresas podem comprar fio dental a granel?<\/strong><br data-start=\"3799\" data-end=\"3802\" \/>A: Absolutamente. nosso fio dental \u00e9 apropriado para ordens de B2 B, fonte maioria, personaliza\u00e7\u00e3o de OEM\/ODM, e rotulagem privada.<\/p>\n<p data-start=\"3923\" data-end=\"4089\"><strong data-start=\"3923\" data-end=\"3970\">Q: Que materiais s\u00e3o feitos de fio dental?<\/strong><br data-start=\"3970\" data-end=\"3973\" \/>R: Feito de materiais ecol\u00f3gicos e biodegrad\u00e1veis, garantindo sustentabilidade tanto para uso pessoal quanto empresarial.<\/p>\n<p data-start=\"4091\" data-end=\"4254\"><strong data-start=\"4091\" data-end=\"4143\">P: Existem op\u00e7\u00f5es para aparelho ortod\u00f4ntico ou ortodontia?<\/strong><br data-start=\"4143\" data-end=\"4146\" \/>A: Sim, o fio encerado e as escovas interdentais especializadas est\u00e3o dispon\u00edveis para o cuidado dos aparelhos.<\/p>\n<h2 data-start=\"4261\" data-end=\"4292\"><a href=\"https:\/\/richsourcefloss.com\/pt\/contact-us\/\">Contate-nos<\/a> para pedidos em massa<\/h2>\n<p data-start=\"3840\" data-end=\"4045\">Olhando para a fonte de produtos de cuidados bucais de alta qualidade para o seu neg\u00f3cio? se voc\u00ea \u00e9 um distribuidor, cl\u00ednica odontol\u00f3gica ou varejista, n\u00f3s fornecemos fornecimento em massa, personaliza\u00e7\u00e3o OEM\/ODM e solu\u00e7\u00f5es de marca pr\u00f3pria.<\/p>\n<p data-start=\"4047\" data-end=\"4154\">Comece a fornecer aos seus clientes produtos de fio dental ecol\u00f3gicos e melhore suas ofertas de cuidados bucais hoje mesmo!<\/p>","protected":false},"excerpt":{"rendered":"<p>O fio dental \u00e9 um instrumento de higiene bucal usado para limpar as superf\u00edcies entre os dentes e ao longo da linha da gengiva. Seu principal objetivo \u00e9 remover a placa bacteriana e os restos de comida que s\u00e3o dif\u00edceis de alcan\u00e7ar com a escova de dentes, prevenindo assim c\u00e1ries, gengivite e mau h\u00e1lito.<\/p>\n<p><strong><span style=\"color: #00985f;\">\u221a<\/span><\/strong> Rolo de fio dental biodegrad\u00e1vel<br \/>\n<strong><span style=\"color: #00985f;\">\u221a<\/span><\/strong> Rolo de fio dental ecol\u00f3gico<br \/>\n<strong><span style=\"color: #00985f;\">\u221a<\/span><\/strong> Rolo de fio dental com logotipo personalizado OEM\/ODM<br \/>\n<strong><span style=\"color: #00985f;\">\u221a<\/span><\/strong> Rolo de fio dental encerado<br \/>\n<strong><span style=\"color: #00985f;\">\u221a<\/span><\/strong> Escova interdental para aparelho ortod\u00f4ntico<\/p>","protected":false},"featured_media":687,"comment_status":"open","ping_status":"closed","template":"","meta":[],"product_brand":[],"product_cat":[16],"product_tag":[],"class_list":{"0":"post-686","1":"product","2":"type-product","3":"status-publish","4":"has-post-thumbnail","6":"product_cat-uncategorized","8":"first","9":"instock","10":"shipping-taxable","11":"product-type-simple"},"_links":{"self":[{"href":"https:\/\/richsourcefloss.com\/pt\/wp-json\/wp\/v2\/product\/686","targetHints":{"allow":["GET"]}}],"collection":[{"href":"https:\/\/richsourcefloss.com\/pt\/wp-json\/wp\/v2\/product"}],"about":[{"href":"https:\/\/richsourcefloss.com\/pt\/wp-json\/wp\/v2\/types\/product"}],"replies":[{"embeddable":true,"href":"https:\/\/richsourcefloss.com\/pt\/wp-json\/wp\/v2\/comments?post=686"}],"wp:featuredmedia":[{"embeddable":true,"href":"https:\/\/richsourcefloss.com\/pt\/wp-json\/wp\/v2\/media\/687"}],"wp:attachment":[{"href":"https:\/\/richsourcefloss.com\/pt\/wp-json\/wp\/v2\/media?parent=686"}],"wp:term":[{"taxonomy":"product_brand","embeddable":true,"href":"https:\/\/richsourcefloss.com\/pt\/wp-json\/wp\/v2\/product_brand?post=686"},{"taxonomy":"product_cat","embeddable":true,"href":"https:\/\/richsourcefloss.com\/pt\/wp-json\/wp\/v2\/product_cat?post=686"},{"taxonomy":"product_tag","embeddable":true,"href":"https:\/\/richsourcefloss.com\/pt\/wp-json\/wp\/v2\/product_tag?post=686"}],"curies":[{"name":"wp","href":"https:\/\/api.w.org\/{rel}","templated":true}]}}