{"id":688,"date":"2025-12-18T02:08:05","date_gmt":"2025-12-18T02:08:05","guid":{"rendered":"https:\/\/richsourcefloss.com\/?post_type=product&#038;p=688"},"modified":"2025-12-26T08:03:04","modified_gmt":"2025-12-26T08:03:04","slug":"tongue-scraper","status":"publish","type":"product","link":"https:\/\/richsourcefloss.com\/pt\/product\/tongue-scraper\/","title":{"rendered":"Raspador de l\u00edngua"},"content":{"rendered":"<h2 data-start=\"104\" data-end=\"134\">O que \u00e9 um <a href=\"https:\/\/richsourcefloss.com\/pt\/produto\/tongue-scraper\/\">Raspador de l\u00edngua<\/a>?<\/h2>\n<p><img fetchpriority=\"high\" decoding=\"async\" class=\"size-medium wp-image-1190\" src=\"https:\/\/richsourcefloss.com\/wp-content\/uploads\/2025\/12\/screenshot_2025-12-26_15-59-35-300x231.png\" alt=\"Raspador de l\u00edngua\" width=\"300\" height=\"231\" srcset=\"https:\/\/richsourcefloss.com\/wp-content\/uploads\/2025\/12\/screenshot_2025-12-26_15-59-35-300x231.png 300w, https:\/\/richsourcefloss.com\/wp-content\/uploads\/2025\/12\/screenshot_2025-12-26_15-59-35-16x12.png 16w, https:\/\/richsourcefloss.com\/wp-content\/uploads\/2025\/12\/screenshot_2025-12-26_15-59-35-600x463.png 600w, https:\/\/richsourcefloss.com\/wp-content\/uploads\/2025\/12\/screenshot_2025-12-26_15-59-35.png 696w\" sizes=\"(max-width: 300px) 100vw, 300px\" \/><\/p>\n<p data-start=\"135\" data-end=\"518\">Um limpador de l\u00edngua \u00e9 uma ferramenta essencial de higiene bucal projetada para remover bact\u00e9rias, restos de alimentos e res\u00edduos metab\u00f3licos da superf\u00edcie da l\u00edngua Ao faz\u00ea-lo, ajuda a reduzir o mau h\u00e1lito e melhorar a limpeza bucal geral Ao contr\u00e1rio da escova\u00e7\u00e3o regular, esta ferramenta atinge \u00e1reas da l\u00edngua que as escovas de dentes geralmente n\u00e3o conseguem, tornando-se um suplemento altamente eficaz para as rotinas di\u00e1rias de atendimento odontol\u00f3gico.<\/p>\n<h2 data-start=\"525\" data-end=\"564\">Benef\u00edcios do uso de um raspador de l\u00edngua<\/h2>\n<p data-start=\"565\" data-end=\"624\">A utiliza\u00e7\u00e3o desta ferramenta de higiene oral proporciona diversas vantagens:<\/p>\n<ul data-start=\"626\" data-end=\"978\">\n<li data-start=\"626\" data-end=\"699\">\n<p data-start=\"628\" data-end=\"699\"><strong data-start=\"628\" data-end=\"651\">Reduz a respira\u00e7\u00e3o ruim:<\/strong> Elimina eficazmente as bact\u00e9rias causadoras de odores.<\/p>\n<\/li>\n<li data-start=\"700\" data-end=\"774\">\n<p data-start=\"702\" data-end=\"774\"><strong data-start=\"702\" data-end=\"728\">Melhora a Higiene Oral:<\/strong> Evita o ac\u00famulo de microrganismos nocivos.<\/p>\n<\/li>\n<li data-start=\"775\" data-end=\"844\">\n<p data-start=\"777\" data-end=\"844\"><strong data-start=\"777\" data-end=\"807\">Melhora a experi\u00eancia do sabor:<\/strong> Promove um paladar mais fresco.<\/p>\n<\/li>\n<li data-start=\"845\" data-end=\"978\">\n<p data-start=\"847\" data-end=\"978\"><strong data-start=\"847\" data-end=\"875\">Suporta necessidades de neg\u00f3cios:<\/strong> Op\u00e7\u00f5es ecol\u00f3gicas e em massa s\u00e3o ideais para clientes B2B, cl\u00ednicas odontol\u00f3gicas e produtos de marca pr\u00f3pria.<\/p>\n<\/li>\n<\/ul>\n<p data-start=\"980\" data-end=\"1006\"><strong data-start=\"980\" data-end=\"1004\">Tabela de Vantagens B2B<\/strong><\/p>\n<div class=\"TyagGW_tableContainer\">\n<div class=\"group TyagGW_tableWrapper flex w-fit flex-col-reverse\" tabindex=\"-1\">\n<table class=\"w-fit min-w-(--thread-content-width)\" data-start=\"1008\" data-end=\"1384\">\n<thead data-start=\"1008\" data-end=\"1046\">\n<tr data-start=\"1008\" data-end=\"1046\">\n<th data-start=\"1008\" data-end=\"1018\" data-col-size=\"sm\">Recurso<\/th>\n<th data-start=\"1018\" data-end=\"1046\" data-col-size=\"md\">Benef\u00edcio para Empresas<\/th>\n<\/tr>\n<\/thead>\n<tbody data-start=\"1084\" data-end=\"1384\">\n<tr data-start=\"1084\" data-end=\"1156\">\n<td data-start=\"1084\" data-end=\"1098\" data-col-size=\"sm\">Fornecimento a granel<\/td>\n<td data-col-size=\"md\" data-start=\"1098\" data-end=\"1156\">Suporta grandes pedidos para distribuidores e varejistas<\/td>\n<\/tr>\n<tr data-start=\"1157\" data-end=\"1229\">\n<td data-start=\"1157\" data-end=\"1181\" data-col-size=\"sm\">Personaliza\u00e7\u00e3o OEM\/ODM<\/td>\n<td data-col-size=\"md\" data-start=\"1181\" data-end=\"1229\">Permite rotulagem privada para marcas odontol\u00f3gicas<\/td>\n<\/tr>\n<tr data-start=\"1230\" data-end=\"1305\">\n<td data-start=\"1230\" data-end=\"1255\" data-col-size=\"sm\">Materiais Ecol\u00f3gicos<\/td>\n<td data-col-size=\"md\" data-start=\"1255\" data-end=\"1305\">Apela a clientes ambientalmente conscientes<\/td>\n<\/tr>\n<tr data-start=\"1306\" data-end=\"1384\">\n<td data-start=\"1306\" data-end=\"1324\" data-col-size=\"sm\">Uso vers\u00e1til<\/td>\n<td data-start=\"1324\" data-end=\"1384\" data-col-size=\"md\">Adequado para cl\u00ednicas, kits de viagem e presentes corporativos<\/td>\n<\/tr>\n<\/tbody>\n<\/table>\n<\/div>\n<\/div>\n<h2 data-start=\"1391\" data-end=\"1426\">Caracter\u00edsticas do nosso limpador de l\u00edngua<\/h2>\n<p data-start=\"1427\" data-end=\"1509\">Esta ferramenta foi projetada com efic\u00e1cia e recursos f\u00e1ceis de usar em mente:<\/p>\n<ul data-start=\"1511\" data-end=\"1867\">\n<li data-start=\"1511\" data-end=\"1584\">\n<p data-start=\"1513\" data-end=\"1584\"><strong data-start=\"1513\" data-end=\"1538\">Al\u00e7a biodegrad\u00e1vel:<\/strong> Materiais ecol\u00f3gicos para uso sustent\u00e1vel.<\/p>\n<\/li>\n<li data-start=\"1585\" data-end=\"1647\">\n<p data-start=\"1587\" data-end=\"1647\"><strong data-start=\"1587\" data-end=\"1607\">Limpeza Suave:<\/strong> Limpa completamente sem irrita\u00e7\u00e3o.<\/p>\n<\/li>\n<li data-start=\"1648\" data-end=\"1718\">\n<p data-start=\"1650\" data-end=\"1718\"><strong data-start=\"1650\" data-end=\"1673\">Amig\u00e1vel ao uso di\u00e1rio:<\/strong> Seguro e eficaz para cuidados bucais di\u00e1rios.<\/p>\n<\/li>\n<li data-start=\"1719\" data-end=\"1791\">\n<p data-start=\"1721\" data-end=\"1791\"><strong data-start=\"1721\" data-end=\"1741\">Design port\u00e1til:<\/strong> Conveniente para viagens ou ambientes profissionais.<\/p>\n<\/li>\n<li data-start=\"1792\" data-end=\"1867\">\n<p data-start=\"1794\" data-end=\"1867\"><strong data-start=\"1794\" data-end=\"1808\">B2B pronto:<\/strong> Suporta compra em massa, OEM e marca pr\u00f3pria.<\/p>\n<\/li>\n<\/ul>\n<p data-start=\"1869\" data-end=\"1893\"><strong data-start=\"1869\" data-end=\"1891\">Lista de recursos r\u00e1pidos<\/strong><\/p>\n<ul data-start=\"1895\" data-end=\"2052\">\n<li data-start=\"1895\" data-end=\"1921\">\n<p data-start=\"1897\" data-end=\"1921\">Materiais ecol\u00f3gicos<\/p>\n<\/li>\n<li data-start=\"1922\" data-end=\"1953\">\n<p data-start=\"1924\" data-end=\"1953\">Adequado para limpeza di\u00e1ria<\/p>\n<\/li>\n<li data-start=\"1954\" data-end=\"1986\">\n<p data-start=\"1956\" data-end=\"1986\">Design ergon\u00f4mico confort\u00e1vel<\/p>\n<\/li>\n<li data-start=\"1987\" data-end=\"2017\">\n<p data-start=\"1989\" data-end=\"2017\">F\u00e1cil de limpar e manter<\/p>\n<\/li>\n<li data-start=\"2018\" data-end=\"2052\">\n<p data-start=\"2020\" data-end=\"2052\">Op\u00e7\u00f5es em massa e de marca pr\u00f3pria<\/p>\n<\/li>\n<\/ul>\n<h2 data-start=\"2059\" data-end=\"2074\">Como Usar<\/h2>\n<p data-start=\"2075\" data-end=\"2130\">A utiliza\u00e7\u00e3o desta ferramenta de higiene oral \u00e9 simples e eficiente:<\/p>\n<ul data-start=\"2132\" data-end=\"2311\">\n<li data-start=\"2132\" data-end=\"2179\">\n<p data-start=\"2134\" data-end=\"2179\">Segure o raspador na parte de tr\u00e1s da l\u00edngua.<\/p>\n<\/li>\n<li data-start=\"2180\" data-end=\"2222\">\n<p data-start=\"2182\" data-end=\"2222\">Puxe-o suavemente para a frente em dire\u00e7\u00e3o \u00e0 ponta.<\/p>\n<\/li>\n<li data-start=\"2223\" data-end=\"2251\">\n<p data-start=\"2225\" data-end=\"2251\">Enxaguar ap\u00f3s cada AVC.<\/p>\n<\/li>\n<li data-start=\"2252\" data-end=\"2311\">\n<p data-start=\"2254\" data-end=\"2311\">Repita conforme necess\u00e1rio para cobrir toda a superf\u00edcie da l\u00edngua.<\/p>\n<\/li>\n<\/ul>\n<p data-start=\"2313\" data-end=\"2408\">O uso regular garante uma boca mais saud\u00e1vel, h\u00e1lito mais fresco e melhor limpeza bucal geral.<\/p>\n<h2 data-start=\"2415\" data-end=\"2442\">Por que escolher nosso produto<\/h2>\n<p><img decoding=\"async\" class=\"size-medium wp-image-1194\" src=\"https:\/\/richsourcefloss.com\/wp-content\/uploads\/2025\/12\/screenshot_2025-12-26_15-59-04-278x300.png\" alt=\"Raspador de l\u00edngua\" width=\"278\" height=\"300\" srcset=\"https:\/\/richsourcefloss.com\/wp-content\/uploads\/2025\/12\/screenshot_2025-12-26_15-59-04-278x300.png 278w, https:\/\/richsourcefloss.com\/wp-content\/uploads\/2025\/12\/screenshot_2025-12-26_15-59-04-11x12.png 11w, https:\/\/richsourcefloss.com\/wp-content\/uploads\/2025\/12\/screenshot_2025-12-26_15-59-04.png 499w\" sizes=\"(max-width: 278px) 100vw, 278px\" \/><\/p>\n<p data-start=\"2443\" data-end=\"2536\">Esta ferramenta de limpeza de l\u00edngua combina sustentabilidade, praticidade e recursos amig\u00e1veis ao B2B:<\/p>\n<ul data-start=\"2538\" data-end=\"2852\">\n<li data-start=\"2538\" data-end=\"2596\">\n<p data-start=\"2540\" data-end=\"2596\"><strong data-start=\"2540\" data-end=\"2557\">Alta Qualidade:<\/strong> Dur\u00e1vel e suave para o uso di\u00e1rio.<\/p>\n<\/li>\n<li data-start=\"2597\" data-end=\"2678\">\n<p data-start=\"2599\" data-end=\"2678\"><strong data-start=\"2599\" data-end=\"2625\">Materiais Sustent\u00e1veis:<\/strong> Design biodegrad\u00e1vel para empresas ecologicamente conscientes.<\/p>\n<\/li>\n<li data-start=\"2679\" data-end=\"2760\">\n<p data-start=\"2681\" data-end=\"2760\"><strong data-start=\"2681\" data-end=\"2699\">Solu\u00e7\u00f5es B2B:<\/strong> O fornecimento em massa, OEM\/ODM, e op\u00e7\u00f5es da marca pr\u00f3pria dispon\u00edveis.<\/p>\n<\/li>\n<li data-start=\"2761\" data-end=\"2852\">\n<p data-start=\"2763\" data-end=\"2852\"><strong data-start=\"2763\" data-end=\"2787\">Apelo Profissional:<\/strong> Ideal para cl\u00ednicas odontol\u00f3gicas, distribuidores e clientes corporativos.<\/p>\n<\/li>\n<\/ul>\n<p data-start=\"2854\" data-end=\"3025\">N\u00e3o \u00e9 apenas uma solu\u00e7\u00e3o confi\u00e1vel para higiene bucal pessoal, mas tamb\u00e9m um produto valioso para empresas que buscam fornecer produtos de higiene bucal ecol\u00f3gicos e de alta qualidade.<\/p>\n<h2 data-start=\"3032\" data-end=\"3040\">Perguntas frequentes<\/h2>\n<p data-start=\"3042\" data-end=\"3225\"><strong data-start=\"3042\" data-end=\"3076\">P: Para que \u00e9 utilizado um raspador de l\u00edngua?<\/strong><br data-start=\"3076\" data-end=\"3079\" \/>R: Limpa a superf\u00edcie da l\u00edngua, removendo bact\u00e9rias, restos de alimentos e res\u00edduos metab\u00f3licos, ajudando a reduzir o mau h\u00e1lito e melhorar a higiene bucal.<\/p>\n<p data-start=\"3227\" data-end=\"3363\"><strong data-start=\"3227\" data-end=\"3260\">P: Com que frequ\u00eancia devo us\u00e1-lo?<\/strong><br data-start=\"3260\" data-end=\"3263\" \/>R: Para uma sa\u00fade bucal ideal, recomenda-se o uso di\u00e1rio, idealmente antes ou depois da escova\u00e7\u00e3o dos dentes.<\/p>\n<p data-start=\"3365\" data-end=\"3489\"><strong data-start=\"3365\" data-end=\"3400\">P: O raspador de l\u00edngua \u00e9 seguro para uso di\u00e1rio?<\/strong><br data-start=\"3400\" data-end=\"3403\" \/>R: Sim, \u00e9 suave, mas eficaz, tornando-o seguro para uso di\u00e1rio sem irrita\u00e7\u00e3o.<\/p>\n<p data-start=\"3491\" data-end=\"3647\"><strong data-start=\"3491\" data-end=\"3530\">P: As empresas podem comprar a granel?<\/strong><br data-start=\"3530\" data-end=\"3533\" \/>A: Absolutamente. \u00e9 apropriado para compras B2 B, fornecimento a granel, personaliza\u00e7\u00e3o OEM\/ODM, e marca de marca pr\u00f3pria.<\/p>\n<p data-start=\"3649\" data-end=\"3794\"><strong data-start=\"3649\" data-end=\"3685\">P: O raspador de l\u00edngua \u00e9 seguro para uso di\u00e1rio?<\/strong><br data-start=\"3685\" data-end=\"3688\" \/>R: Materiais ecol\u00f3gicos e biodegrad\u00e1veis garantem o uso sustent\u00e1vel para fins pessoais e comerciais.<\/p>\n<p data-start=\"3796\" data-end=\"3948\"><strong data-start=\"3796\" data-end=\"3843\">Q: Como deve ser limpo e mantido?<\/strong><br data-start=\"3843\" data-end=\"3846\" \/>A: Enx\u00e1gue com \u00e1gua ap\u00f3s cada uso Para uma limpeza completa, use sab\u00e3o suave e seque ao ar antes de armazenar.<\/p>\n<h2 data-start=\"3955\" data-end=\"3986\"><a href=\"https:\/\/richsourcefloss.com\/pt\/contact-us\/\">Contate-nos<\/a> para pedidos em massa<\/h2>\n<p><img decoding=\"async\" class=\"size-medium wp-image-1192\" src=\"https:\/\/richsourcefloss.com\/wp-content\/uploads\/2025\/12\/screenshot_2025-12-26_15-59-53-300x284.png\" alt=\"Raspador de l\u00edngua\" width=\"300\" height=\"284\" srcset=\"https:\/\/richsourcefloss.com\/wp-content\/uploads\/2025\/12\/screenshot_2025-12-26_15-59-53-300x284.png 300w, https:\/\/richsourcefloss.com\/wp-content\/uploads\/2025\/12\/screenshot_2025-12-26_15-59-53-13x12.png 13w, https:\/\/richsourcefloss.com\/wp-content\/uploads\/2025\/12\/screenshot_2025-12-26_15-59-53-600x567.png 600w, https:\/\/richsourcefloss.com\/wp-content\/uploads\/2025\/12\/screenshot_2025-12-26_15-59-53.png 733w\" sizes=\"(max-width: 300px) 100vw, 300px\" \/><\/p>\n<p data-start=\"3987\" data-end=\"4198\">Olhando para a fonte de produtos de limpeza de l\u00edngua de alta qualidade para o seu neg\u00f3cio? se voc\u00ea \u00e9 um distribuidor, cl\u00ednica odontol\u00f3gica ou varejista, n\u00f3s fornecemos fornecimento em massa, personaliza\u00e7\u00e3o OEM\/ODM e solu\u00e7\u00f5es de marca pr\u00f3pria.<\/p>\n<p data-start=\"4200\" data-end=\"4301\">Comece a fornecer aos seus clientes produtos ecol\u00f3gicos e eleve hoje mesmo suas ofertas de cuidados bucais!<\/p>","protected":false},"excerpt":{"rendered":"<p>Um limpador de l\u00edngua \u00e9 um acess\u00f3rio de higiene bucal usado para limpar a superf\u00edcie da l\u00edngua. Ao remover suavemente bact\u00e9rias, restos de comida e res\u00edduos metab\u00f3licos da superf\u00edcie da l\u00edngua, ele ajuda a reduzir o mau h\u00e1lito e melhora a higiene bucal em geral. Como complemento \u00e0 escova\u00e7\u00e3o di\u00e1ria, o limpador de l\u00edngua ajuda a melhorar o h\u00e1lito e a manter a sa\u00fade bucal.<\/p>\n<p><strong><span style=\"color: #00985f;\">\u221a<\/span><\/strong> Limpador de l\u00edngua com cabo biodegrad\u00e1vel<br \/>\n<strong><span style=\"color: #00985f;\">\u221a<\/span><\/strong> Raspador de l\u00edngua biodegrad\u00e1vel<br \/>\n<strong><span style=\"color: #00985f;\">\u221a<\/span><\/strong> Escova de l\u00edngua ecol\u00f3gica<br \/>\n<strong><span style=\"color: #00985f;\">\u221a<\/span><\/strong> Raspador de l\u00edngua para higiene oral di\u00e1ria<\/p>","protected":false},"featured_media":689,"comment_status":"open","ping_status":"closed","template":"","meta":[],"product_brand":[],"product_cat":[16],"product_tag":[],"class_list":{"0":"post-688","1":"product","2":"type-product","3":"status-publish","4":"has-post-thumbnail","6":"product_cat-uncategorized","8":"first","9":"instock","10":"shipping-taxable","11":"product-type-simple"},"_links":{"self":[{"href":"https:\/\/richsourcefloss.com\/pt\/wp-json\/wp\/v2\/product\/688","targetHints":{"allow":["GET"]}}],"collection":[{"href":"https:\/\/richsourcefloss.com\/pt\/wp-json\/wp\/v2\/product"}],"about":[{"href":"https:\/\/richsourcefloss.com\/pt\/wp-json\/wp\/v2\/types\/product"}],"replies":[{"embeddable":true,"href":"https:\/\/richsourcefloss.com\/pt\/wp-json\/wp\/v2\/comments?post=688"}],"wp:featuredmedia":[{"embeddable":true,"href":"https:\/\/richsourcefloss.com\/pt\/wp-json\/wp\/v2\/media\/689"}],"wp:attachment":[{"href":"https:\/\/richsourcefloss.com\/pt\/wp-json\/wp\/v2\/media?parent=688"}],"wp:term":[{"taxonomy":"product_brand","embeddable":true,"href":"https:\/\/richsourcefloss.com\/pt\/wp-json\/wp\/v2\/product_brand?post=688"},{"taxonomy":"product_cat","embeddable":true,"href":"https:\/\/richsourcefloss.com\/pt\/wp-json\/wp\/v2\/product_cat?post=688"},{"taxonomy":"product_tag","embeddable":true,"href":"https:\/\/richsourcefloss.com\/pt\/wp-json\/wp\/v2\/product_tag?post=688"}],"curies":[{"name":"wp","href":"https:\/\/api.w.org\/{rel}","templated":true}]}}