{"id":709,"date":"2025-12-18T03:01:54","date_gmt":"2025-12-18T03:01:54","guid":{"rendered":"https:\/\/richsourcefloss.com\/?post_type=product&#038;p=709"},"modified":"2025-12-29T06:35:22","modified_gmt":"2025-12-29T06:35:22","slug":"plastic-fishbone-shaped-toothpicks","status":"publish","type":"product","link":"https:\/\/richsourcefloss.com\/pt\/product\/plastic-fishbone-shaped-toothpicks\/","title":{"rendered":"Palitos de dente de pl\u00e1stico em formato de espinha de peixe"},"content":{"rendered":"<h2 data-start=\"78\" data-end=\"125\">O que \u00e9 um palito de dente em formato de espinha de peixe de pl\u00e1stico?<\/h2>\n<p><img fetchpriority=\"high\" decoding=\"async\" class=\"size-medium wp-image-1242\" src=\"https:\/\/richsourcefloss.com\/wp-content\/uploads\/2025\/12\/screenshot_2025-12-29_11-41-34-300x285.png\" alt=\"Palitos de dente\" width=\"300\" height=\"285\" srcset=\"https:\/\/richsourcefloss.com\/wp-content\/uploads\/2025\/12\/screenshot_2025-12-29_11-41-34-300x285.png 300w, https:\/\/richsourcefloss.com\/wp-content\/uploads\/2025\/12\/screenshot_2025-12-29_11-41-34-13x12.png 13w, https:\/\/richsourcefloss.com\/wp-content\/uploads\/2025\/12\/screenshot_2025-12-29_11-41-34.png 483w\" sizes=\"(max-width: 300px) 100vw, 300px\" \/><\/p>\n<p data-start=\"127\" data-end=\"579\">Palitos de dente em forma de espinha de peixe de pl\u00e1stico s\u00e3o ferramentas inovadoras de higiene bucal projetadas com uma estrutura \u00fanica de espinha de peixe, normalmente feita de pl\u00e1stico de qualidade alimentar Eles s\u00e3o ideais para remover restos de alimentos entre os dentes, oferecendo uma solu\u00e7\u00e3o simples e eficaz para limpeza interdental direcionada O corpo esbelto e a ponta pontiaguda facilitam o acesso a espa\u00e7os apertados, tornando-os perfeitos para uso ap\u00f3s as refei\u00e7\u00f5es, durante a viagem ou como parte das rotinas di\u00e1rias de cuidados bucais.<\/p>\n<h2 data-start=\"586\" data-end=\"626\">Benef\u00edcios do uso de palitos de peixe<\/h2>\n<p data-start=\"628\" data-end=\"733\">O uso de palitos em forma de espinha de peixe proporciona m\u00faltiplas vantagens para a higiene oral pessoal e profissional:<\/p>\n<ul data-start=\"735\" data-end=\"1072\">\n<li data-start=\"735\" data-end=\"803\">\n<p data-start=\"737\" data-end=\"803\"><strong data-start=\"737\" data-end=\"761\">Remove Detritos Alimentares:<\/strong> Limpa \u00e1reas que as escovas de dentes n\u00e3o conseguem alcan\u00e7ar.<\/p>\n<\/li>\n<li data-start=\"804\" data-end=\"886\">\n<p data-start=\"806\" data-end=\"886\"><strong data-start=\"806\" data-end=\"830\">Suporta Gum Health:<\/strong> Ajuda a prevenir o ac\u00famulo de placa bacteriana e irrita\u00e7\u00e3o gengival.<\/p>\n<\/li>\n<li data-start=\"887\" data-end=\"965\">\n<p data-start=\"889\" data-end=\"965\"><strong data-start=\"889\" data-end=\"917\">Port\u00e1til e conveniente:<\/strong> Leve, descart\u00e1vel e f\u00e1cil de viajar.<\/p>\n<\/li>\n<li data-start=\"966\" data-end=\"1072\">\n<p data-start=\"968\" data-end=\"1072\"><strong data-start=\"968\" data-end=\"993\">Op\u00e7\u00f5es personaliz\u00e1veis:<\/strong> Ideal para empresas que buscam solu\u00e7\u00f5es ecol\u00f3gicas, em massa ou de marca pr\u00f3pria.<\/p>\n<\/li>\n<\/ul>\n<h2 data-start=\"1079\" data-end=\"1090\">Caracter\u00edsticas<\/h2>\n<p><img decoding=\"async\" class=\"alignnone size-medium wp-image-1244\" src=\"https:\/\/richsourcefloss.com\/wp-content\/uploads\/2025\/12\/screenshot_2025-12-29_11-41-42-230x300.png\" alt=\"Palitos de dente\" width=\"230\" height=\"300\" srcset=\"https:\/\/richsourcefloss.com\/wp-content\/uploads\/2025\/12\/screenshot_2025-12-29_11-41-42-230x300.png 230w, https:\/\/richsourcefloss.com\/wp-content\/uploads\/2025\/12\/screenshot_2025-12-29_11-41-42-9x12.png 9w, https:\/\/richsourcefloss.com\/wp-content\/uploads\/2025\/12\/screenshot_2025-12-29_11-41-42.png 454w\" sizes=\"(max-width: 230px) 100vw, 230px\" \/><\/p>\n<p data-start=\"1092\" data-end=\"1177\">Estes palitos s\u00e3o projetados para uma limpeza eficaz e solu\u00e7\u00f5es favor\u00e1veis aos neg\u00f3cios:<\/p>\n<ul data-start=\"1179\" data-end=\"1553\">\n<li data-start=\"1179\" data-end=\"1266\">\n<p data-start=\"1181\" data-end=\"1266\"><strong data-start=\"1181\" data-end=\"1207\">Dica esbelta e pontiaguda:<\/strong> Acessos apertados espa\u00e7os interdentais para uma limpeza completa.<\/p>\n<\/li>\n<li data-start=\"1267\" data-end=\"1343\">\n<p data-start=\"1269\" data-end=\"1343\"><strong data-start=\"1269\" data-end=\"1295\">Descart\u00e1vel e Higi\u00eanico:<\/strong> O design de uso \u00fanico reduz o risco de contamina\u00e7\u00e3o.<\/p>\n<\/li>\n<li data-start=\"1344\" data-end=\"1422\">\n<p data-start=\"1346\" data-end=\"1422\"><strong data-start=\"1346\" data-end=\"1371\">Op\u00e7\u00f5es ecol\u00f3gicas:<\/strong> Feito de materiais recicl\u00e1veis ou biodegrad\u00e1veis.<\/p>\n<\/li>\n<li data-start=\"1423\" data-end=\"1471\">\n<p data-start=\"1425\" data-end=\"1471\"><strong data-start=\"1425\" data-end=\"1450\">Adequado para crian\u00e7as e adultos:<\/strong> Seguro para todas as idades.<\/p>\n<\/li>\n<li data-start=\"1472\" data-end=\"1553\">\n<p data-start=\"1474\" data-end=\"1553\"><strong data-start=\"1474\" data-end=\"1500\">Logotipo personalizado dispon\u00edvel:<\/strong> Perfeito para fins de marca pr\u00f3pria ou promocionais.<\/p>\n<\/li>\n<\/ul>\n<h2 data-start=\"1560\" data-end=\"1585\">Tabela de Compara\u00e7\u00e3o R\u00e1pida<\/h2>\n<div class=\"TyagGW_tableContainer\">\n<div class=\"group TyagGW_tableWrapper flex w-fit flex-col-reverse\" tabindex=\"-1\">\n<table class=\"w-fit min-w-(--thread-content-width)\" data-start=\"1587\" data-end=\"2131\">\n<thead data-start=\"1587\" data-end=\"1623\">\n<tr data-start=\"1587\" data-end=\"1623\">\n<th data-start=\"1587\" data-end=\"1597\" data-col-size=\"sm\">Recurso<\/th>\n<th data-start=\"1597\" data-end=\"1611\" data-col-size=\"md\">Descri\u00e7\u00e3o<\/th>\n<th data-start=\"1611\" data-end=\"1623\" data-col-size=\"md\">Benef\u00edcios<\/th>\n<\/tr>\n<\/thead>\n<tbody data-start=\"1660\" data-end=\"2131\">\n<tr data-start=\"1660\" data-end=\"1728\">\n<td data-start=\"1660\" data-end=\"1668\" data-col-size=\"sm\">Forma<\/td>\n<td data-col-size=\"md\" data-start=\"1668\" data-end=\"1689\">Estrutura espinha de peixe<\/td>\n<td data-col-size=\"md\" data-start=\"1689\" data-end=\"1728\">Acesso mais f\u00e1cil aos espa\u00e7os interdentais<\/td>\n<\/tr>\n<tr data-start=\"1729\" data-end=\"1824\">\n<td data-start=\"1729\" data-end=\"1740\" data-col-size=\"sm\">Material<\/td>\n<td data-col-size=\"md\" data-start=\"1740\" data-end=\"1799\">Pl\u00e1stico de qualidade alimentar (op\u00e7\u00e3o para recicl\u00e1vel\/biodegrad\u00e1vel)<\/td>\n<td data-col-size=\"md\" data-start=\"1799\" data-end=\"1824\">Seguro e eco-amig\u00e1vel<\/td>\n<\/tr>\n<tr data-start=\"1825\" data-end=\"1899\">\n<td data-start=\"1825\" data-end=\"1834\" data-col-size=\"sm\">Design<\/td>\n<td data-start=\"1834\" data-end=\"1857\" data-col-size=\"md\">Ponta esbelta e pontiaguda<\/td>\n<td data-col-size=\"md\" data-start=\"1857\" data-end=\"1899\">Limpeza completa sem ferir as gengivas<\/td>\n<\/tr>\n<tr data-start=\"1900\" data-end=\"1973\">\n<td data-start=\"1900\" data-end=\"1908\" data-col-size=\"sm\">Uso<\/td>\n<td data-col-size=\"md\" data-start=\"1908\" data-end=\"1932\">Descart\u00e1vel e higi\u00eanico<\/td>\n<td data-col-size=\"md\" data-start=\"1932\" data-end=\"1973\">Conveniente para uso di\u00e1rio ou em movimento<\/td>\n<\/tr>\n<tr data-start=\"1974\" data-end=\"2068\">\n<td data-start=\"1974\" data-end=\"1990\" data-col-size=\"sm\">Personaliza\u00e7\u00e3o<\/td>\n<td data-col-size=\"md\" data-start=\"1990\" data-end=\"2019\">Logotipo &amp; embalagem dispon\u00edvel<\/td>\n<td data-col-size=\"md\" data-start=\"2019\" data-end=\"2068\">Ideal para B2 B, cl\u00ednicas odontol\u00f3gicas e promo\u00e7\u00f5es<\/td>\n<\/tr>\n<tr data-start=\"2069\" data-end=\"2131\">\n<td data-start=\"2069\" data-end=\"2081\" data-col-size=\"sm\">Faixa et\u00e1ria<\/td>\n<td data-col-size=\"md\" data-start=\"2081\" data-end=\"2097\">Crian\u00e7as e adultos<\/td>\n<td data-col-size=\"md\" data-start=\"2097\" data-end=\"2131\">Seguro e adequado para todos<\/td>\n<\/tr>\n<\/tbody>\n<\/table>\n<\/div>\n<\/div>\n<h2 data-start=\"2138\" data-end=\"2151\">Como Usar<\/h2>\n<ol data-start=\"2153\" data-end=\"2386\">\n<li data-start=\"2153\" data-end=\"2194\">\n<p data-start=\"2156\" data-end=\"2194\">Retire um palito da embalagem.<\/p>\n<\/li>\n<li data-start=\"2195\" data-end=\"2273\">\n<p data-start=\"2198\" data-end=\"2273\">Insira suavemente a ponta pontiaguda entre os dentes onde h\u00e1 restos de comida.<\/p>\n<\/li>\n<li data-start=\"2274\" data-end=\"2347\">\n<p data-start=\"2277\" data-end=\"2347\">Deslize ou tor\u00e7a cuidadosamente para desalojar part\u00edculas sem prejudicar as gengivas.<\/p>\n<\/li>\n<li data-start=\"2348\" data-end=\"2386\">\n<p data-start=\"2351\" data-end=\"2386\">Descarte ap\u00f3s o uso para higiene.<\/p>\n<\/li>\n<\/ol>\n<p data-start=\"2388\" data-end=\"2478\"><em data-start=\"2388\" data-end=\"2394\">Dica:<\/em> O uso regular ap\u00f3s as refei\u00e7\u00f5es suporta dentes mais limpos, gengivas mais saud\u00e1veis e h\u00e1lito mais fresco.<\/p>\n<h2 data-start=\"2485\" data-end=\"2522\">Por que escolher nossos palitos de peixe<\/h2>\n<p><img decoding=\"async\" class=\"alignnone size-medium wp-image-1245\" src=\"https:\/\/richsourcefloss.com\/wp-content\/uploads\/2025\/12\/screenshot_2025-12-29_11-41-48-221x300.png\" alt=\"Palitos de dente\" width=\"221\" height=\"300\" srcset=\"https:\/\/richsourcefloss.com\/wp-content\/uploads\/2025\/12\/screenshot_2025-12-29_11-41-48-221x300.png 221w, https:\/\/richsourcefloss.com\/wp-content\/uploads\/2025\/12\/screenshot_2025-12-29_11-41-48-9x12.png 9w, https:\/\/richsourcefloss.com\/wp-content\/uploads\/2025\/12\/screenshot_2025-12-29_11-41-48.png 411w\" sizes=\"(max-width: 221px) 100vw, 221px\" \/><\/p>\n<p data-start=\"2524\" data-end=\"2613\">Esta solu\u00e7\u00e3o de higiene oral combina qualidade, conveni\u00eancia e recursos de neg\u00f3cios:<\/p>\n<ul data-start=\"2615\" data-end=\"2950\">\n<li data-start=\"2615\" data-end=\"2675\">\n<p data-start=\"2617\" data-end=\"2675\"><strong data-start=\"2617\" data-end=\"2634\">Alta Qualidade:<\/strong> Feito com pl\u00e1stico dur\u00e1vel e de qualidade alimentar.<\/p>\n<\/li>\n<li data-start=\"2676\" data-end=\"2769\">\n<p data-start=\"2678\" data-end=\"2769\"><strong data-start=\"2678\" data-end=\"2705\">Materiais Ecol\u00f3gicos:<\/strong> Op\u00e7\u00f5es dispon\u00edveis para produ\u00e7\u00e3o recicl\u00e1vel ou biodegrad\u00e1vel.<\/p>\n<\/li>\n<li data-start=\"2770\" data-end=\"2847\">\n<p data-start=\"2772\" data-end=\"2847\"><strong data-start=\"2772\" data-end=\"2790\">Solu\u00e7\u00f5es B2B:<\/strong> Fornecimento em massa, logotipos personalizados e servi\u00e7os de marca pr\u00f3pria.<\/p>\n<\/li>\n<li data-start=\"2848\" data-end=\"2950\">\n<p data-start=\"2850\" data-end=\"2950\"><strong data-start=\"2850\" data-end=\"2874\">Apelo Profissional:<\/strong> Perfeito para cl\u00ednicas odontol\u00f3gicas, varejistas, distribuidores e uso promocional.<\/p>\n<\/li>\n<\/ul>\n<h2 data-start=\"2957\" data-end=\"2963\">Perguntas frequentes<\/h2>\n<p data-start=\"2965\" data-end=\"3097\"><strong data-start=\"2965\" data-end=\"3017\">P: Para que s\u00e3o usados palitos em forma de espinha de peixe?<\/strong><br data-start=\"3017\" data-end=\"3020\" \/>R: Eles removem restos de comida entre os dentes e ajudam a manter a sa\u00fade das gengivas.<\/p>\n<p data-start=\"3099\" data-end=\"3209\"><strong data-start=\"3099\" data-end=\"3141\">P: Esses palitos s\u00e3o seguros para crian\u00e7as?<\/strong><br data-start=\"3141\" data-end=\"3144\" \/>R: Sim, est\u00e3o dispon\u00edveis vers\u00f5es adequadas para crian\u00e7as especialmente projetadas.<\/p>\n<p data-start=\"3211\" data-end=\"3353\"><strong data-start=\"3211\" data-end=\"3268\">Q: As empresas podem encomendar em massa ou com logotipos personalizados?<\/strong><br data-start=\"3268\" data-end=\"3271\" \/>A: Absolutamente. n\u00f3s fornecemos a fonte maioria, servi\u00e7os do privado-r\u00f3tulo, e logotipos feitos sob encomenda.<\/p>\n<p data-start=\"3355\" data-end=\"3485\"><strong data-start=\"3355\" data-end=\"3393\">Q: S\u00e3o os materiais eco-amig\u00e1veis?<\/strong><br data-start=\"3393\" data-end=\"3396\" \/>R: Sim, as op\u00e7\u00f5es incluem pl\u00e1stico recicl\u00e1vel e biodegrad\u00e1vel para cuidados bucais sustent\u00e1veis.<\/p>\n<p data-start=\"3487\" data-end=\"3632\"><strong data-start=\"3487\" data-end=\"3533\">P: Os adultos podem usar esses palitos com seguran\u00e7a?<\/strong><br data-start=\"3533\" data-end=\"3536\" \/>R: Sim, eles s\u00e3o adequados para adultos, proporcionando uma limpeza interdental conveniente e eficaz.<\/p>\n<p><strong>Q: S\u00e3o os materiais eco-amig\u00e1veis?<\/strong><br \/>\nR: Sim, as op\u00e7\u00f5es incluem pl\u00e1stico recicl\u00e1vel e biodegrad\u00e1vel para apoiar cuidados bucais sustent\u00e1veis.<\/p>\n<p><strong>Q: As empresas podem encomendar em massa?<\/strong><br \/>\nA: Absolutamente. n\u00f3s fornecemos a fonte de grande volume apropriada para distribuidores, cl\u00ednicas dent\u00e1rias, e varejistas.<\/p>\n<p><strong>P: A marca pr\u00f3pria est\u00e1 dispon\u00edvel para minha marca?<\/strong><br \/>\nA: Sim, n\u00f3s oferecemos logotipos e empacotamento feitos sob encomenda, fazendo f\u00e1cil vender sob seu pr\u00f3prio tipo.<\/p>\n<p><strong>Q: Pode a embalagem ser personalizada para fins promocionais?<\/strong><br \/>\nR: Sim, voc\u00ea pode selecionar entre v\u00e1rios designs de embalagens, materiais e op\u00e7\u00f5es de impress\u00e3o para se adequar \u00e0s campanhas de marketing.<\/p>\n<p>Q: Que \u00e9 a quantidade m\u00ednima da ordem (MOQ) para ordens em grandes quantidades?<br \/>\nR: O MOQ varia dependendo das op\u00e7\u00f5es de personaliza\u00e7\u00e3o, mas oferecemos solu\u00e7\u00f5es flex\u00edveis para atender pedidos pequenos e grandes.<\/p>\n<p><strong>Q: Existem diferentes tamanhos ou projetos de ponta para diferentes mercados?<\/strong><br \/>\nR: Sim, oferecemos op\u00e7\u00f5es como vers\u00f5es adequadas para crian\u00e7as, tamanhos adultos padr\u00e3o e dicas extrafinas para gengivas sens\u00edveis.<\/p>\n<p><strong>P: Os palitos podem ser feitos em materiais ecol\u00f3gicos para uma linha de produtos verdes?<\/strong><br \/>\nA: Absolutamente. oferecemos materiais recicl\u00e1veis e biodegrad\u00e1veis para atender \u00e0s demandas do mercado eco-consciente.<\/p>\n<h2 data-start=\"3639\" data-end=\"3668\">Contate-nos para pedidos em massa<\/h2>\n<p data-start=\"3670\" data-end=\"3886\">Olhando para a fonte de palitos em forma de espinha de peixe de alta qualidade para o seu neg\u00f3cio? se voc\u00ea \u00e9 um distribuidor, cl\u00ednica odontol\u00f3gica ou varejista, n\u00f3s fornecemos fornecimento em massa, personaliza\u00e7\u00e3o de marca pr\u00f3pria e op\u00e7\u00f5es ecol\u00f3gicas.<\/p>\n<p data-start=\"3888\" data-end=\"3988\"><strong data-start=\"3888\" data-end=\"3986\">Comece a fornecer aos seus clientes ferramentas de higiene bucal convenientes, higi\u00eanicas e sustent\u00e1veis hoje mesmo!<\/strong><\/p>","protected":false},"excerpt":{"rendered":"<p>Palitos de dente em formato de espinha de peixe, feitos de pl\u00e1stico, s\u00e3o ferramentas de higiene bucal com formato semelhante a uma espinha de peixe, geralmente produzidos com pl\u00e1stico pr\u00f3prio para contato com alimentos, e utilizados para remover restos de comida entre os dentes. Sua estrutura fina e ponta afiada permitem f\u00e1cil acesso aos espa\u00e7os interdentais para uma limpeza precisa, tornando-os ideais para cuidados bucais tempor\u00e1rios ap\u00f3s as refei\u00e7\u00f5es.<\/p>\n<p><strong><span style=\"color: #00985f;\">\u221a<\/span><\/strong> Palitos de dente<br \/>\n<strong><span style=\"color: #00985f;\">\u221a<\/span><\/strong> Palito de dente descart\u00e1vel<br \/>\n<strong><span style=\"color: #00985f;\">\u221a<\/span><\/strong> Palito de dente ecol\u00f3gico<br \/>\n<strong><span style=\"color: #00985f;\">\u221a<\/span><\/strong> Palito de dente infantil<br \/>\n<strong><span style=\"color: #00985f;\">\u221a<\/span><\/strong> Palito de dente adulto<br \/>\n<strong><span style=\"color: #00985f;\">\u221a<\/span><\/strong> Palito de dente com logotipo personalizado<\/p>","protected":false},"featured_media":710,"comment_status":"open","ping_status":"closed","template":"","meta":[],"product_brand":[],"product_cat":[16],"product_tag":[],"class_list":{"0":"post-709","1":"product","2":"type-product","3":"status-publish","4":"has-post-thumbnail","6":"product_cat-uncategorized","8":"first","9":"instock","10":"shipping-taxable","11":"product-type-simple"},"_links":{"self":[{"href":"https:\/\/richsourcefloss.com\/pt\/wp-json\/wp\/v2\/product\/709","targetHints":{"allow":["GET"]}}],"collection":[{"href":"https:\/\/richsourcefloss.com\/pt\/wp-json\/wp\/v2\/product"}],"about":[{"href":"https:\/\/richsourcefloss.com\/pt\/wp-json\/wp\/v2\/types\/product"}],"replies":[{"embeddable":true,"href":"https:\/\/richsourcefloss.com\/pt\/wp-json\/wp\/v2\/comments?post=709"}],"wp:featuredmedia":[{"embeddable":true,"href":"https:\/\/richsourcefloss.com\/pt\/wp-json\/wp\/v2\/media\/710"}],"wp:attachment":[{"href":"https:\/\/richsourcefloss.com\/pt\/wp-json\/wp\/v2\/media?parent=709"}],"wp:term":[{"taxonomy":"product_brand","embeddable":true,"href":"https:\/\/richsourcefloss.com\/pt\/wp-json\/wp\/v2\/product_brand?post=709"},{"taxonomy":"product_cat","embeddable":true,"href":"https:\/\/richsourcefloss.com\/pt\/wp-json\/wp\/v2\/product_cat?post=709"},{"taxonomy":"product_tag","embeddable":true,"href":"https:\/\/richsourcefloss.com\/pt\/wp-json\/wp\/v2\/product_tag?post=709"}],"curies":[{"name":"wp","href":"https:\/\/api.w.org\/{rel}","templated":true}]}}